{"id":5912,"date":"2024-09-26T23:54:12","date_gmt":"2024-09-26T23:54:12","guid":{"rendered":"https:\/\/relogios-online.com\/produto\/casio-baby-g-digital-resin-strap-mint-green-dial-quartz-bgd-10-3-100m-relogio-feminino\/"},"modified":"2024-09-27T00:05:33","modified_gmt":"2024-09-27T00:05:33","slug":"casio-baby-g-digital-resin-strap-mint-green-dial-quartz-bgd-10-3-100m-relogio-feminino","status":"publish","type":"product","link":"https:\/\/relogios-online.com\/en\/product\/casio-baby-g-digital-resin-strap-mint-green-dial-quartz-bgd-10-3-100m-womens-watch\/","title":{"rendered":"Casio Baby-G Digital Resin Strap Mint Green Dial Quartz BGD-10-3 100M Women&#039;s Watch"},"content":{"rendered":"<p>Features: Resin case Resin strap Quartz movement Mineral crystal Mint green dial Digital display Shock resistant World time 1\/100th-second stopwatch Countdown timer 5 Daily alarms Hourly time signal LED backlight Full Auto-Calendar Button operation tone on\/off 12\/24-hour display Month, day and date display Screw-down back case Buckle clasp 100M water resistance Approximate case diameter: 39.00mm Approximate case thickness: 14.70mm<\/p>","protected":false},"excerpt":{"rendered":"<p>Caracter\u00edsticas: Estojo de resina Pulseira de resina Movimento de quartzo Cristal Mineral Mostrador verde menta Exibi\u00e7\u00e3o digital Resistente a choques<\/p>","protected":false},"featured_media":5911,"comment_status":"open","ping_status":"closed","template":"","meta":[],"product_brand":[],"product_cat":[20],"product_tag":[],"class_list":{"0":"post-5912","1":"product","2":"type-product","3":"status-publish","4":"has-post-thumbnail","6":"product_cat-sem-categoria","8":"first","9":"instock","10":"sale","11":"shipping-taxable","12":"purchasable","13":"product-type-variable"},"jetpack_sharing_enabled":true,"_links":{"self":[{"href":"https:\/\/relogios-online.com\/en\/wp-json\/wp\/v2\/product\/5912","targetHints":{"allow":["GET"]}}],"collection":[{"href":"https:\/\/relogios-online.com\/en\/wp-json\/wp\/v2\/product"}],"about":[{"href":"https:\/\/relogios-online.com\/en\/wp-json\/wp\/v2\/types\/product"}],"replies":[{"embeddable":true,"href":"https:\/\/relogios-online.com\/en\/wp-json\/wp\/v2\/comments?post=5912"}],"version-history":[{"count":0,"href":"https:\/\/relogios-online.com\/en\/wp-json\/wp\/v2\/product\/5912\/revisions"}],"wp:featuredmedia":[{"embeddable":true,"href":"https:\/\/relogios-online.com\/en\/wp-json\/wp\/v2\/media\/5911"}],"wp:attachment":[{"href":"https:\/\/relogios-online.com\/en\/wp-json\/wp\/v2\/media?parent=5912"}],"wp:term":[{"taxonomy":"product_brand","embeddable":true,"href":"https:\/\/relogios-online.com\/en\/wp-json\/wp\/v2\/product_brand?post=5912"},{"taxonomy":"product_cat","embeddable":true,"href":"https:\/\/relogios-online.com\/en\/wp-json\/wp\/v2\/product_cat?post=5912"},{"taxonomy":"product_tag","embeddable":true,"href":"https:\/\/relogios-online.com\/en\/wp-json\/wp\/v2\/product_tag?post=5912"}],"curies":[{"name":"wp","href":"https:\/\/api.w.org\/{rel}","templated":true}]}}