{"id":6042,"date":"2024-09-27T00:39:27","date_gmt":"2024-09-27T00:39:27","guid":{"rendered":"https:\/\/relogios-online.com\/produto\/relogio-feminino-casio-g-shock-analogico-digital-com-base-biologica-em-resina-branca-mostrador-prateado-quartzo-gma-s120va-7a-20\/"},"modified":"2024-09-27T00:40:02","modified_gmt":"2024-09-27T00:40:02","slug":"relogio-feminino-casio-g-shock-analogico-digital-com-base-biologica-em-resina-branca-mostrador-prateado-quartzo-gma-s120va-7a-20","status":"publish","type":"product","link":"https:\/\/relogios-online.com\/en\/product\/casio-g-shock-analog-digital-womens-watch-with-biological-base-in-white-resin-silver-dial-quartz-gma-s120va-7a-20\/","title":{"rendered":"Casio G-Shock Women&#039;s Analog Digital Bio-Based White Resin Silver Dial Quartz Watch GMA-S120VA-7A 20"},"content":{"rendered":"<p>Features: White bio-based resin case White bio-based resin strap Quartz movement Mineral crystal Silver dial Analog digital display Shock resistant Magnetic resistant Neobrite World time 29 time zones 1\/1000-second stopwatch Countdown timer 5 daily alarms Hourly time signal LED light Regular timekeeping Fully automatic calendar 12\/24-hour display Luminous hands Day and date display Screw-down case back Buckle clasp 200m water resistance Approximate case diameter: 45.90mm Approximate case thickness: 15.80mm<\/p>","protected":false},"excerpt":{"rendered":"<p>Caracter\u00edsticas: Estojo de resina branca de base biol\u00f3gica Correia de resina branca de base biol\u00f3gica Movimento de Quartzo Cristal mineral<\/p>","protected":false},"featured_media":6041,"comment_status":"open","ping_status":"closed","template":"","meta":[],"product_brand":[],"product_cat":[20],"product_tag":[],"class_list":{"0":"post-6042","1":"product","2":"type-product","3":"status-publish","4":"has-post-thumbnail","6":"product_cat-sem-categoria","8":"first","9":"instock","10":"sale","11":"shipping-taxable","12":"purchasable","13":"product-type-variable"},"jetpack_sharing_enabled":true,"_links":{"self":[{"href":"https:\/\/relogios-online.com\/en\/wp-json\/wp\/v2\/product\/6042","targetHints":{"allow":["GET"]}}],"collection":[{"href":"https:\/\/relogios-online.com\/en\/wp-json\/wp\/v2\/product"}],"about":[{"href":"https:\/\/relogios-online.com\/en\/wp-json\/wp\/v2\/types\/product"}],"replies":[{"embeddable":true,"href":"https:\/\/relogios-online.com\/en\/wp-json\/wp\/v2\/comments?post=6042"}],"version-history":[{"count":0,"href":"https:\/\/relogios-online.com\/en\/wp-json\/wp\/v2\/product\/6042\/revisions"}],"wp:featuredmedia":[{"embeddable":true,"href":"https:\/\/relogios-online.com\/en\/wp-json\/wp\/v2\/media\/6041"}],"wp:attachment":[{"href":"https:\/\/relogios-online.com\/en\/wp-json\/wp\/v2\/media?parent=6042"}],"wp:term":[{"taxonomy":"product_brand","embeddable":true,"href":"https:\/\/relogios-online.com\/en\/wp-json\/wp\/v2\/product_brand?post=6042"},{"taxonomy":"product_cat","embeddable":true,"href":"https:\/\/relogios-online.com\/en\/wp-json\/wp\/v2\/product_cat?post=6042"},{"taxonomy":"product_tag","embeddable":true,"href":"https:\/\/relogios-online.com\/en\/wp-json\/wp\/v2\/product_tag?post=6042"}],"curies":[{"name":"wp","href":"https:\/\/api.w.org\/{rel}","templated":true}]}}