{"id":6112,"date":"2024-09-27T01:01:30","date_gmt":"2024-09-27T01:01:30","guid":{"rendered":"https:\/\/relogios-online.com\/produto\/relogio-feminino-casio-g-shock-analogico-digital-itzy-colaboracao-luz-rosa-mostrador-quartzo-gma-p2100it-4a-200m\/"},"modified":"2024-09-27T01:02:12","modified_gmt":"2024-09-27T01:02:12","slug":"relogio-feminino-casio-g-shock-analogico-digital-itzy-colaboracao-luz-rosa-mostrador-quartzo-gma-p2100it-4a-200m","status":"publish","type":"product","link":"https:\/\/relogios-online.com\/en\/product\/casio-g-shock-analog-digital-itzy-womens-watch-collaboration-pink-light-dial-quartz-gma-p2100it-4a-200m\/","title":{"rendered":"Casio G-Shock Women&#039;s Watch Analog Digital ITZY Collaboration Pink Light Dial Quartz GMA-P2100IT-4A 200M"},"content":{"rendered":"<p>Features: Bio-based resin case Bio-based resin strap Quartz movement Caliber: 5730 Mineral crystal Light pink dial Analog digital display Shock resistant Neobrite World time 1\/100-second stopwatch Countdown timer 5 daily alarms Hourly time signal Dual LED light Full auto-calendar Hand change feature Regular timekeeping 12\/24-hour display Luminous hands Month, day and date display Screw-down case back Buckle clasp 200m water resistance Approximate case diameter: 40.20mm Approximate case thickness: 11.20mm<\/p>","protected":false},"excerpt":{"rendered":"<p>Caracter\u00edsticas: Estojo de resina de base biol\u00f3gica Correia de resina de base biol\u00f3gica Movimento de Quartzo Calibre: 5730 Cristal mineral<\/p>","protected":false},"featured_media":6111,"comment_status":"open","ping_status":"closed","template":"","meta":[],"product_brand":[],"product_cat":[20],"product_tag":[],"class_list":{"0":"post-6112","1":"product","2":"type-product","3":"status-publish","4":"has-post-thumbnail","6":"product_cat-sem-categoria","8":"first","9":"instock","10":"sale","11":"shipping-taxable","12":"purchasable","13":"product-type-variable"},"jetpack_sharing_enabled":true,"_links":{"self":[{"href":"https:\/\/relogios-online.com\/en\/wp-json\/wp\/v2\/product\/6112","targetHints":{"allow":["GET"]}}],"collection":[{"href":"https:\/\/relogios-online.com\/en\/wp-json\/wp\/v2\/product"}],"about":[{"href":"https:\/\/relogios-online.com\/en\/wp-json\/wp\/v2\/types\/product"}],"replies":[{"embeddable":true,"href":"https:\/\/relogios-online.com\/en\/wp-json\/wp\/v2\/comments?post=6112"}],"version-history":[{"count":0,"href":"https:\/\/relogios-online.com\/en\/wp-json\/wp\/v2\/product\/6112\/revisions"}],"wp:featuredmedia":[{"embeddable":true,"href":"https:\/\/relogios-online.com\/en\/wp-json\/wp\/v2\/media\/6111"}],"wp:attachment":[{"href":"https:\/\/relogios-online.com\/en\/wp-json\/wp\/v2\/media?parent=6112"}],"wp:term":[{"taxonomy":"product_brand","embeddable":true,"href":"https:\/\/relogios-online.com\/en\/wp-json\/wp\/v2\/product_brand?post=6112"},{"taxonomy":"product_cat","embeddable":true,"href":"https:\/\/relogios-online.com\/en\/wp-json\/wp\/v2\/product_cat?post=6112"},{"taxonomy":"product_tag","embeddable":true,"href":"https:\/\/relogios-online.com\/en\/wp-json\/wp\/v2\/product_tag?post=6112"}],"curies":[{"name":"wp","href":"https:\/\/api.w.org\/{rel}","templated":true}]}}