{"id":7118,"date":"2024-10-03T04:16:34","date_gmt":"2024-10-03T04:16:34","guid":{"rendered":"https:\/\/relogios-online.com\/?post_type=product&#038;p=7118"},"modified":"2025-10-17T17:19:10","modified_gmt":"2025-10-17T16:19:10","slug":"relogio-masculino-casio-padrao-de-aco-inoxidavel-turquesa-com-mostrador-quartzo-mtp-b145d-2a1","status":"publish","type":"product","link":"https:\/\/relogios-online.com\/en\/product\/casio-mens-watch-standard-stainless-steel-turquoise-dial-quartz-mtp-b145d-2a1\/","title":{"rendered":"Casio Men&#039;s Standard Stainless Steel Turquoise Dial Quartz Watch MTP-B145D-2A1"},"content":{"rendered":"<p>Features: Stainless steel case Stainless steel bracelet Quartz movement Mineral crystal Turquoise dial Analog display Regular timekeeping Date display Solid case back Deployment clasp 50m water resistance Approximate case diameter: 35mm Approximate case thickness: 7.4mm<\/p>\n<p><a href=\"https:\/\/relogios-online.com\/\" target=\"_blank\" rel=\"noopener\">See all Automatic products at relogios-online.com<\/a><\/p>","protected":false},"excerpt":{"rendered":"<p>Caracter\u00edsticas: Caixa de a\u00e7o inoxid\u00e1vel Pulseira de a\u00e7o inoxid\u00e1vel Movimento de Quartzo Cristal mineral Mostrador Turquesa Visor anal\u00f3gico Cronometragem Regular<\/p>","protected":false},"featured_media":7113,"comment_status":"open","ping_status":"closed","template":"","meta":[],"product_brand":[],"product_cat":[62,20],"product_tag":[],"class_list":{"0":"post-7118","1":"product","2":"type-product","3":"status-publish","4":"has-post-thumbnail","6":"product_cat-automatico","7":"product_cat-sem-categoria","9":"first","10":"instock","11":"sale","12":"shipping-taxable","13":"purchasable","14":"product-type-variable"},"jetpack_sharing_enabled":true,"_links":{"self":[{"href":"https:\/\/relogios-online.com\/en\/wp-json\/wp\/v2\/product\/7118","targetHints":{"allow":["GET"]}}],"collection":[{"href":"https:\/\/relogios-online.com\/en\/wp-json\/wp\/v2\/product"}],"about":[{"href":"https:\/\/relogios-online.com\/en\/wp-json\/wp\/v2\/types\/product"}],"replies":[{"embeddable":true,"href":"https:\/\/relogios-online.com\/en\/wp-json\/wp\/v2\/comments?post=7118"}],"version-history":[{"count":1,"href":"https:\/\/relogios-online.com\/en\/wp-json\/wp\/v2\/product\/7118\/revisions"}],"predecessor-version":[{"id":9657,"href":"https:\/\/relogios-online.com\/en\/wp-json\/wp\/v2\/product\/7118\/revisions\/9657"}],"wp:featuredmedia":[{"embeddable":true,"href":"https:\/\/relogios-online.com\/en\/wp-json\/wp\/v2\/media\/7113"}],"wp:attachment":[{"href":"https:\/\/relogios-online.com\/en\/wp-json\/wp\/v2\/media?parent=7118"}],"wp:term":[{"taxonomy":"product_brand","embeddable":true,"href":"https:\/\/relogios-online.com\/en\/wp-json\/wp\/v2\/product_brand?post=7118"},{"taxonomy":"product_cat","embeddable":true,"href":"https:\/\/relogios-online.com\/en\/wp-json\/wp\/v2\/product_cat?post=7118"},{"taxonomy":"product_tag","embeddable":true,"href":"https:\/\/relogios-online.com\/en\/wp-json\/wp\/v2\/product_tag?post=7118"}],"curies":[{"name":"wp","href":"https:\/\/api.w.org\/{rel}","templated":true}]}}