{"id":7458,"date":"2024-10-03T03:48:58","date_gmt":"2024-10-03T03:48:58","guid":{"rendered":"https:\/\/relogios-online.com\/?post_type=product&#038;p=7458"},"modified":"2025-10-17T17:19:32","modified_gmt":"2025-10-17T16:19:32","slug":"seiko-5-snxs80-snxs80k1-snxs80k-relogio-automatico-dos-homens","status":"publish","type":"product","link":"https:\/\/relogios-online.com\/en\/product\/seiko-5-snxs80-snxs80k1-snxs80k-mens-automatic-watch\/","title":{"rendered":"Seiko 5 SNXS80 SNXS80K1 SNXS80K men&#039;s automatic watch"},"content":{"rendered":"<p>Features: Gold-tone stainless steel case Gold-tone stainless steel bracelet Automatic Movement Caliber: 7s26 Hardlex crystal Gold dial Luminous hands and indexes Day and date display See through case back Deployment clasp 30M water resistance Approximate Case Diameter: 37mm Approximate Case Thickness: 12mm<\/p>\n<p><a href=\"https:\/\/relogios-online.com\/\" target=\"_blank\" rel=\"noopener\">See all Automatic products at relogios-online.com<\/a><\/p>","protected":false},"excerpt":{"rendered":"<p>Caracter\u00edsticas: Caixa de a\u00e7o inoxid\u00e1vel tom de ouro Pulseira de a\u00e7o inoxid\u00e1vel tom de ouro Movimento Autom\u00e1tico Calibre: 7s26 Cristal<\/p>","protected":false},"featured_media":7453,"comment_status":"open","ping_status":"closed","template":"","meta":[],"product_brand":[],"product_cat":[62,20],"product_tag":[],"class_list":{"0":"post-7458","1":"product","2":"type-product","3":"status-publish","4":"has-post-thumbnail","6":"product_cat-automatico","7":"product_cat-sem-categoria","9":"first","10":"instock","11":"sale","12":"shipping-taxable","13":"purchasable","14":"product-type-variable"},"jetpack_sharing_enabled":true,"_links":{"self":[{"href":"https:\/\/relogios-online.com\/en\/wp-json\/wp\/v2\/product\/7458","targetHints":{"allow":["GET"]}}],"collection":[{"href":"https:\/\/relogios-online.com\/en\/wp-json\/wp\/v2\/product"}],"about":[{"href":"https:\/\/relogios-online.com\/en\/wp-json\/wp\/v2\/types\/product"}],"replies":[{"embeddable":true,"href":"https:\/\/relogios-online.com\/en\/wp-json\/wp\/v2\/comments?post=7458"}],"version-history":[{"count":1,"href":"https:\/\/relogios-online.com\/en\/wp-json\/wp\/v2\/product\/7458\/revisions"}],"predecessor-version":[{"id":9676,"href":"https:\/\/relogios-online.com\/en\/wp-json\/wp\/v2\/product\/7458\/revisions\/9676"}],"wp:featuredmedia":[{"embeddable":true,"href":"https:\/\/relogios-online.com\/en\/wp-json\/wp\/v2\/media\/7453"}],"wp:attachment":[{"href":"https:\/\/relogios-online.com\/en\/wp-json\/wp\/v2\/media?parent=7458"}],"wp:term":[{"taxonomy":"product_brand","embeddable":true,"href":"https:\/\/relogios-online.com\/en\/wp-json\/wp\/v2\/product_brand?post=7458"},{"taxonomy":"product_cat","embeddable":true,"href":"https:\/\/relogios-online.com\/en\/wp-json\/wp\/v2\/product_cat?post=7458"},{"taxonomy":"product_tag","embeddable":true,"href":"https:\/\/relogios-online.com\/en\/wp-json\/wp\/v2\/product_tag?post=7458"}],"curies":[{"name":"wp","href":"https:\/\/api.w.org\/{rel}","templated":true}]}}