{"id":7487,"date":"2024-10-03T03:48:19","date_gmt":"2024-10-03T03:48:19","guid":{"rendered":"https:\/\/relogios-online.com\/?post_type=product&#038;p=7487"},"modified":"2025-10-17T17:19:35","modified_gmt":"2025-10-17T16:19:35","slug":"seiko-5-esportes-automatico-japao-fez-relacao-de-couro-marrom-snzg15j1-ls9-relogio-dos-homens","status":"publish","type":"product","link":"https:\/\/relogios-online.com\/en\/product\/seiko-5-sports-automatic-japan-made-brown-leather-strap-snzg15j1-ls9-mens-watch\/","title":{"rendered":"Seiko 5 Sports Automatic Japan Made Brown Leather Strap SNZG15J1-LS9 Men&#039;s Watch"},"content":{"rendered":"<p>Features: Made in Japan Stainless steel case High quality Ratio brand brown leather strap Automatic Movement Caliber: 7S36 23 jewels Hardlex crystal Black dial Luminous hands and indexes Day and date display See through case back Buckle clasp 100M water resistance Approximate Case Diameter: 42mm Approximate Case Thickness: 12mm<\/p>\n<p><a href=\"https:\/\/relogios-online.com\/\" target=\"_blank\" rel=\"noopener\">See all Automatic products at relogios-online.com<\/a><\/p>","protected":false},"excerpt":{"rendered":"<p>Caracter\u00edsticas: Feito no Jap\u00e3o Caixa de a\u00e7o inoxid\u00e1vel Correia de couro marrom da marca da rela\u00e7\u00e3o da alta qualidade Movimento<\/p>","protected":false},"featured_media":7482,"comment_status":"open","ping_status":"closed","template":"","meta":[],"product_brand":[],"product_cat":[62,20],"product_tag":[],"class_list":{"0":"post-7487","1":"product","2":"type-product","3":"status-publish","4":"has-post-thumbnail","6":"product_cat-automatico","7":"product_cat-sem-categoria","9":"first","10":"instock","11":"sale","12":"shipping-taxable","13":"purchasable","14":"product-type-variable"},"jetpack_sharing_enabled":true,"_links":{"self":[{"href":"https:\/\/relogios-online.com\/en\/wp-json\/wp\/v2\/product\/7487","targetHints":{"allow":["GET"]}}],"collection":[{"href":"https:\/\/relogios-online.com\/en\/wp-json\/wp\/v2\/product"}],"about":[{"href":"https:\/\/relogios-online.com\/en\/wp-json\/wp\/v2\/types\/product"}],"replies":[{"embeddable":true,"href":"https:\/\/relogios-online.com\/en\/wp-json\/wp\/v2\/comments?post=7487"}],"version-history":[{"count":1,"href":"https:\/\/relogios-online.com\/en\/wp-json\/wp\/v2\/product\/7487\/revisions"}],"predecessor-version":[{"id":9679,"href":"https:\/\/relogios-online.com\/en\/wp-json\/wp\/v2\/product\/7487\/revisions\/9679"}],"wp:featuredmedia":[{"embeddable":true,"href":"https:\/\/relogios-online.com\/en\/wp-json\/wp\/v2\/media\/7482"}],"wp:attachment":[{"href":"https:\/\/relogios-online.com\/en\/wp-json\/wp\/v2\/media?parent=7487"}],"wp:term":[{"taxonomy":"product_brand","embeddable":true,"href":"https:\/\/relogios-online.com\/en\/wp-json\/wp\/v2\/product_brand?post=7487"},{"taxonomy":"product_cat","embeddable":true,"href":"https:\/\/relogios-online.com\/en\/wp-json\/wp\/v2\/product_cat?post=7487"},{"taxonomy":"product_tag","embeddable":true,"href":"https:\/\/relogios-online.com\/en\/wp-json\/wp\/v2\/product_tag?post=7487"}],"curies":[{"name":"wp","href":"https:\/\/api.w.org\/{rel}","templated":true}]}}