{"id":7517,"date":"2024-10-03T03:47:34","date_gmt":"2024-10-03T03:47:34","guid":{"rendered":"https:\/\/relogios-online.com\/?post_type=product&#038;p=7517"},"modified":"2025-10-17T17:19:39","modified_gmt":"2025-10-17T16:19:39","slug":"seiko-5-dois-tons-de-aco-inoxidavel-mostrador-branco-21-joias-automatico-snke04j1-relogio-unissex","status":"publish","type":"product","link":"https:\/\/relogios-online.com\/en\/product\/seiko-5-two-tone-stainless-steel-white-dial-21-jewels-automatic-snke04j1-unisex-watch\/","title":{"rendered":"Seiko 5 Two-Tone Stainless Steel White Dial 21 Jewels Automatic SNKE04J1 Unisex Watch"},"content":{"rendered":"<p>Features: Two-tone stainless steel case Two-tone stainless steel bracelet Movement Automatic Caliber: 7S26 21 jewels Hardlex crystal White dial Analog display 40-hour power reserve Luminous hands and markers Day and date display Push\/pull crown See through case back Deployment clasp 50m water resistance Approximate case diameter: 36.5mm Approximate case thickness: 12mm<\/p>\n<p><a href=\"https:\/\/relogios-online.com\/\" target=\"_blank\" rel=\"noopener\">See all Automatic products at relogios-online.com<\/a><\/p>","protected":false},"excerpt":{"rendered":"<p>Caracter\u00edsticas: Caixa de a\u00e7o inoxid\u00e1vel de dois tons Pulseira de a\u00e7o inoxid\u00e1vel de dois tons Movimento Autom\u00e1tico Calibre: 7S26 21<\/p>","protected":false},"featured_media":7512,"comment_status":"open","ping_status":"closed","template":"","meta":[],"product_brand":[],"product_cat":[62,20],"product_tag":[],"class_list":{"0":"post-7517","1":"product","2":"type-product","3":"status-publish","4":"has-post-thumbnail","6":"product_cat-automatico","7":"product_cat-sem-categoria","9":"first","10":"instock","11":"sale","12":"shipping-taxable","13":"purchasable","14":"product-type-variable"},"jetpack_sharing_enabled":true,"_links":{"self":[{"href":"https:\/\/relogios-online.com\/en\/wp-json\/wp\/v2\/product\/7517","targetHints":{"allow":["GET"]}}],"collection":[{"href":"https:\/\/relogios-online.com\/en\/wp-json\/wp\/v2\/product"}],"about":[{"href":"https:\/\/relogios-online.com\/en\/wp-json\/wp\/v2\/types\/product"}],"replies":[{"embeddable":true,"href":"https:\/\/relogios-online.com\/en\/wp-json\/wp\/v2\/comments?post=7517"}],"version-history":[{"count":1,"href":"https:\/\/relogios-online.com\/en\/wp-json\/wp\/v2\/product\/7517\/revisions"}],"predecessor-version":[{"id":9682,"href":"https:\/\/relogios-online.com\/en\/wp-json\/wp\/v2\/product\/7517\/revisions\/9682"}],"wp:featuredmedia":[{"embeddable":true,"href":"https:\/\/relogios-online.com\/en\/wp-json\/wp\/v2\/media\/7512"}],"wp:attachment":[{"href":"https:\/\/relogios-online.com\/en\/wp-json\/wp\/v2\/media?parent=7517"}],"wp:term":[{"taxonomy":"product_brand","embeddable":true,"href":"https:\/\/relogios-online.com\/en\/wp-json\/wp\/v2\/product_brand?post=7517"},{"taxonomy":"product_cat","embeddable":true,"href":"https:\/\/relogios-online.com\/en\/wp-json\/wp\/v2\/product_cat?post=7517"},{"taxonomy":"product_tag","embeddable":true,"href":"https:\/\/relogios-online.com\/en\/wp-json\/wp\/v2\/product_tag?post=7517"}],"curies":[{"name":"wp","href":"https:\/\/api.w.org\/{rel}","templated":true}]}}