{"id":7526,"date":"2024-10-03T03:47:18","date_gmt":"2024-10-03T03:47:18","guid":{"rendered":"https:\/\/relogios-online.com\/?post_type=product&#038;p=7526"},"modified":"2025-10-17T17:19:40","modified_gmt":"2025-10-17T16:19:40","slug":"relogio-masculino-seiko-5-snkl47-snkl47j1-snkl47j-automatico-feito-no-japao","status":"publish","type":"product","link":"https:\/\/relogios-online.com\/en\/product\/seiko-5-snkl47-snkl47j1-snkl47j-mens-watch-automatic-made-in-japan\/","title":{"rendered":"Seiko 5 SNKL47 SNKL47J1 SNKL47J Automatic Men&#039;s Watch Made in Japan"},"content":{"rendered":"<p>Features: Made in Japan Stainless Steel Case Two-Tone Stainless Steel Bracelet Automatic Movement Caliber: 7S26 21 Jewels Hardlex Crystal White Dial Analog Display Luminous Hands Day and Date Display Pull\/Push Crown See-Through Case Back Deployment Clasp 30M Water Resistance Approximate Case Diameter: 35mm Approximate Case Thickness: 10mm<\/p>\n<p><a href=\"https:\/\/relogios-online.com\/\" target=\"_blank\" rel=\"noopener\">See all Automatic products at relogios-online.com<\/a><\/p>","protected":false},"excerpt":{"rendered":"<p>Caracter\u00edsticas: Feito no Jap\u00e3o Caixa de a\u00e7o inoxid\u00e1vel Pulseira de a\u00e7o inoxid\u00e1vel de dois tons Movimento Autom\u00e1tico Calibre: 7S26 21<\/p>","protected":false},"featured_media":7522,"comment_status":"open","ping_status":"closed","template":"","meta":[],"product_brand":[],"product_cat":[62,20],"product_tag":[],"class_list":{"0":"post-7526","1":"product","2":"type-product","3":"status-publish","4":"has-post-thumbnail","6":"product_cat-automatico","7":"product_cat-sem-categoria","9":"first","10":"instock","11":"sale","12":"shipping-taxable","13":"purchasable","14":"product-type-variable"},"jetpack_sharing_enabled":true,"_links":{"self":[{"href":"https:\/\/relogios-online.com\/en\/wp-json\/wp\/v2\/product\/7526","targetHints":{"allow":["GET"]}}],"collection":[{"href":"https:\/\/relogios-online.com\/en\/wp-json\/wp\/v2\/product"}],"about":[{"href":"https:\/\/relogios-online.com\/en\/wp-json\/wp\/v2\/types\/product"}],"replies":[{"embeddable":true,"href":"https:\/\/relogios-online.com\/en\/wp-json\/wp\/v2\/comments?post=7526"}],"version-history":[{"count":1,"href":"https:\/\/relogios-online.com\/en\/wp-json\/wp\/v2\/product\/7526\/revisions"}],"predecessor-version":[{"id":9683,"href":"https:\/\/relogios-online.com\/en\/wp-json\/wp\/v2\/product\/7526\/revisions\/9683"}],"wp:featuredmedia":[{"embeddable":true,"href":"https:\/\/relogios-online.com\/en\/wp-json\/wp\/v2\/media\/7522"}],"wp:attachment":[{"href":"https:\/\/relogios-online.com\/en\/wp-json\/wp\/v2\/media?parent=7526"}],"wp:term":[{"taxonomy":"product_brand","embeddable":true,"href":"https:\/\/relogios-online.com\/en\/wp-json\/wp\/v2\/product_brand?post=7526"},{"taxonomy":"product_cat","embeddable":true,"href":"https:\/\/relogios-online.com\/en\/wp-json\/wp\/v2\/product_cat?post=7526"},{"taxonomy":"product_tag","embeddable":true,"href":"https:\/\/relogios-online.com\/en\/wp-json\/wp\/v2\/product_tag?post=7526"}],"curies":[{"name":"wp","href":"https:\/\/api.w.org\/{rel}","templated":true}]}}