{"id":7666,"date":"2024-10-02T16:52:34","date_gmt":"2024-10-02T16:52:34","guid":{"rendered":"https:\/\/relogios-online.com\/?post_type=product&#038;p=7666"},"modified":"2025-10-17T17:20:11","modified_gmt":"2025-10-17T16:20:11","slug":"fossil-heritage-brown-litehide-pulseira-de-couro-creme-mostrador-automatico-me3221-relogio-unissex","status":"publish","type":"product","link":"https:\/\/relogios-online.com\/en\/product\/fossil-heritage-brown-litehide-cream-leather-strap-automatic-dial-me3221-unisex-watch\/","title":{"rendered":"Fossil Heritage Brown LiteHide Leather Strap Cream Dial Automatic ME3221 Unisex Watch"},"content":{"rendered":"<p>Features: Stainless steel case Brown LiteHide leather strap Automatic movement Sapphire crystal Cream dial Analog display Luminous hands and markers Date display See-through case back Buckle clasp 50m water resistance Approximate case diameter: 43.00mm Approximate case thickness: 14.30mm<\/p>\n<p><a href=\"https:\/\/relogios-online.com\/\" target=\"_blank\" rel=\"noopener\">See all Automatic products at relogios-online.com<\/a><\/p>","protected":false},"excerpt":{"rendered":"<p>Caracter\u00edsticas: Caixa de a\u00e7o inoxid\u00e1vel Pulseira de couro marrom LiteHide Movimento Autom\u00e1tico Cristal de safira Mostrador Creme Visor anal\u00f3gico M\u00e3os<\/p>","protected":false},"featured_media":7661,"comment_status":"open","ping_status":"closed","template":"","meta":[],"product_brand":[],"product_cat":[62,20],"product_tag":[],"class_list":{"0":"post-7666","1":"product","2":"type-product","3":"status-publish","4":"has-post-thumbnail","6":"product_cat-automatico","7":"product_cat-sem-categoria","9":"first","10":"instock","11":"sale","12":"shipping-taxable","13":"purchasable","14":"product-type-variable"},"jetpack_sharing_enabled":true,"_links":{"self":[{"href":"https:\/\/relogios-online.com\/en\/wp-json\/wp\/v2\/product\/7666","targetHints":{"allow":["GET"]}}],"collection":[{"href":"https:\/\/relogios-online.com\/en\/wp-json\/wp\/v2\/product"}],"about":[{"href":"https:\/\/relogios-online.com\/en\/wp-json\/wp\/v2\/types\/product"}],"replies":[{"embeddable":true,"href":"https:\/\/relogios-online.com\/en\/wp-json\/wp\/v2\/comments?post=7666"}],"version-history":[{"count":1,"href":"https:\/\/relogios-online.com\/en\/wp-json\/wp\/v2\/product\/7666\/revisions"}],"predecessor-version":[{"id":9698,"href":"https:\/\/relogios-online.com\/en\/wp-json\/wp\/v2\/product\/7666\/revisions\/9698"}],"wp:featuredmedia":[{"embeddable":true,"href":"https:\/\/relogios-online.com\/en\/wp-json\/wp\/v2\/media\/7661"}],"wp:attachment":[{"href":"https:\/\/relogios-online.com\/en\/wp-json\/wp\/v2\/media?parent=7666"}],"wp:term":[{"taxonomy":"product_brand","embeddable":true,"href":"https:\/\/relogios-online.com\/en\/wp-json\/wp\/v2\/product_brand?post=7666"},{"taxonomy":"product_cat","embeddable":true,"href":"https:\/\/relogios-online.com\/en\/wp-json\/wp\/v2\/product_cat?post=7666"},{"taxonomy":"product_tag","embeddable":true,"href":"https:\/\/relogios-online.com\/en\/wp-json\/wp\/v2\/product_tag?post=7666"}],"curies":[{"name":"wp","href":"https:\/\/api.w.org\/{rel}","templated":true}]}}