{"id":7686,"date":"2024-10-02T16:52:19","date_gmt":"2024-10-02T16:52:19","guid":{"rendered":"https:\/\/relogios-online.com\/?post_type=product&#038;p=7686"},"modified":"2025-10-17T17:20:13","modified_gmt":"2025-10-17T16:20:13","slug":"relogio-unissex-fossil-heritage-em-aco-inoxidavel-com-mostrador-preto-automatico-me3223","status":"publish","type":"product","link":"https:\/\/relogios-online.com\/en\/product\/fossil-heritage-unisex-watch-in-stainless-steel-with-black-dial-automatic-me3223\/","title":{"rendered":"Fossil Heritage Unisex Stainless Steel Automatic Black Dial Watch ME3223"},"content":{"rendered":"<p>Features: Stainless steel case Stainless steel bracelet Movement Automatic 21 jewels Sapphire crystal Black dial Analog display Luminous hands and markers Date display See through case back Deployment clasp 50m water resistance Approximate case diameter: 43.00mm Approximate case thickness: 14.30mm<\/p>\n<p><a href=\"https:\/\/relogios-online.com\/\" target=\"_blank\" rel=\"noopener\">See all Automatic products at relogios-online.com<\/a><\/p>","protected":false},"excerpt":{"rendered":"<p>Caracter\u00edsticas: Caixa de a\u00e7o inoxid\u00e1vel Pulseira de a\u00e7o inoxid\u00e1vel Movimento Autom\u00e1tico 21 joias Cristal de safira Mostrador preto Visor anal\u00f3gico<\/p>","protected":false},"featured_media":7681,"comment_status":"open","ping_status":"closed","template":"","meta":[],"product_brand":[],"product_cat":[62,20],"product_tag":[],"class_list":{"0":"post-7686","1":"product","2":"type-product","3":"status-publish","4":"has-post-thumbnail","6":"product_cat-automatico","7":"product_cat-sem-categoria","9":"first","10":"instock","11":"sale","12":"shipping-taxable","13":"purchasable","14":"product-type-variable"},"jetpack_sharing_enabled":true,"_links":{"self":[{"href":"https:\/\/relogios-online.com\/en\/wp-json\/wp\/v2\/product\/7686","targetHints":{"allow":["GET"]}}],"collection":[{"href":"https:\/\/relogios-online.com\/en\/wp-json\/wp\/v2\/product"}],"about":[{"href":"https:\/\/relogios-online.com\/en\/wp-json\/wp\/v2\/types\/product"}],"replies":[{"embeddable":true,"href":"https:\/\/relogios-online.com\/en\/wp-json\/wp\/v2\/comments?post=7686"}],"version-history":[{"count":1,"href":"https:\/\/relogios-online.com\/en\/wp-json\/wp\/v2\/product\/7686\/revisions"}],"predecessor-version":[{"id":9700,"href":"https:\/\/relogios-online.com\/en\/wp-json\/wp\/v2\/product\/7686\/revisions\/9700"}],"wp:featuredmedia":[{"embeddable":true,"href":"https:\/\/relogios-online.com\/en\/wp-json\/wp\/v2\/media\/7681"}],"wp:attachment":[{"href":"https:\/\/relogios-online.com\/en\/wp-json\/wp\/v2\/media?parent=7686"}],"wp:term":[{"taxonomy":"product_brand","embeddable":true,"href":"https:\/\/relogios-online.com\/en\/wp-json\/wp\/v2\/product_brand?post=7686"},{"taxonomy":"product_cat","embeddable":true,"href":"https:\/\/relogios-online.com\/en\/wp-json\/wp\/v2\/product_cat?post=7686"},{"taxonomy":"product_tag","embeddable":true,"href":"https:\/\/relogios-online.com\/en\/wp-json\/wp\/v2\/product_tag?post=7686"}],"curies":[{"name":"wp","href":"https:\/\/api.w.org\/{rel}","templated":true}]}}