{"id":7696,"date":"2024-10-02T16:52:15","date_gmt":"2024-10-02T16:52:15","guid":{"rendered":"https:\/\/relogios-online.com\/?post_type=product&#038;p=7696"},"modified":"2025-10-17T17:20:14","modified_gmt":"2025-10-17T16:20:14","slug":"oriente-ray-ii-automatic-assista-men-200m-faa02005d9","status":"publish","type":"product","link":"https:\/\/relogios-online.com\/en\/product\/orient-ray-ii-automatic-watch-men-200m-faa02005d9\/","title":{"rendered":"Orient Ray II Automatic Watch Men 200M FAA02005D9"},"content":{"rendered":"<p>Features: Stainless steel case Stainless steel bracelet Automatic Movement Caliber: F6922 Mineral crystal Blue dial Unidirectional rotating bezel Luminous hands and markers Day and date display Screw Down Crown Fold over clasp with push button 200M Water Resistance Approximate Case Diameter: 41.5mm Approximate Case Thickness: 13mm<\/p>\n<p><a href=\"https:\/\/relogios-online.com\/\" target=\"_blank\" rel=\"noopener\">See all Automatic products at relogios-online.com<\/a><\/p>","protected":false},"excerpt":{"rendered":"<p>Caracter\u00edsticas: Caixa de a\u00e7o inoxid\u00e1vel Pulseira de a\u00e7o inoxid\u00e1vel Movimento Autom\u00e1tico Calibre: F6922 Cristal mineral Mostrador azul Moldura girat\u00f3ria unidirecional<\/p>","protected":false},"featured_media":7691,"comment_status":"open","ping_status":"closed","template":"","meta":[],"product_brand":[],"product_cat":[62,20],"product_tag":[],"class_list":{"0":"post-7696","1":"product","2":"type-product","3":"status-publish","4":"has-post-thumbnail","6":"product_cat-automatico","7":"product_cat-sem-categoria","9":"first","10":"instock","11":"sale","12":"shipping-taxable","13":"purchasable","14":"product-type-variable"},"jetpack_sharing_enabled":true,"_links":{"self":[{"href":"https:\/\/relogios-online.com\/en\/wp-json\/wp\/v2\/product\/7696","targetHints":{"allow":["GET"]}}],"collection":[{"href":"https:\/\/relogios-online.com\/en\/wp-json\/wp\/v2\/product"}],"about":[{"href":"https:\/\/relogios-online.com\/en\/wp-json\/wp\/v2\/types\/product"}],"replies":[{"embeddable":true,"href":"https:\/\/relogios-online.com\/en\/wp-json\/wp\/v2\/comments?post=7696"}],"version-history":[{"count":1,"href":"https:\/\/relogios-online.com\/en\/wp-json\/wp\/v2\/product\/7696\/revisions"}],"predecessor-version":[{"id":9701,"href":"https:\/\/relogios-online.com\/en\/wp-json\/wp\/v2\/product\/7696\/revisions\/9701"}],"wp:featuredmedia":[{"embeddable":true,"href":"https:\/\/relogios-online.com\/en\/wp-json\/wp\/v2\/media\/7691"}],"wp:attachment":[{"href":"https:\/\/relogios-online.com\/en\/wp-json\/wp\/v2\/media?parent=7696"}],"wp:term":[{"taxonomy":"product_brand","embeddable":true,"href":"https:\/\/relogios-online.com\/en\/wp-json\/wp\/v2\/product_brand?post=7696"},{"taxonomy":"product_cat","embeddable":true,"href":"https:\/\/relogios-online.com\/en\/wp-json\/wp\/v2\/product_cat?post=7696"},{"taxonomy":"product_tag","embeddable":true,"href":"https:\/\/relogios-online.com\/en\/wp-json\/wp\/v2\/product_tag?post=7696"}],"curies":[{"name":"wp","href":"https:\/\/api.w.org\/{rel}","templated":true}]}}