{"id":7736,"date":"2024-10-02T16:52:07","date_gmt":"2024-10-02T16:52:07","guid":{"rendered":"https:\/\/relogios-online.com\/?post_type=product&#038;p=7736"},"modified":"2025-10-17T17:20:36","modified_gmt":"2025-10-17T16:20:36","slug":"orientar-2a-geracao-bambino-automatico-fac00002w0-men-watch","status":"publish","type":"product","link":"https:\/\/relogios-online.com\/en\/product\/guide-2nd-generation-bambino-automatico-fac00002w0-men-watch\/","title":{"rendered":"Orient 2nd Generation Bambino Automatic FAC00002W0 Men Watch"},"content":{"rendered":"<p>Features: Rose gold-tone stainless steel case Brown leather strap Automatic Movement Caliber: F6724 Domed Mineral Crystal White dial Rose gold-tone hands and markers Date display Buckle clasp 30M water resistance Approximate Case Diameter: 40.5mm Approximate Case Thickness: 11.8mm<\/p>\n<p><a href=\"https:\/\/relogios-online.com\/\" target=\"_blank\" rel=\"noopener\">See all Automatic products at relogios-online.com<\/a><\/p>","protected":false},"excerpt":{"rendered":"<p>Caracter\u00edsticas: Caixa de a\u00e7o inoxid\u00e1vel rosa tom de ouro Pulseira de couro marrom Movimento Autom\u00e1tico Calibre: F6724 Cristal Mineral C\u00fapula<\/p>","protected":false},"featured_media":7731,"comment_status":"open","ping_status":"closed","template":"","meta":[],"product_brand":[],"product_cat":[62,20],"product_tag":[],"class_list":{"0":"post-7736","1":"product","2":"type-product","3":"status-publish","4":"has-post-thumbnail","6":"product_cat-automatico","7":"product_cat-sem-categoria","9":"first","10":"instock","11":"sale","12":"shipping-taxable","13":"purchasable","14":"product-type-variable"},"jetpack_sharing_enabled":true,"_links":{"self":[{"href":"https:\/\/relogios-online.com\/en\/wp-json\/wp\/v2\/product\/7736","targetHints":{"allow":["GET"]}}],"collection":[{"href":"https:\/\/relogios-online.com\/en\/wp-json\/wp\/v2\/product"}],"about":[{"href":"https:\/\/relogios-online.com\/en\/wp-json\/wp\/v2\/types\/product"}],"replies":[{"embeddable":true,"href":"https:\/\/relogios-online.com\/en\/wp-json\/wp\/v2\/comments?post=7736"}],"version-history":[{"count":1,"href":"https:\/\/relogios-online.com\/en\/wp-json\/wp\/v2\/product\/7736\/revisions"}],"predecessor-version":[{"id":9705,"href":"https:\/\/relogios-online.com\/en\/wp-json\/wp\/v2\/product\/7736\/revisions\/9705"}],"wp:featuredmedia":[{"embeddable":true,"href":"https:\/\/relogios-online.com\/en\/wp-json\/wp\/v2\/media\/7731"}],"wp:attachment":[{"href":"https:\/\/relogios-online.com\/en\/wp-json\/wp\/v2\/media?parent=7736"}],"wp:term":[{"taxonomy":"product_brand","embeddable":true,"href":"https:\/\/relogios-online.com\/en\/wp-json\/wp\/v2\/product_brand?post=7736"},{"taxonomy":"product_cat","embeddable":true,"href":"https:\/\/relogios-online.com\/en\/wp-json\/wp\/v2\/product_cat?post=7736"},{"taxonomy":"product_tag","embeddable":true,"href":"https:\/\/relogios-online.com\/en\/wp-json\/wp\/v2\/product_tag?post=7736"}],"curies":[{"name":"wp","href":"https:\/\/api.w.org\/{rel}","templated":true}]}}