{"id":7746,"date":"2024-10-02T16:52:05","date_gmt":"2024-10-02T16:52:05","guid":{"rendered":"https:\/\/relogios-online.com\/?post_type=product&#038;p=7746"},"modified":"2025-10-17T17:20:43","modified_gmt":"2025-10-17T16:20:43","slug":"oriente-mako-iii-ra-aa0011b19b-esportes-automatico-200m-relogio-masculino","status":"publish","type":"product","link":"https:\/\/relogios-online.com\/en\/product\/orient-mako-iii-ra-aa0011b19b-sports-automatic-200m-mens-watch\/","title":{"rendered":"Orient Mako III RA-AA0011B19B Sports Automatic 200M Men&#039;s Watch"},"content":{"rendered":"<p>Features: Stainless Steel Case Rubber Strap Automatic Movement Caliber: F6922 22 Jewels Mineral Crystal Black Dial Analog Display Luminous Hands and Markers Day and Date Display Unidirectional Rotating Bezel Screw Down Crown Solid Case Back Buckle Clasp 200M Water Resistance Approximate Case Diameter: 42mm Approximate Case Thickness: 13mm<\/p>\n<p><a href=\"https:\/\/relogios-online.com\/\" target=\"_blank\" rel=\"noopener\">See all Automatic products at relogios-online.com<\/a><\/p>","protected":false},"excerpt":{"rendered":"<p>Caracter\u00edsticas: Caixa de a\u00e7o inoxid\u00e1vel Tira de borracha Movimento Autom\u00e1tico Calibre: F6922 22 joias Cristal mineral Mostrador preto Display anal\u00f3gico<\/p>","protected":false},"featured_media":7741,"comment_status":"open","ping_status":"closed","template":"","meta":[],"product_brand":[],"product_cat":[62,20],"product_tag":[],"class_list":{"0":"post-7746","1":"product","2":"type-product","3":"status-publish","4":"has-post-thumbnail","6":"product_cat-automatico","7":"product_cat-sem-categoria","9":"first","10":"instock","11":"sale","12":"shipping-taxable","13":"purchasable","14":"product-type-variable"},"jetpack_sharing_enabled":true,"_links":{"self":[{"href":"https:\/\/relogios-online.com\/en\/wp-json\/wp\/v2\/product\/7746","targetHints":{"allow":["GET"]}}],"collection":[{"href":"https:\/\/relogios-online.com\/en\/wp-json\/wp\/v2\/product"}],"about":[{"href":"https:\/\/relogios-online.com\/en\/wp-json\/wp\/v2\/types\/product"}],"replies":[{"embeddable":true,"href":"https:\/\/relogios-online.com\/en\/wp-json\/wp\/v2\/comments?post=7746"}],"version-history":[{"count":1,"href":"https:\/\/relogios-online.com\/en\/wp-json\/wp\/v2\/product\/7746\/revisions"}],"predecessor-version":[{"id":9706,"href":"https:\/\/relogios-online.com\/en\/wp-json\/wp\/v2\/product\/7746\/revisions\/9706"}],"wp:featuredmedia":[{"embeddable":true,"href":"https:\/\/relogios-online.com\/en\/wp-json\/wp\/v2\/media\/7741"}],"wp:attachment":[{"href":"https:\/\/relogios-online.com\/en\/wp-json\/wp\/v2\/media?parent=7746"}],"wp:term":[{"taxonomy":"product_brand","embeddable":true,"href":"https:\/\/relogios-online.com\/en\/wp-json\/wp\/v2\/product_brand?post=7746"},{"taxonomy":"product_cat","embeddable":true,"href":"https:\/\/relogios-online.com\/en\/wp-json\/wp\/v2\/product_cat?post=7746"},{"taxonomy":"product_tag","embeddable":true,"href":"https:\/\/relogios-online.com\/en\/wp-json\/wp\/v2\/product_tag?post=7746"}],"curies":[{"name":"wp","href":"https:\/\/api.w.org\/{rel}","templated":true}]}}