{"id":7806,"date":"2024-10-02T16:51:52","date_gmt":"2024-10-02T16:51:52","guid":{"rendered":"https:\/\/relogios-online.com\/?post_type=product&#038;p=7806"},"modified":"2025-10-17T17:21:10","modified_gmt":"2025-10-17T16:21:10","slug":"relogio-masculino-orient-contemporaneo-calendario-multi-ano-aco-inoxidavel-automatico-ra-ba0004s10b","status":"publish","type":"product","link":"https:\/\/relogios-online.com\/en\/product\/orient-mens-watch-contemporary-calendar-multi-year-stainless-steel-automatic-ra-ba0004s10b\/","title":{"rendered":"Orient Men&#039;s Watch Contemporary Multi-Year Calendar Stainless Steel Automatic RA-BA0004S10B"},"content":{"rendered":"<p>Features: Stainless Steel Case Stainless Steel Bracelet Automatic Movement Caliber: F6D22 21 jewels Mineral Crystal White Dial Analog Display Power Reserve Multi-year Calendar Day, Date and Month Display See Through Case Back Deployment Clasp 50m Water Resistance Approximate Case Diameter: 43mm Approximate Case Thickness: 11mm Approximate Lug Width: 22mm<\/p>\n<p><a href=\"https:\/\/relogios-online.com\/\" target=\"_blank\" rel=\"noopener\">See all Automatic products at relogios-online.com<\/a><\/p>","protected":false},"excerpt":{"rendered":"<p>Recursos: Caixa de a\u00e7o inoxid\u00e1vel Pulseira de A\u00e7o Inoxid\u00e1vel Movimento Autom\u00e1tico Calibre: F6D22 21 joias Cristal mineral Mostrador Branco Exibi\u00e7\u00e3o<\/p>","protected":false},"featured_media":7801,"comment_status":"open","ping_status":"closed","template":"","meta":[],"product_brand":[],"product_cat":[62,20],"product_tag":[],"class_list":{"0":"post-7806","1":"product","2":"type-product","3":"status-publish","4":"has-post-thumbnail","6":"product_cat-automatico","7":"product_cat-sem-categoria","9":"first","10":"instock","11":"sale","12":"shipping-taxable","13":"purchasable","14":"product-type-variable"},"jetpack_sharing_enabled":true,"_links":{"self":[{"href":"https:\/\/relogios-online.com\/en\/wp-json\/wp\/v2\/product\/7806","targetHints":{"allow":["GET"]}}],"collection":[{"href":"https:\/\/relogios-online.com\/en\/wp-json\/wp\/v2\/product"}],"about":[{"href":"https:\/\/relogios-online.com\/en\/wp-json\/wp\/v2\/types\/product"}],"replies":[{"embeddable":true,"href":"https:\/\/relogios-online.com\/en\/wp-json\/wp\/v2\/comments?post=7806"}],"version-history":[{"count":1,"href":"https:\/\/relogios-online.com\/en\/wp-json\/wp\/v2\/product\/7806\/revisions"}],"predecessor-version":[{"id":9712,"href":"https:\/\/relogios-online.com\/en\/wp-json\/wp\/v2\/product\/7806\/revisions\/9712"}],"wp:featuredmedia":[{"embeddable":true,"href":"https:\/\/relogios-online.com\/en\/wp-json\/wp\/v2\/media\/7801"}],"wp:attachment":[{"href":"https:\/\/relogios-online.com\/en\/wp-json\/wp\/v2\/media?parent=7806"}],"wp:term":[{"taxonomy":"product_brand","embeddable":true,"href":"https:\/\/relogios-online.com\/en\/wp-json\/wp\/v2\/product_brand?post=7806"},{"taxonomy":"product_cat","embeddable":true,"href":"https:\/\/relogios-online.com\/en\/wp-json\/wp\/v2\/product_cat?post=7806"},{"taxonomy":"product_tag","embeddable":true,"href":"https:\/\/relogios-online.com\/en\/wp-json\/wp\/v2\/product_tag?post=7806"}],"curies":[{"name":"wp","href":"https:\/\/api.w.org\/{rel}","templated":true}]}}