{"id":21,"date":"2023-07-17T13:19:02","date_gmt":"2023-07-17T13:19:02","guid":{"rendered":"https:\/\/dummy.xtemos.com\/woodmart2\/games-elementor\/?page_id=21"},"modified":"2025-10-28T15:43:12","modified_gmt":"2025-10-28T14:43:12","slug":"contactos","status":"publish","type":"page","link":"https:\/\/relogios-online.com\/es\/contactos\/","title":{"rendered":"Contactos"},"content":{"rendered":"<style>.elementor-21 .elementor-element.elementor-element-b65580c{--display:flex;--flex-direction:row;--container-widget-width:initial;--container-widget-height:100%;--container-widget-flex-grow:1;--container-widget-align-self:stretch;--flex-wrap-mobile:wrap;--margin-top:0px;--margin-bottom:40px;--margin-left:0px;--margin-right:0px;}.elementor-21 .elementor-element.elementor-element-bb2ae7a{--display:flex;--gap:30px 30px;--row-gap:30px;--column-gap:30px;}.elementor-21 .elementor-element.elementor-element-2d52bd2{--display:flex;--padding-top:30px;--padding-bottom:30px;--padding-left:30px;--padding-right:30px;}.elementor-21 .elementor-element.elementor-element-580ff4c{text-align:start;}.elementor-21 .elementor-element.elementor-element-580ff4c .elementor-heading-title{font-size:37px;}.elementor-21 .elementor-element.elementor-element-1ffd4d3 .elementor-icon-list-items:not(.elementor-inline-items) .elementor-icon-list-item:not(:last-child){padding-block-end:calc(16px\/2);}.elementor-21 .elementor-element.elementor-element-1ffd4d3 .elementor-icon-list-items:not(.elementor-inline-items) .elementor-icon-list-item:not(:first-child){margin-block-start:calc(16px\/2);}.elementor-21 .elementor-element.elementor-element-1ffd4d3 .elementor-icon-list-items.elementor-inline-items .elementor-icon-list-item{margin-inline:calc(16px\/2);}.elementor-21 .elementor-element.elementor-element-1ffd4d3 .elementor-icon-list-items.elementor-inline-items{margin-inline:calc(-16px\/2);}.elementor-21 .elementor-element.elementor-element-1ffd4d3 .elementor-icon-list-items.elementor-inline-items .elementor-icon-list-item:after{inset-inline-end:calc(-16px\/2);}.elementor-21 .elementor-element.elementor-element-1ffd4d3 .elementor-icon-list-icon i{color:#333333;transition:color 0.3s;}.elementor-21 .elementor-element.elementor-element-1ffd4d3 .elementor-icon-list-icon svg{fill:#333333;transition:fill 0.3s;}.elementor-21 .elementor-element.elementor-element-1ffd4d3{--e-icon-list-icon-size:35px;--icon-vertical-offset:0px;}.elementor-21 .elementor-element.elementor-element-1ffd4d3 .elementor-icon-list-item > .elementor-icon-list-text, .elementor-21 .elementor-element.elementor-element-1ffd4d3 .elementor-icon-list-item > a{font-size:20px;}.elementor-21 .elementor-element.elementor-element-1ffd4d3 .elementor-icon-list-text{color:#333333;transition:color 0.3s;}.elementor-21 .elementor-element.elementor-element-1ffd4d3 > .elementor-widget-container{margin:10px 0px 0px 0px;}.elementor-21 .elementor-element.elementor-element-679919a .elementor-field-group{padding-right:calc( 15px\/2 );padding-left:calc( 15px\/2 );margin-bottom:18px;}.elementor-21 .elementor-element.elementor-element-679919a .elementor-form-fields-wrapper{margin-left:calc( -15px\/2 );margin-right:calc( -15px\/2 );margin-bottom:-18px;}.elementor-21 .elementor-element.elementor-element-679919a .elementor-field-group.recaptcha_v3-bottomleft, .elementor-21 .elementor-element.elementor-element-679919a .elementor-field-group.recaptcha_v3-bottomright{margin-bottom:0;}body.rtl .elementor-21 .elementor-element.elementor-element-679919a .elementor-labels-inline .elementor-field-group > label{padding-left:0px;}body:not(.rtl) .elementor-21 .elementor-element.elementor-element-679919a .elementor-labels-inline .elementor-field-group > label{padding-right:0px;}body .elementor-21 .elementor-element.elementor-element-679919a .elementor-labels-above .elementor-field-group > label{padding-bottom:0px;}.elementor-21 .elementor-element.elementor-element-679919a .elementor-field-type-html{padding-bottom:0px;}.elementor-21 .elementor-element.elementor-element-679919a .elementor-field-group .elementor-field:not(.elementor-select-wrapper){background-color:#ffffff;border-radius:20px 20px 20px 20px;}.elementor-21 .elementor-element.elementor-element-679919a .elementor-field-group .elementor-select-wrapper select{background-color:#ffffff;border-radius:20px 20px 20px 20px;}.elementor-21 .elementor-element.elementor-element-679919a .e-form__buttons__wrapper__button-next{background-color:#C28B2A;color:#ffffff;}.elementor-21 .elementor-element.elementor-element-679919a .elementor-button[type=\"submit\"]{background-color:#C28B2A;color:#ffffff;}.elementor-21 .elementor-element.elementor-element-679919a .elementor-button[type=\"submit\"] svg *{fill:#ffffff;}.elementor-21 .elementor-element.elementor-element-679919a .e-form__buttons__wrapper__button-previous{color:#ffffff;}.elementor-21 .elementor-element.elementor-element-679919a .e-form__buttons__wrapper__button-next:hover{background-color:#61CE70;color:#FFFFFF;}.elementor-21 .elementor-element.elementor-element-679919a .elementor-button[type=\"submit\"]:hover{background-color:#61CE70;color:#FFFFFF;}.elementor-21 .elementor-element.elementor-element-679919a .elementor-button[type=\"submit\"]:hover svg *{fill:#FFFFFF;}.elementor-21 .elementor-element.elementor-element-679919a .e-form__buttons__wrapper__button-previous:hover{color:#ffffff;}.elementor-21 .elementor-element.elementor-element-679919a .elementor-button{border-radius:20px 20px 20px 20px;}.elementor-21 .elementor-element.elementor-element-679919a{--e-form-steps-indicators-spacing:20px;--e-form-steps-indicator-padding:30px;--e-form-steps-indicator-inactive-secondary-color:#ffffff;--e-form-steps-indicator-active-secondary-color:#ffffff;--e-form-steps-indicator-completed-secondary-color:#ffffff;--e-form-steps-divider-width:1px;--e-form-steps-divider-gap:10px;}.elementor-21 .elementor-element.elementor-element-22cba6f{--display:flex;--justify-content:center;}.elementor-21 .elementor-element.elementor-element-bcdc6b4 .elementor-icon-box-wrapper{text-align:center;gap:100px;}.elementor-21 .elementor-element.elementor-element-bcdc6b4 .elementor-icon-box-title{margin-block-end:100px;}.elementor-21 .elementor-element.elementor-element-bcdc6b4.elementor-view-stacked .elementor-icon{background-color:#C28B2A;}.elementor-21 .elementor-element.elementor-element-bcdc6b4.elementor-view-framed .elementor-icon, .elementor-21 .elementor-element.elementor-element-bcdc6b4.elementor-view-default .elementor-icon{fill:#C28B2A;color:#C28B2A;border-color:#C28B2A;}.elementor-21 .elementor-element.elementor-element-bcdc6b4 .elementor-icon{font-size:103px;}@media(max-width:1024px){.elementor-21 .elementor-element.elementor-element-b65580c{--flex-direction:column;--container-widget-width:100%;--container-widget-height:initial;--container-widget-flex-grow:0;--container-widget-align-self:initial;--flex-wrap-mobile:wrap;--margin-top:-20px;--margin-bottom:20px;--margin-left:0px;--margin-right:0px;}}@media(max-width:768px){.elementor-21 .elementor-element.elementor-element-b65580c{--flex-direction:column;--container-widget-width:100%;--container-widget-height:initial;--container-widget-flex-grow:0;--container-widget-align-self:initial;--flex-wrap-mobile:wrap;--margin-top:-20px;--margin-bottom:0px;--margin-left:0px;--margin-right:0px;}.elementor-21 .elementor-element.elementor-element-1ffd4d3 .elementor-icon-list-items:not(.elementor-inline-items) .elementor-icon-list-item:not(:last-child){padding-block-end:calc(13px\/2);}.elementor-21 .elementor-element.elementor-element-1ffd4d3 .elementor-icon-list-items:not(.elementor-inline-items) .elementor-icon-list-item:not(:first-child){margin-block-start:calc(13px\/2);}.elementor-21 .elementor-element.elementor-element-1ffd4d3 .elementor-icon-list-items.elementor-inline-items .elementor-icon-list-item{margin-inline:calc(13px\/2);}.elementor-21 .elementor-element.elementor-element-1ffd4d3 .elementor-icon-list-items.elementor-inline-items{margin-inline:calc(-13px\/2);}.elementor-21 .elementor-element.elementor-element-1ffd4d3 .elementor-icon-list-items.elementor-inline-items .elementor-icon-list-item:after{inset-inline-end:calc(-13px\/2);}.elementor-21 .elementor-element.elementor-element-1ffd4d3 .elementor-icon-list-item > .elementor-icon-list-text, .elementor-21 .elementor-element.elementor-element-1ffd4d3 .elementor-icon-list-item > a{font-size:14px;}}@media(min-width:769px){.elementor-21 .elementor-element.elementor-element-bb2ae7a{--width:50%;}.elementor-21 .elementor-element.elementor-element-22cba6f{--width:50%;}}@media(max-width:1024px) and (min-width:769px){.elementor-21 .elementor-element.elementor-element-bb2ae7a{--width:100%;}.elementor-21 .elementor-element.elementor-element-22cba6f{--width:100%;}}<\/style>\t\t<div data-elementor-type=\"wp-page\" data-elementor-id=\"21\" class=\"elementor elementor-21\" data-elementor-post-type=\"page\">\n\t\t\t\t<div data-particle_enable=\"false\" data-particle-mobile-disabled=\"false\" class=\"wd-negative-gap elementor-element elementor-element-b65580c e-flex e-con-boxed e-con e-parent\" data-id=\"b65580c\" data-element_type=\"container\" data-e-type=\"container\">\n\t\t\t\t\t<div class=\"e-con-inner\">\n\t\t<div data-particle_enable=\"false\" data-particle-mobile-disabled=\"false\" class=\"elementor-element elementor-element-bb2ae7a e-con-full e-flex e-con e-child\" data-id=\"bb2ae7a\" data-element_type=\"container\" data-e-type=\"container\">\n\t\t<div data-particle_enable=\"false\" data-particle-mobile-disabled=\"false\" class=\"wd-negative-gap elementor-element elementor-element-2d52bd2 e-flex e-con-boxed e-con e-child\" data-id=\"2d52bd2\" data-element_type=\"container\" data-e-type=\"container\">\n\t\t\t\t\t<div class=\"e-con-inner\">\n\t\t\t\t<div class=\"elementor-element elementor-element-580ff4c elementor-widget elementor-widget-heading\" data-id=\"580ff4c\" data-element_type=\"widget\" data-e-type=\"widget\" data-widget_type=\"heading.default\">\n\t\t\t\t<div class=\"elementor-widget-container\">\n\t\t\t\t\t<h2 class=\"elementor-heading-title elementor-size-default\">Contacte-nos<\/h2>\t\t\t\t<\/div>\n\t\t\t\t<\/div>\n\t\t\t\t<div class=\"elementor-element elementor-element-1ffd4d3 elementor-icon-list--layout-traditional elementor-list-item-link-full_width elementor-widget elementor-widget-icon-list\" data-id=\"1ffd4d3\" data-element_type=\"widget\" data-e-type=\"widget\" data-widget_type=\"icon-list.default\">\n\t\t\t\t<div class=\"elementor-widget-container\">\n\t\t\t\t\t\t\t<ul class=\"elementor-icon-list-items\">\n\t\t\t\t\t\t\t<li class=\"elementor-icon-list-item\">\n\t\t\t\t\t\t\t\t\t\t\t<a href=\"tel:961651312\" target=\"_blank\">\n\n\t\t\t\t\t\t\t\t\t\t\t\t<span class=\"elementor-icon-list-icon\">\n\t\t\t\t\t\t\t<svg aria-hidden=\"true\" class=\"e-font-icon-svg e-fas-phone-alt\" viewbox=\"0 0 512 512\" xmlns=\"http:\/\/www.w3.org\/2000\/svg\"><path d=\"M497.39 361.8l-112-48a24 24 0 0 0-28 6.9l-49.6 60.6A370.66 370.66 0 0 1 130.6 204.11l60.6-49.6a23.94 23.94 0 0 0 6.9-28l-48-112A24.16 24.16 0 0 0 122.6.61l-104 24A24 24 0 0 0 0 48c0 256.5 207.9 464 464 464a24 24 0 0 0 23.4-18.6l24-104a24.29 24.29 0 0 0-14.01-27.6z\"><\/path><\/svg>\t\t\t\t\t\t<\/span>\n\t\t\t\t\t\t\t\t\t\t<span class=\"elementor-icon-list-text\">+351 962 407 687 (Red M\u00f3vil)<\/span>\n\t\t\t\t\t\t\t\t\t\t\t<\/a>\n\t\t\t\t\t\t\t\t\t<\/li>\n\t\t\t\t\t\t\t\t<li class=\"elementor-icon-list-item\">\n\t\t\t\t\t\t\t\t\t\t\t<span class=\"elementor-icon-list-icon\">\n\t\t\t\t\t\t\t<svg aria-hidden=\"true\" class=\"e-font-icon-svg e-fab-whatsapp\" viewbox=\"0 0 448 512\" xmlns=\"http:\/\/www.w3.org\/2000\/svg\"><path d=\"M380.9 97.1C339 55.1 283.2 32 223.9 32c-122.4 0-222 99.6-222 222 0 39.1 10.2 77.3 29.6 111L0 480l117.7-30.9c32.4 17.7 68.9 27 106.1 27h.1c122.3 0 224.1-99.6 224.1-222 0-59.3-25.2-115-67.1-157zm-157 341.6c-33.2 0-65.7-8.9-94-25.7l-6.7-4-69.8 18.3L72 359.2l-4.4-7c-18.5-29.4-28.2-63.3-28.2-98.2 0-101.7 82.8-184.5 184.6-184.5 49.3 0 95.6 19.2 130.4 54.1 34.8 34.9 56.2 81.2 56.1 130.5 0 101.8-84.9 184.6-186.6 184.6zm101.2-138.2c-5.5-2.8-32.8-16.2-37.9-18-5.1-1.9-8.8-2.8-12.5 2.8-3.7 5.6-14.3 18-17.6 21.8-3.2 3.7-6.5 4.2-12 1.4-32.6-16.3-54-29.1-75.5-66-5.7-9.8 5.7-9.1 16.3-30.3 1.8-3.7.9-6.9-.5-9.7-1.4-2.8-12.5-30.1-17.1-41.2-4.5-10.8-9.1-9.3-12.5-9.5-3.2-.2-6.9-.2-10.6-.2-3.7 0-9.7 1.4-14.8 6.9-5.1 5.6-19.4 19-19.4 46.3 0 27.3 19.9 53.7 22.6 57.4 2.8 3.7 39.1 59.7 94.8 83.8 35.2 15.2 49 16.5 66.6 13.9 10.7-1.6 32.8-13.4 37.4-26.4 4.6-13 4.6-24.1 3.2-26.4-1.3-2.5-5-3.9-10.5-6.6z\"><\/path><\/svg>\t\t\t\t\t\t<\/span>\n\t\t\t\t\t\t\t\t\t\t<span class=\"elementor-icon-list-text\">+351 962 407 687<\/span>\n\t\t\t\t\t\t\t\t\t<\/li>\n\t\t\t\t\t\t\t\t<li class=\"elementor-icon-list-item\">\n\t\t\t\t\t\t\t\t\t\t\t<span class=\"elementor-icon-list-icon\">\n\t\t\t\t\t\t\t<svg aria-hidden=\"true\" class=\"e-font-icon-svg e-far-envelope\" viewbox=\"0 0 512 512\" xmlns=\"http:\/\/www.w3.org\/2000\/svg\"><path d=\"M464 64H48C21.49 64 0 85.49 0 112v288c0 26.51 21.49 48 48 48h416c26.51 0 48-21.49 48-48V112c0-26.51-21.49-48-48-48zm0 48v40.805c-22.422 18.259-58.168 46.651-134.587 106.49-16.841 13.247-50.201 45.072-73.413 44.701-23.208.375-56.579-31.459-73.413-44.701C106.18 199.465 70.425 171.067 48 152.805V112h416zM48 400V214.398c22.914 18.251 55.409 43.862 104.938 82.646 21.857 17.205 60.134 55.186 103.062 54.955 42.717.231 80.509-37.199 103.053-54.947 49.528-38.783 82.032-64.401 104.947-82.653V400H48z\"><\/path><\/svg>\t\t\t\t\t\t<\/span>\n\t\t\t\t\t\t\t\t\t\t<span class=\"elementor-icon-list-text\">info@relogios-online.com<\/span>\n\t\t\t\t\t\t\t\t\t<\/li>\n\t\t\t\t\t\t<\/ul>\n\t\t\t\t\t\t<\/div>\n\t\t\t\t<\/div>\n\t\t\t\t<div class=\"elementor-element elementor-element-679919a elementor-button-align-stretch elementor-widget elementor-widget-form\" data-id=\"679919a\" data-element_type=\"widget\" data-e-type=\"widget\" data-settings=\"{&quot;step_next_label&quot;:&quot;Next&quot;,&quot;step_previous_label&quot;:&quot;Previous&quot;,&quot;button_width&quot;:&quot;100&quot;,&quot;step_type&quot;:&quot;number_text&quot;,&quot;step_icon_shape&quot;:&quot;circle&quot;}\" data-widget_type=\"form.default\">\n\t\t\t\t<div class=\"elementor-widget-container\">\n\t\t\t\t\t\t\t<form class=\"elementor-form\" method=\"post\" id=\"contratos\" name=\"contratos\" aria-label=\"contratos\" action=\"\">\r\n\t\t\t<input type=\"hidden\" name=\"post_id\" value=\"21\"\/>\r\n\t\t\t<input type=\"hidden\" name=\"form_id\" value=\"679919a\"\/>\r\n\t\t\t<input type=\"hidden\" name=\"referer_title\" value=\"Contactos - Loja de rel\u00f3gios online\" \/>\r\n\r\n\t\t\t\t\t\t\t<input type=\"hidden\" name=\"queried_id\" value=\"21\"\/>\r\n\t\t\t\r\n\t\t\t<div class=\"elementor-form-fields-wrapper elementor-labels-\">\r\n\t\t\t\t\t\t\t\t<div class=\"elementor-field-type-text elementor-field-group elementor-column elementor-field-group-field_bce51b1 elementor-col-50 elementor-field-required\">\r\n\t\t\t\t\t\t\t\t\t\t\t\t<label for=\"form-field-field_bce51b1\" class=\"elementor-field-label elementor-screen-only\">\r\n\t\t\t\t\t\t\t\tNombre \t\t\t\t\t\t\t<\/label>\r\n\t\t\t\t\t\t\t\t\t\t\t\t\t\t<input size=\"1\" type=\"text\" name=\"form_fields[field_bce51b1]\" id=\"form-field-field_bce51b1\" class=\"elementor-field elementor-size-sm  elementor-field-textual\" placeholder=\"Nombre \" required=\"required\">\r\n\t\t\t\t\t\t\t\t\t\t\t<\/div>\r\n\t\t\t\t\t\t\t\t<div class=\"elementor-field-type-text elementor-field-group elementor-column elementor-field-group-field_dcff218 elementor-col-50 elementor-field-required\">\r\n\t\t\t\t\t\t\t\t\t\t\t\t<label for=\"form-field-field_dcff218\" class=\"elementor-field-label elementor-screen-only\">\r\n\t\t\t\t\t\t\t\tApellido\t\t\t\t\t\t\t<\/label>\r\n\t\t\t\t\t\t\t\t\t\t\t\t\t\t<input size=\"1\" type=\"text\" name=\"form_fields[field_dcff218]\" id=\"form-field-field_dcff218\" class=\"elementor-field elementor-size-sm  elementor-field-textual\" placeholder=\"Apellido\" required=\"required\">\r\n\t\t\t\t\t\t\t\t\t\t\t<\/div>\r\n\t\t\t\t\t\t\t\t<div class=\"elementor-field-type-email elementor-field-group elementor-column elementor-field-group-name elementor-col-50 elementor-field-required\">\r\n\t\t\t\t\t\t\t\t\t\t\t\t<label for=\"form-field-name\" class=\"elementor-field-label elementor-screen-only\">\r\n\t\t\t\t\t\t\t\tCorreo electr\u00f3nico\t\t\t\t\t\t\t<\/label>\r\n\t\t\t\t\t\t\t\t\t\t\t\t\t\t<input size=\"1\" type=\"email\" name=\"form_fields[name]\" id=\"form-field-name\" class=\"elementor-field elementor-size-sm  elementor-field-textual\" placeholder=\"Correo electr\u00f3nico\" required=\"required\">\r\n\t\t\t\t\t\t\t\t\t\t\t<\/div>\r\n\t\t\t\t\t\t\t\t<div class=\"elementor-field-type-tel elementor-field-group elementor-column elementor-field-group-field_dcff218 elementor-col-50 elementor-field-required\">\r\n\t\t\t\t\t\t\t\t\t\t\t\t<label for=\"form-field-field_dcff218\" class=\"elementor-field-label elementor-screen-only\">\r\n\t\t\t\t\t\t\t\tTel\u00e9fono m\u00f3vil\t\t\t\t\t\t\t<\/label>\r\n\t\t\t\t\t\t\t\t<input size=\"1\" type=\"tel\" name=\"form_fields[field_dcff218]\" id=\"form-field-field_dcff218\" class=\"elementor-field elementor-size-sm  elementor-field-textual\" placeholder=\"Tel\u00e9fono m\u00f3vil\" required=\"required\" pattern=\"[0-9()#&amp;+*-=.]+\" title=\"S\u00f3lo se aceptan n\u00fameros y caracteres telef\u00f3nicos (#, -, *, etc.).\" data-no-translation-title=\"\">\r\n\r\n\t\t\t\t\t\t<\/div>\r\n\t\t\t\t\t\t\t\t<div class=\"elementor-field-type-textarea elementor-field-group elementor-column elementor-field-group-message elementor-col-100\">\r\n\t\t\t\t\t\t\t\t\t\t\t\t<label for=\"form-field-message\" class=\"elementor-field-label elementor-screen-only\">\r\n\t\t\t\t\t\t\t\t\u00bfQu\u00e9 pretende anunciar en el sitio web?\t\t\t\t\t\t\t<\/label>\r\n\t\t\t\t\t\t<textarea class=\"elementor-field-textual elementor-field  elementor-size-sm\" name=\"form_fields[message]\" id=\"form-field-message\" rows=\"4\" placeholder=\"Escribe tu mensaje\"><\/textarea>\t\t\t\t<\/div>\r\n\t\t\t\t\t\t\t\t<div class=\"elementor-field-group elementor-column elementor-field-type-submit elementor-col-100 e-form__buttons\">\r\n\t\t\t\t\t<button class=\"elementor-button elementor-size-sm elementor-animation-grow\" type=\"submit\" id=\"contrato\">\r\n\t\t\t\t\t\t<span class=\"elementor-button-content-wrapper\">\r\n\t\t\t\t\t\t\t\t\t\t\t\t\t\t\t\t\t\t\t\t\t\t<span class=\"elementor-button-text\">para enviar<\/span>\r\n\t\t\t\t\t\t\t\t\t\t\t\t\t<\/span>\r\n\t\t\t\t\t<\/button>\r\n\t\t\t\t<\/div>\r\n\t\t\t<\/div>\r\n\t\t<input type=\"hidden\" name=\"trp-form-language\" value=\"es\"\/><\/form>\r\n\t\t\t\t\t\t<\/div>\n\t\t\t\t<\/div>\n\t\t\t\t\t<\/div>\n\t\t\t\t<\/div>\n\t\t\t\t<\/div>\n\t\t<div data-particle_enable=\"false\" data-particle-mobile-disabled=\"false\" class=\"elementor-element elementor-element-22cba6f e-con-full e-flex e-con e-child\" data-id=\"22cba6f\" data-element_type=\"container\" data-e-type=\"container\">\n\t\t\t\t<div class=\"elementor-element elementor-element-bcdc6b4 elementor-view-stacked elementor-shape-circle elementor-position-block-start elementor-mobile-position-block-start elementor-widget elementor-widget-icon-box\" data-id=\"bcdc6b4\" data-element_type=\"widget\" data-e-type=\"widget\" data-widget_type=\"icon-box.default\">\n\t\t\t\t<div class=\"elementor-widget-container\">\n\t\t\t\t\t\t\t<div class=\"elementor-icon-box-wrapper\">\n\n\t\t\t\t\t\t<div class=\"elementor-icon-box-icon\">\n\t\t\t\t<span  class=\"elementor-icon\">\n\t\t\t\t<svg aria-hidden=\"true\" class=\"e-font-icon-svg e-fas-headset\" viewbox=\"0 0 512 512\" xmlns=\"http:\/\/www.w3.org\/2000\/svg\"><path d=\"M192 208c0-17.67-14.33-32-32-32h-16c-35.35 0-64 28.65-64 64v48c0 35.35 28.65 64 64 64h16c17.67 0 32-14.33 32-32V208zm176 144c35.35 0 64-28.65 64-64v-48c0-35.35-28.65-64-64-64h-16c-17.67 0-32 14.33-32 32v112c0 17.67 14.33 32 32 32h16zM256 0C113.18 0 4.58 118.83 0 256v16c0 8.84 7.16 16 16 16h16c8.84 0 16-7.16 16-16v-16c0-114.69 93.31-208 208-208s208 93.31 208 208h-.12c.08 2.43.12 165.72.12 165.72 0 23.35-18.93 42.28-42.28 42.28H320c0-26.51-21.49-48-48-48h-32c-26.51 0-48 21.49-48 48s21.49 48 48 48h181.72c49.86 0 90.28-40.42 90.28-90.28V256C507.42 118.83 398.82 0 256 0z\"><\/path><\/svg>\t\t\t\t<\/span>\n\t\t\t<\/div>\n\t\t\t\n\t\t\t\n\t\t<\/div>\n\t\t\t\t\t\t<\/div>\n\t\t\t\t<\/div>\n\t\t\t\t<\/div>\n\t\t\t\t\t<\/div>\n\t\t\t\t<\/div>\n\t\t\t\t<\/div>","protected":false},"excerpt":{"rendered":"<p>Contacte-nos +351 962 407 687(Rede M\u00f3vel) +351 962 407 687 info@relogios-online.com<\/p>","protected":false},"author":1,"featured_media":0,"parent":0,"menu_order":0,"comment_status":"closed","ping_status":"closed","template":"","meta":{"footnotes":""},"class_list":["post-21","page","type-page","status-publish","hentry"],"jetpack_sharing_enabled":true,"_links":{"self":[{"href":"https:\/\/relogios-online.com\/es\/wp-json\/wp\/v2\/pages\/21","targetHints":{"allow":["GET"]}}],"collection":[{"href":"https:\/\/relogios-online.com\/es\/wp-json\/wp\/v2\/pages"}],"about":[{"href":"https:\/\/relogios-online.com\/es\/wp-json\/wp\/v2\/types\/page"}],"author":[{"embeddable":true,"href":"https:\/\/relogios-online.com\/es\/wp-json\/wp\/v2\/users\/1"}],"replies":[{"embeddable":true,"href":"https:\/\/relogios-online.com\/es\/wp-json\/wp\/v2\/comments?post=21"}],"version-history":[{"count":3,"href":"https:\/\/relogios-online.com\/es\/wp-json\/wp\/v2\/pages\/21\/revisions"}],"predecessor-version":[{"id":9771,"href":"https:\/\/relogios-online.com\/es\/wp-json\/wp\/v2\/pages\/21\/revisions\/9771"}],"wp:attachment":[{"href":"https:\/\/relogios-online.com\/es\/wp-json\/wp\/v2\/media?parent=21"}],"curies":[{"name":"wp","href":"https:\/\/api.w.org\/{rel}","templated":true}]}}