{"id":23,"date":"2023-07-17T13:19:35","date_gmt":"2023-07-17T13:19:35","guid":{"rendered":"https:\/\/dummy.xtemos.com\/woodmart2\/games-elementor\/?page_id=23"},"modified":"2023-07-17T13:19:35","modified_gmt":"2023-07-17T13:19:35","slug":"terms-of-service","status":"publish","type":"page","link":"https:\/\/relogios-online.com\/es\/terminos-de-servicio\/","title":{"rendered":"T\u00e9rminos de servicio"},"content":{"rendered":"<div data-elementor-type=\"wp-page\" data-elementor-id=\"23\" class=\"elementor elementor-23\" data-elementor-post-type=\"page\">\n\t\t\t\t<div data-particle_enable=\"false\" data-particle-mobile-disabled=\"false\" class=\"wd-negative-gap elementor-element elementor-element-5f8ee5d e-flex e-con-boxed e-con e-parent\" data-id=\"5f8ee5d\" data-element_type=\"container\" data-e-type=\"container\">\n\t\t\t\t\t<div class=\"e-con-inner\">\n\t\t\t\t<div class=\"elementor-element elementor-element-c4ee629 elementor-widget elementor-widget-wd_text_block\" data-id=\"c4ee629\" data-element_type=\"widget\" data-e-type=\"widget\" data-widget_type=\"wd_text_block.default\">\n\t\t\t\t<div class=\"elementor-widget-container\">\n\t\t\t\t\t\t\t<div class=\"wd-text-block reset-last-child text-left\">\n\t\t\t\n\t\t\t<h3>T\u00e9rminos de servicio de Woodmart Games<\/h3><h3>Fecha de vigencia: 5 de julio de 2023<\/h3><p>Los t\u00e9rminos de este acuerdo (&quot;ToS&quot;) rigen la relaci\u00f3n entre usted y Woodmart Games y sus afiliados (en adelante &quot;Woodmart Games&quot; o &quot;Nosotros&quot;) con respecto a su uso de los juegos, sitios web y servicios relacionados de Woodmart Games ( el \u201cServicio\u201d). En este acuerdo, \u201cWoodmart Games\u201d significa Woodmart ubicado en 294 Bay Meadows Ave Bay Shore, NY 11706. \u201cWoodmart Games\u201d tambi\u00e9n incluye afiliadas, que significar\u00e1n subsidiarias, empresas matrices, empresas conjuntas y otras entidades corporativas de propiedad com\u00fan. El uso del Servicio tambi\u00e9n se rige por las normas de Nitro Games. <a href=\"#\" target=\"_blank\" rel=\"noopener noreferrer\">pol\u00edtica de privacidad<\/a>, que se incorpora aqu\u00ed como referencia.<\/p>\n\t\t\t\t\t<\/div>\n\t\t\t\t\t\t<\/div>\n\t\t\t\t<\/div>\n\t\t\t\t<div class=\"elementor-element elementor-element-8b981b3 elementor-widget elementor-widget-wd_infobox\" data-id=\"8b981b3\" data-element_type=\"widget\" data-e-type=\"widget\" data-widget_type=\"wd_infobox.default\">\n\t\t\t\t<div class=\"elementor-widget-container\">\n\t\t\t\t\t\t\t<div class=\"info-box-wrapper\">\n\t\t\t<div class=\"wd-info-box text-left box-icon-align-left box-style-base color-scheme- wd-items-middle\">\n\t\t\t\t\t\t\t\t\t<div class=\"box-icon-wrapper  box-with-icon box-icon-simple\">\n\t\t\t\t\t\t<div class=\"info-box-icon\">\n\t\t\t\t\t\t\t\t\t\t\t\t\t\t\t<div class=\"info-svg-wrapper\" style=\"width:24px; height:24px;\"><img loading=\"lazy\" decoding=\"async\" src=\"https:\/\/relogios-online.com\/wp-content\/uploads\/2023\/07\/wd-vgs-specification-overview-w.svg\" title=\"wd-vgs-especificaci\u00f3n-descripci\u00f3n general-w\" width=\"24\" height=\"24\" alt=\"\"><\/div>\t\t\t\t\t\t\t\t\t\t\t\t\t<\/div>\n\t\t\t\t\t<\/div>\n\t\t\t\t\n\t\t\t\t<div class=\"info-box-content\">\n\t\t\t\t\t\n\t\t\t\t\t\t\t\t\t\t\t<h4\t\t\t\t\t\tclass=\"info-box-title title box-title-style-default wd-fontsize-s\" data-elementor-setting-key=\"title\">\n\t\t\t\t\t\t\t\tLos residentes de los Estados Unidos tambi\u00e9n aceptan que las disputas con Woodmart Games deben resolverse de forma individual mediante un arbitraje final y vinculante, como se describe en detalle en la Secci\u00f3n 8 (Resoluci\u00f3n de disputas).\t\t\t\t\t\t<\/h4>\n\t\t\t\t\t\n\t\t\t\t\t<div class=\"info-box-inner reset-last-child\"data-elementor-setting-key=\"content\"><\/div>\n\n\t\t\t\t\t\t\t\t\t<\/div>\n\n\t\t\t\t\t\t\t<\/div>\n\t\t<\/div>\n\t\t\t\t\t\t<\/div>\n\t\t\t\t<\/div>\n\t\t\t\t<div class=\"elementor-element elementor-element-7241627 elementor-widget elementor-widget-wd_text_block\" data-id=\"7241627\" data-element_type=\"widget\" data-e-type=\"widget\" data-widget_type=\"wd_text_block.default\">\n\t\t\t\t<div class=\"elementor-widget-container\">\n\t\t\t\t\t\t\t<div class=\"wd-text-block reset-last-child text-left\">\n\t\t\t\n\t\t\t<p>Es irreal, extra\u00f1o, te hace preguntarte si algo anda mal, parece buscar tu atenci\u00f3n por todas las razones equivocadas. Por lo general, preferimos lo real, vino sin conservantes a base de azufre, mantequilla real, no margarina, y por eso nos gustar\u00eda que nuestros dise\u00f1os y dise\u00f1os estuvieran llenos de palabras reales, con pensamientos que cuenten, informaci\u00f3n que tenga valor.<\/p><h4>1. Licencia<\/h4><p>Los ingredientes que puede elegir para esa porci\u00f3n de pizza de la cena televisiva cuando se olvid\u00f3 de comprar alimentos, la pintura que puede ponerse en la cara para impresionar al nuevo jefe es asunto suyo. Pero \u00bfqu\u00e9 pasa con tu pan de cada d\u00eda? Dise\u00f1e composiciones, dise\u00f1os, esquemas: \u00bfAceptar\u00e1n sus clientes que haga las cosas de la manera m\u00e1s f\u00e1cil?<\/p><h4>2. Propiedad<\/h4><p>Las autoridades de nuestro negocio dir\u00e1n en t\u00e9rminos muy claros que Lorem Ipsum es ese enorme, enorme no al que renunciar para siempre. No tan r\u00e1pido, dir\u00eda yo, hay algunos factores redentores a favor del texto griego, ya que su uso es simplemente el s\u00edntoma de un problema peor a tener en cuenta.<\/p><h4>3. Contenido del usuario<\/h4><p>Empiezas con un texto, esculpes informaci\u00f3n, eliminas lo que no es necesario, vas al grano, aclaras las cosas, a\u00f1ades valor, eres una persona contenta, te gustan las palabras. El dise\u00f1o no es una ocurrencia tard\u00eda, ni mucho menos, pero ocupa un merecido segundo lugar. De todos modos, todav\u00eda usas Lorem Ipsum y con raz\u00f3n, ya que siempre tendr\u00e1 un lugar en la caja de herramientas del trabajador web, a medida que suceden las cosas, no siempre como te gusta, no siempre en el orden preferido.<\/p><h4>4. Tarifas y condiciones de compra<\/h4><p>Incluso si le interesa menos el dise\u00f1o y m\u00e1s la estrategia de contenido, puede encontrar alg\u00fan valor redentor, espere, copia ficticia, nada menos. Hiciste todas las maquetas necesarias para el dise\u00f1o encargado, obtuviste todas las aprobaciones, creaste una base de c\u00f3digo probada o las hiciste construir, te decidiste por un sistema de gesti\u00f3n de contenidos, obtuviste una licencia para ello o adaptaste el software de c\u00f3digo abierto a las necesidades de tu cliente. Entonces surge la pregunta: \u00bfd\u00f3nde est\u00e1 el contenido?<\/p><h4>5. Actualizaciones del Servicio<\/h4><p>Eso no es tan malo, hay una copia ficticia al rescate. Pero peor a\u00fan, \u00bfqu\u00e9 pasa si el pescado no cabe en la lata o el pie es demasiado grande para la bota? \u00bfO demasiado peque\u00f1o? A oraciones cortas, a muchos t\u00edtulos, im\u00e1genes demasiado grandes para el dise\u00f1o propuesto, o demasiado peque\u00f1as, o encajan pero parecen dudosas por razones que las personas en la reuni\u00f3n no pueden decir en este momento, pero de alguna manera no est\u00e1n contentas. . Un cliente que est\u00e1 infeliz por una raz\u00f3n es un problema, un cliente que est\u00e1 infeliz aunque no pueda identificarlo es peor.<\/p><h4>6. Renuncia de garant\u00edas<\/h4><p>Lo m\u00e1s probable es que no hubo colaboraci\u00f3n, comunicaci\u00f3n y puntos de control; no hubo un proceso acordado o especificado con la granularidad requerida. Su estrategia de contenidos sali\u00f3 mal desde el principio. Renunciar al uso de Lorem Ipsum no habr\u00eda ayudado, no ayudar\u00e1 ahora. Es como decir que eres un mal dise\u00f1ador, usa menos texto en negrita, no uses cursiva en cada dos p\u00e1rrafos. Es cierto, pero eso no es todo lo que se necesita para volver a encarrilar las cosas.<\/p>\n\t\t\t\t\t<\/div>\n\t\t\t\t\t\t<\/div>\n\t\t\t\t<\/div>\n\t\t\t\t\t<\/div>\n\t\t\t\t<\/div>\n\t\t\t\t<\/div>","protected":false},"excerpt":{"rendered":"<p>Woodmart Games Terms of Service Effective Date: July 5, 2023 The terms of this agreement (\u201cToS\u201d) govern the relationship between<\/p>","protected":false},"author":1,"featured_media":0,"parent":0,"menu_order":0,"comment_status":"closed","ping_status":"closed","template":"","meta":{"footnotes":""},"class_list":["post-23","page","type-page","status-publish","hentry"],"jetpack_sharing_enabled":true,"_links":{"self":[{"href":"https:\/\/relogios-online.com\/es\/wp-json\/wp\/v2\/pages\/23","targetHints":{"allow":["GET"]}}],"collection":[{"href":"https:\/\/relogios-online.com\/es\/wp-json\/wp\/v2\/pages"}],"about":[{"href":"https:\/\/relogios-online.com\/es\/wp-json\/wp\/v2\/types\/page"}],"author":[{"embeddable":true,"href":"https:\/\/relogios-online.com\/es\/wp-json\/wp\/v2\/users\/1"}],"replies":[{"embeddable":true,"href":"https:\/\/relogios-online.com\/es\/wp-json\/wp\/v2\/comments?post=23"}],"version-history":[{"count":0,"href":"https:\/\/relogios-online.com\/es\/wp-json\/wp\/v2\/pages\/23\/revisions"}],"wp:attachment":[{"href":"https:\/\/relogios-online.com\/es\/wp-json\/wp\/v2\/media?parent=23"}],"curies":[{"name":"wp","href":"https:\/\/api.w.org\/{rel}","templated":true}]}}