{"id":3767,"date":"2024-08-27T01:45:58","date_gmt":"2024-08-27T01:45:58","guid":{"rendered":"https:\/\/relogios-online.com\/produto\/benyar-by-5185-relogio-automatico-para-homem\/"},"modified":"2025-10-17T17:16:14","modified_gmt":"2025-10-17T16:16:14","slug":"benyar-by-5185-relogio-automatico-para-homem","status":"publish","type":"product","link":"https:\/\/relogios-online.com\/es\/producto\/benyar-by-5185-reloj-automatico-para-hombre\/","title":{"rendered":"BENYAR BY-5185 Reloj autom\u00e1tico para hombre"},"content":{"rendered":"<p><strong>BENYAR BY-5185 Reloj autom\u00e1tico para hombre<\/strong><\/p>\n<p>EL <strong>BENYAR BY-5185<\/strong> Es el reloj ideal para quienes buscan <strong>relojes autom\u00e1ticos para hombre<\/strong> que combinan elegancia y durabilidad. Este modelo es perfecto para <strong>relojes de lujo<\/strong> y <strong>relojes formales<\/strong>, que ofrece movimiento autom\u00e1tico y cuerda manual para una m\u00e1xima precisi\u00f3n. Con resistencia al agua 10ATM y cristal. <strong>durolex<\/strong>, el BY-5185 est\u00e1 dise\u00f1ado para durar, lo que lo hace adecuado tanto para la vida cotidiana como para la nataci\u00f3n. Hecho con <strong>acero inoxidable<\/strong> y materiales de alta calidad, es resistente a los golpes y tiene un calendario completo, lo que lo convierte en una opci\u00f3n premium para quienes valoran <strong>relojes de calidad<\/strong> y <strong>relojes de lujo<\/strong>. <strong>Comprar ahora<\/strong> y a\u00f1ade un toque de sofisticaci\u00f3n a tu estilo con <strong>BENYAR BY-5185<\/strong>!<\/p>\n<p><strong>Especificaciones t\u00e9cnicas:<\/strong><\/p>\n<ul>\n<li><strong>Marca<\/strong>: BE\u00d1AR<\/li>\n<li><strong>Modelo<\/strong>: POR-5185<\/li>\n<li><strong>Movimiento<\/strong>: Cuerda autom\u00e1tica y manual<\/li>\n<li><strong>Di\u00e1metro del dial<\/strong>: 39mm<\/li>\n<li><strong>Material de la caja<\/strong>: Aleaci\u00f3n de metales<\/li>\n<li><strong>Grosor de la caja<\/strong>: 11,7 mm<\/li>\n<li><strong>Ancho de la pulsera<\/strong>: 20mm<\/li>\n<li><strong>Longitud de la pulsera<\/strong>: 21cm<\/li>\n<li><strong>Material de la pulsera<\/strong>: Acero inoxidable<\/li>\n<li><strong>Tipo de cierre<\/strong>: Cierre de pulsera<\/li>\n<li><strong>Resistencia al agua<\/strong>: 10ATM<\/li>\n<li><strong>Caracter\u00edsticas<\/strong>: Fecha autom\u00e1tica, Calendario completo, Resistente a golpes, Agujas luminosas<\/li>\n<\/ul>\n<p>Este reloj coincide <strong>dise\u00f1o moderno<\/strong> y <strong>funciones avanzadas<\/strong>, siendo una excelente opci\u00f3n para quienes buscan <strong>relojes de hombre online en Portugal<\/strong>.<\/p>\n<p>&nbsp;<\/p>\n<p>\u2022 <strong>Movimiento autom\u00e1tico de cuerda autom\u00e1tica<\/strong>: Experimente el lujo de un reloj mec\u00e1nico aut\u00f3nomo, que garantiza una hora precisa sin necesidad de ajustes manuales frecuentes.<\/p>\n<p>\u2022 <strong>Resistencia al agua de 10 bar.<\/strong>: Dise\u00f1ado para aventureros, este reloj tiene una impresionante resistencia al agua de 10 bares, ideal para bucear y otros deportes acu\u00e1ticos.<\/p>\n<p>\u2022 <strong>Punteros luminosos<\/strong>: Nunca pierda el tiempo en condiciones de poca luz con la comodidad de las manecillas luminosas, que agregan utilidad y mejoran la visibilidad.<\/p>\n<p>\u2022 <strong>Material de la pulsera de acero inoxidable.<\/strong>: Fabricada con acero inoxidable duradero, la pulsera promete resistencia y longevidad, lo que la convierte en una opci\u00f3n ideal para el uso diario.<\/p>\n<p>\u2022 <strong>Material de vidrio de esfera Hardlex<\/strong>: El material Hardlex garantiza resistencia a los ara\u00f1azos y claridad, ofreciendo una experiencia de visualizaci\u00f3n superior.<\/p>\n<p>\u2022 <strong>Forma de caja redonda<\/strong>: La forma de caja redonda a\u00f1ade un toque cl\u00e1sico a tu look, convirti\u00e9ndolo en un accesorio vers\u00e1til para ocasiones formales e informales.<\/p>\n<p><strong>Marca<\/strong>: BE\u00d1AR<br \/>\n<strong>Estilo<\/strong>: casual, moda, deportivo, negocios, lujo<br \/>\n<strong>Mostrar<\/strong>: Anal\u00f3gico<br \/>\n<strong>Movimiento<\/strong>: Gaviota ST6<br \/>\n<strong>Caracter\u00edsticas principales<\/strong>:<\/p>\n<ul>\n<li>100% nuevo con etiqueta y de alta calidad.<\/li>\n<li>Resistente al agua 10ATM\/100M (Admite ducha fr\u00eda y nataci\u00f3n, no opere el reloj bajo el agua, no admite agua caliente);<\/li>\n<li>Dise\u00f1o de alta calidad de marca de lujo, funci\u00f3n de visualizaci\u00f3n de fecha; <strong>Material de la caja<\/strong>: Liga<br \/>\n<strong>Pulsera<\/strong>: Acero inoxidable de alta calidad<\/li>\n<\/ul>\n<p><img decoding=\"async\" src=\"https:\/\/ae01.alicdn.com\/kf\/S5a242abc590f44989d96293feb9c8982J.jpg\" alt=\"\" title=\"\"><img decoding=\"async\" src=\"https:\/\/ae01.alicdn.com\/kf\/S582d9764cdfb4b448a47f72c9a3551dco.jpg\" alt=\"\" title=\"\"><img decoding=\"async\" src=\"https:\/\/ae01.alicdn.com\/kf\/S67dc2244a5b9433aaf56c8515efdcbb61.jpg\" alt=\"\" title=\"\"><img decoding=\"async\" src=\"https:\/\/ae01.alicdn.com\/kf\/Sae326f0c562a47deabe70e383df219dfr.jpg\" alt=\"\" title=\"\"><img decoding=\"async\" src=\"https:\/\/ae01.alicdn.com\/kf\/S2ed94f7669994184a11381f7c944e1b3r.jpg\" alt=\"\" title=\"\"><img decoding=\"async\" src=\"https:\/\/ae01.alicdn.com\/kf\/Sc1f8dc353bfe415d9187d14d6e39dabf6.jpg\" alt=\"\" title=\"\"><img decoding=\"async\" src=\"https:\/\/ae01.alicdn.com\/kf\/S236f514264194a73bf976a244577b5f5V.jpg\" alt=\"\" title=\"\"><img decoding=\"async\" src=\"https:\/\/ae01.alicdn.com\/kf\/Sc6776048780d4a4da8ec1db77e82315aV.jpg\" alt=\"\" title=\"\"><img decoding=\"async\" src=\"https:\/\/ae01.alicdn.com\/kf\/S4345ab2a203141178d08d20a9bfe532al.jpg\" alt=\"\" title=\"\"><img decoding=\"async\" src=\"https:\/\/ae01.alicdn.com\/kf\/S5fb64af44d614250943b4c8710184f76c.jpg\" alt=\"\" title=\"\"><img decoding=\"async\" src=\"https:\/\/ae01.alicdn.com\/kf\/Sc31616ab5cfe45d680e3270e5ab7dac2V.jpg\" alt=\"\" title=\"\"><img decoding=\"async\" src=\"https:\/\/ae01.alicdn.com\/kf\/S46d1d9fcc6f546f4a6c118b0a24b7a073.jpg\" alt=\"\" title=\"\"><img decoding=\"async\" src=\"https:\/\/ae01.alicdn.com\/kf\/S97863a9337be49c0a792ffc2e9e51eb7L.jpg\" alt=\"\" title=\"\"><img decoding=\"async\" src=\"https:\/\/ae01.alicdn.com\/kf\/Sefeab8a1e5d143ec8192baf0a8d58122A.jpg\" alt=\"\" title=\"\"><img decoding=\"async\" src=\"https:\/\/ae01.alicdn.com\/kf\/Sffffdd186cf3411cb8957a92f98a6a0cP.jpg\" alt=\"\" title=\"\"><img decoding=\"async\" src=\"https:\/\/ae01.alicdn.com\/kf\/Sdbc2055ad2c240d1a272c679bf5b5877j.jpg\" alt=\"\" title=\"\"><img decoding=\"async\" src=\"https:\/\/ae01.alicdn.com\/kf\/S69166a2d02304804a638df9d31e7c5c8D.jpg\" alt=\"\" title=\"\"><img decoding=\"async\" src=\"https:\/\/ae01.alicdn.com\/kf\/S902da1e010a744ce81aa4f18a1d5cee8o.jpg\" alt=\"\" title=\"\"><img decoding=\"async\" src=\"https:\/\/ae01.alicdn.com\/kf\/S083a7f43fe2b4e52b7d42f06863598b3Q.jpg\" alt=\"\" title=\"\"><img decoding=\"async\" src=\"https:\/\/ae01.alicdn.com\/kf\/S80f5931b697648049178bd79b07c1ba4A.jpg\" alt=\"\" title=\"\"><img decoding=\"async\" src=\"https:\/\/ae01.alicdn.com\/kf\/Sfb29da1a0f744389a59fe5be496e88e3A.jpg\" alt=\"\" title=\"\"><\/p>\n<p><a href=\"https:\/\/relogios-online.com\/\" target=\"_blank\" rel=\"noopener\">Ver todos los productos de Relojes para Hombre en relogios-online.com<\/a><\/p>","protected":false},"excerpt":{"rendered":"<p>\ud83d\ude9a <strong>Env\u00edo global est\u00e1ndar completo<\/strong> (con impuestos y tasas ya incluidos).<br \/>\nEcha un vistazo a nuestro <a href=\"https:\/\/relogios-online.com\/politica-de-envio\/\" target=\"_blank\" rel=\"noopener\">Pol\u00edtica de env\u00edo<\/a>.<\/p>\n<p>\ud83d\udee1\ufe0f <strong>Seguro de calidad<\/strong><br \/>\nTodos nuestros productos tienen <strong>garant\u00eda de 12 meses<\/strong>, asegurando calidad y satisfacci\u00f3n.<\/p>\n<p>\ud83d\udcde <strong>Atenci\u00f3n al cliente<\/strong><br \/>\nNuestro equipo est\u00e1 siempre listo para ayudarle en cada etapa de su compra.<\/p>\n<p>\ud83d\udcb3 <strong>Pago Seguro<\/strong><br \/>\nOfrecemos opciones de pago seguras 100% para garantizar que sus datos est\u00e9n protegidos.<\/p>\n<p>\u2b50 <strong>Producto Original<\/strong><br \/>\nS\u00f3lo trabajamos con relojes originales y de alta calidad, directamente de las mejores marcas.<br \/>\nEcha un vistazo a nuestro <a href=\"https:\/\/relogios-online.com\/politica-de-envio\/\" target=\"_blank\" rel=\"noopener\">Pol\u00edtica de env\u00edo<\/a>.<\/p>","protected":false},"featured_media":3766,"comment_status":"open","ping_status":"closed","template":"","meta":[],"product_brand":[],"product_cat":[62,77,65,60,56],"product_tag":[96,85,81,101,92,93,91,79,83,89],"class_list":{"0":"post-3767","1":"product","2":"type-product","3":"status-publish","4":"has-post-thumbnail","6":"product_cat-automatico","7":"product_cat-benyar","8":"product_cat-hardlex","9":"product_cat-relogios-formais","10":"product_cat-relogios-homem","11":"product_tag-benyar","12":"product_tag-relogios-automaticos","13":"product_tag-relogios-de-luxo","14":"product_tag-relogios-de-marca","15":"product_tag-relogios-de-pulso","16":"product_tag-relogios-elegantes","17":"product_tag-relogios-hardlex","18":"product_tag-relogios-homem","19":"product_tag-relogios-online-portugal","20":"product_tag-relogios-resistentes-a-agua","22":"first","23":"instock","24":"shipping-taxable","25":"purchasable","26":"product-type-variable"},"jetpack_sharing_enabled":true,"_links":{"self":[{"href":"https:\/\/relogios-online.com\/es\/wp-json\/wp\/v2\/product\/3767","targetHints":{"allow":["GET"]}}],"collection":[{"href":"https:\/\/relogios-online.com\/es\/wp-json\/wp\/v2\/product"}],"about":[{"href":"https:\/\/relogios-online.com\/es\/wp-json\/wp\/v2\/types\/product"}],"replies":[{"embeddable":true,"href":"https:\/\/relogios-online.com\/es\/wp-json\/wp\/v2\/comments?post=3767"}],"version-history":[{"count":1,"href":"https:\/\/relogios-online.com\/es\/wp-json\/wp\/v2\/product\/3767\/revisions"}],"predecessor-version":[{"id":9649,"href":"https:\/\/relogios-online.com\/es\/wp-json\/wp\/v2\/product\/3767\/revisions\/9649"}],"wp:featuredmedia":[{"embeddable":true,"href":"https:\/\/relogios-online.com\/es\/wp-json\/wp\/v2\/media\/3766"}],"wp:attachment":[{"href":"https:\/\/relogios-online.com\/es\/wp-json\/wp\/v2\/media?parent=3767"}],"wp:term":[{"taxonomy":"product_brand","embeddable":true,"href":"https:\/\/relogios-online.com\/es\/wp-json\/wp\/v2\/product_brand?post=3767"},{"taxonomy":"product_cat","embeddable":true,"href":"https:\/\/relogios-online.com\/es\/wp-json\/wp\/v2\/product_cat?post=3767"},{"taxonomy":"product_tag","embeddable":true,"href":"https:\/\/relogios-online.com\/es\/wp-json\/wp\/v2\/product_tag?post=3767"}],"curies":[{"name":"wp","href":"https:\/\/api.w.org\/{rel}","templated":true}]}}