{"id":5655,"date":"2024-09-24T21:43:37","date_gmt":"2024-09-24T21:43:37","guid":{"rendered":"https:\/\/relogios-online.com\/produto\/relogio-masculino-casio-padrao-analogico-com-pulseira-de-resina-mostrador-preto-quartzo-mtp-vd300-1b-mtpvd300-1b\/"},"modified":"2024-10-11T14:18:53","modified_gmt":"2024-10-11T14:18:53","slug":"relogio-masculino-casio-padrao-analogico-com-pulseira-de-resina-mostrador-preto-quartzo-mtp-vd300-1b-mtpvd300-1b","status":"publish","type":"product","link":"https:\/\/relogios-online.com\/es\/producto\/reloj-casio-analogico-estandar-para-hombre-con-correa-de-resina-esfera-negra-cuarzo-mtp-vd300-1b-mtpvd300-1b\/","title":{"rendered":"Reloj Casio para Hombre con Patr\u00f3n Anal\u00f3gico y Correa de Resina, Esfera Negra, Cuarzo MTP-VD300-1B MTPVD300-1B"},"content":{"rendered":"<p>EL <strong>Casio MTP-VD300-1B<\/strong> Es un reloj para hombre elegante y funcional, ideal para quienes buscan practicidad y estilo en un solo accesorio. con un <strong>caja de acero inoxidable<\/strong> y una correa de resina, este reloj es resistente y c\u00f3modo para el uso diario. EL <strong>movimiento de cuarzo<\/strong> garantiza la precisi\u00f3n del tiempo, mientras que el <strong>pantalla anal\u00f3gica negra<\/strong> con marcadores num\u00e9ricos e \u00edndices ofrece una lectura clara y elegante de la hora.<\/p>\n<p>Las caracter\u00edsticas del reloj <strong>Funci\u00f3n de visualizaci\u00f3n de d\u00eda y fecha.<\/strong>, aportando practicidad y funcionalidad al usuario. Adem\u00e1s, tiene <strong>resistencia al agua<\/strong>, lo que lo hace adecuado para actividades cotidianas como lavarse las manos o afrontar una lluvia ligera. El cristal mineral protege la esfera de ara\u00f1azos y da\u00f1os, manteniendo el reloj con un aspecto impecable.<\/p>\n<p>Su dise\u00f1o cl\u00e1sico y casual hace del Casio MTP-VD300-1B una excelente opci\u00f3n para quienes buscan un reloj que se adapte a cualquier ocasi\u00f3n, ya sea de trabajo o de ocio.<\/p>\n<h4>Llamado a la acci\u00f3n<\/h4>\n<p>Compra ahora tu Casio MTP-VD300-1B y ten en tus manos un reloj que combina calidad, estilo y funcionalidad. \u00a1No pierdas la oportunidad de realzar tu look con un accesorio confiable y tradicional!<\/p>\n<hr \/>\n<h3>Detalle t\u00e9cnico<\/h3>\n<ul>\n<li><strong>Marca:<\/strong> Casio<\/li>\n<li><strong>Modelo:<\/strong> MTP-VD300-1B<\/li>\n<li><strong>Serie:<\/strong> Est\u00e1ndar<\/li>\n<li><strong>Sexo:<\/strong> Masculino<\/li>\n<li><strong>Movimiento:<\/strong> Cuarzo<\/li>\n<li><strong>Material de la Caja:<\/strong> Acero inoxidable<\/li>\n<li><strong>Di\u00e1metro de la caja:<\/strong> 45mm<\/li>\n<li><strong>Grosor de la Caja:<\/strong> 8,7 mm<\/li>\n<li><strong>Formato de caja:<\/strong> Redondo<\/li>\n<li><strong>Material de cristal:<\/strong> Cristal mineral<\/li>\n<li><strong>Tipo de pantalla:<\/strong> Cosa an\u00e1loga<\/li>\n<li><strong>Color de la esfera:<\/strong> Negro<\/li>\n<li><strong>Etiquetas:<\/strong> \u00cdndice con n\u00fameros a las 12, 3, 6 y 9 horas.<\/li>\n<li><strong>Material de pulsera:<\/strong> Resina<\/li>\n<li><strong>Tipo de cierre:<\/strong> Hebilla<\/li>\n<li><strong>Resistencia al agua:<\/strong> Resistente a salpicaduras<\/li>\n<li><strong>Funciones adicionales:<\/strong> Visualizaci\u00f3n de 12\/24 horas, visualizaci\u00f3n de d\u00eda y fecha.<\/li>\n<li><strong>Estilo:<\/strong> Casual<\/li>\n<li><strong>Garantizar:<\/strong> 1 a\u00f1o de garant\u00eda internacional<\/li>\n<\/ul>\n<p>Este producto es 100% original y nuevo, garantizado por la marca Casio.<\/p>","protected":false},"excerpt":{"rendered":"<p>\ud83d\ude9a <strong>Opciones de env\u00edo est\u00e1ndar y expr\u00e9s<\/strong>: Elija entre <strong>Env\u00edo est\u00e1ndar global<\/strong> (15 a 21 d\u00edas h\u00e1biles para la Uni\u00f3n Europea, 14 a 18 d\u00edas h\u00e1biles para Estados Unidos y Australia, 4 a 6 semanas para Brasil y 3 a 6 semanas para otros pa\u00edses): el cliente puede ser responsable del IVA y los aranceles aduaneros, si ocurren \u2013 o <strong>Env\u00edo expr\u00e9s (DHL\/FedEx)<\/strong> en <strong>5 d\u00edas laborables<\/strong> con todos los gastos ya incluidos en el precio.<br \/>\nEcha un vistazo a nuestro <strong>Pol\u00edtica <a href=\"https:\/\/relogios-online.com\/politica-de-envio\/\" target=\"_blank\" rel=\"noopener\">Pol\u00edtica de env\u00edo<\/a>.<\/strong><\/p>\n<p>\ud83d\udd12 <strong>Seguro de calidad<\/strong>: Todos nuestros productos tienen <strong>garant\u00eda de 12 meses<\/strong>, asegurando calidad y satisfacci\u00f3n.<\/p>\n<p>\ud83d\udcde <strong>Atenci\u00f3n al cliente<\/strong>: Nuestro equipo est\u00e1 siempre listo para ayudarle en cada etapa de su compra.<\/p>\n<p>\ud83d\udcb3 <strong>Pago Seguro<\/strong>: Ofrecemos opciones de pago seguras 100% para garantizar que sus datos est\u00e9n protegidos.<\/p>\n<p>\u2705 <strong>Producto Original<\/strong>: S\u00f3lo trabajamos con relojes originales y de alta calidad, directamente de las mejores marcas.<\/p>","protected":false},"featured_media":5645,"comment_status":"open","ping_status":"closed","template":"","meta":[],"product_brand":[],"product_cat":[20],"product_tag":[],"class_list":{"0":"post-5655","1":"product","2":"type-product","3":"status-publish","4":"has-post-thumbnail","6":"product_cat-sem-categoria","8":"first","9":"instock","10":"sale","11":"shipping-taxable","12":"purchasable","13":"product-type-variable"},"jetpack_sharing_enabled":true,"_links":{"self":[{"href":"https:\/\/relogios-online.com\/es\/wp-json\/wp\/v2\/product\/5655","targetHints":{"allow":["GET"]}}],"collection":[{"href":"https:\/\/relogios-online.com\/es\/wp-json\/wp\/v2\/product"}],"about":[{"href":"https:\/\/relogios-online.com\/es\/wp-json\/wp\/v2\/types\/product"}],"replies":[{"embeddable":true,"href":"https:\/\/relogios-online.com\/es\/wp-json\/wp\/v2\/comments?post=5655"}],"version-history":[{"count":0,"href":"https:\/\/relogios-online.com\/es\/wp-json\/wp\/v2\/product\/5655\/revisions"}],"wp:featuredmedia":[{"embeddable":true,"href":"https:\/\/relogios-online.com\/es\/wp-json\/wp\/v2\/media\/5645"}],"wp:attachment":[{"href":"https:\/\/relogios-online.com\/es\/wp-json\/wp\/v2\/media?parent=5655"}],"wp:term":[{"taxonomy":"product_brand","embeddable":true,"href":"https:\/\/relogios-online.com\/es\/wp-json\/wp\/v2\/product_brand?post=5655"},{"taxonomy":"product_cat","embeddable":true,"href":"https:\/\/relogios-online.com\/es\/wp-json\/wp\/v2\/product_cat?post=5655"},{"taxonomy":"product_tag","embeddable":true,"href":"https:\/\/relogios-online.com\/es\/wp-json\/wp\/v2\/product_tag?post=5655"}],"curies":[{"name":"wp","href":"https:\/\/api.w.org\/{rel}","templated":true}]}}