{"id":5715,"date":"2024-09-25T18:38:33","date_gmt":"2024-09-25T18:38:33","guid":{"rendered":"https:\/\/relogios-online.com\/produto\/relogio-masculino-casio-padrao-analogico-de-aco-inoxidavel-com-mostrador-preto-quartzo-mdv-107d-1a1-200m\/"},"modified":"2024-09-25T18:47:54","modified_gmt":"2024-09-25T18:47:54","slug":"relogio-masculino-casio-padrao-analogico-de-aco-inoxidavel-com-mostrador-preto-quartzo-mdv-107d-1a1-200m","status":"publish","type":"product","link":"https:\/\/relogios-online.com\/es\/producto\/reloj-casio-analogico-estandar-de-acero-inoxidable-para-hombre-con-esfera-negra-de-cuarzo-mdv-107d-1a1-200m-2\/","title":{"rendered":"Reloj Casio MDV-107D-1A1 200M de cuarzo con esfera negra y acero inoxidable con patr\u00f3n anal\u00f3gico para hombre"},"content":{"rendered":"<p>presentamos el <strong>Reloj Casio MDV-107D-1A1 para hombre<\/strong>, un aut\u00e9ntico ejemplo de elegancia y funcionalidad que se adapta perfectamente a quienes buscan un complemento resistente, sofisticado y de gran calidad. Hecho con <strong>caja y pulsera de acero inoxidable<\/strong>, este reloj no s\u00f3lo es visualmente impresionante, sino que tambi\u00e9n ofrece durabilidad y robustez para el uso diario y las actividades deportivas.<\/p>\n<p>Su esfera negra con <strong>manecillas y marcadores luminosos<\/strong> Garantiza visibilidad incluso en condiciones de poca luz, facilitando la lectura de la hora en cualquier entorno. La pantalla anal\u00f3gica proporciona una sensaci\u00f3n cl\u00e1sica, mientras que la <strong>bisel giratorio unidireccional<\/strong> agrega funcionalidad \u00fatil para entusiastas del buceo o aventuras acu\u00e1ticas.<\/p>\n<p>Con una resistencia al agua de hasta <strong>200 metros<\/strong>, este reloj es perfecto para quienes disfrutan de los deportes acu\u00e1ticos o para quienes desean un accesorio que pueda soportar cualquier situaci\u00f3n. El cierre desplegable garantiza un ajuste c\u00f3modo y seguro en la mu\u00f1eca.<\/p>\n<p>Adem\u00e1s, el <strong>movimiento de cuarzo<\/strong> La alta precisi\u00f3n garantiza que siempre llegue a tiempo y la visualizaci\u00f3n de la fecha agrega practicidad a su vida diaria. Protegido por un <strong>cristal mineral resistente a los ara\u00f1azos<\/strong>, el Casio MDV-107D-1A1 est\u00e1 dise\u00f1ado para soportar los desaf\u00edos cotidianos con estilo y eficiencia.<\/p>\n<p>Este reloj es la opci\u00f3n ideal para quienes buscan calidad, estilo y funcionalidad en un solo accesorio. Invierte en un reloj que elevar\u00e1 tu estilo y te acompa\u00f1ar\u00e1 en cada ocasi\u00f3n.<\/p>\n<p><strong>Detalles t\u00e9cnicos:<\/strong><\/p>\n<ul>\n<li><strong>Marca:<\/strong> Casio<\/li>\n<li><strong>Serie:<\/strong> Est\u00e1ndar<\/li>\n<li><strong>Modelo:<\/strong> MDV-107D-1A1<\/li>\n<li><strong>G\u00e9nero:<\/strong> Masculino<\/li>\n<li><strong>Movimiento:<\/strong> Cuarzo<\/li>\n<li><strong>Di\u00e1metro de la caja:<\/strong> 44,20 mm<\/li>\n<li><strong>Grosor de la Caja:<\/strong> 12,10 mm<\/li>\n<li><strong>Material de la Caja:<\/strong> Acero inoxidable<\/li>\n<li><strong>Tipo de pantalla:<\/strong> Cosa an\u00e1loga<\/li>\n<li><strong>Color de la esfera:<\/strong> Negro<\/li>\n<li><strong>Material de cristal:<\/strong> cristal mineral<\/li>\n<li><strong>Resistencia al agua:<\/strong> 200M<\/li>\n<li><strong>Funciones:<\/strong> Fecha, Hora, Minuto, Segundo<\/li>\n<li><strong>Cierre:<\/strong> Cierre de implementaci\u00f3n<\/li>\n<li><strong>Material de pulsera:<\/strong> Acero inoxidable<\/li>\n<li><strong>Estilo:<\/strong> Deportes<\/li>\n<li><strong>Garantizar:<\/strong> 1 a\u00f1o de garant\u00eda internacional<\/li>\n<\/ul>\n<p>Ahora es el momento adecuado para a\u00f1adir un toque de sofisticaci\u00f3n a tu estilo con el Casio MDV-107D-1A1. \u00a1Aprovecha y garantiza el tuyo ahora mismo!<\/p>","protected":false},"excerpt":{"rendered":"<p>\ud83d\ude9a\u00a0<strong>Opciones de env\u00edo est\u00e1ndar y expr\u00e9s<\/strong>: Elija entre\u00a0<strong>Env\u00edo est\u00e1ndar global<\/strong>\u00a0(15 a 21 d\u00edas h\u00e1biles para la Uni\u00f3n Europea, 14 a 18 d\u00edas h\u00e1biles para Estados Unidos y Australia, 4 a 6 semanas para Brasil y 3 a 6 semanas para otros pa\u00edses): el cliente puede ser responsable del IVA y los aranceles aduaneros, si ocurren \u2013 o\u00a0<strong>Env\u00edo expr\u00e9s (DHL\/FedEx)<\/strong>\u00a0en\u00a0<strong>5 d\u00edas laborables<\/strong>\u00a0con todos los gastos ya incluidos en el precio.<br \/>\nEcha un vistazo a nuestro\u00a0<strong>Pol\u00edtica\u00a0<a href=\"https:\/\/relogios-online.com\/politica-de-envio\/\" target=\"_blank\" rel=\"noopener\">Pol\u00edtica de env\u00edo<\/a>.<\/strong><\/p>\n<p>\ud83d\udd12\u00a0<strong>Seguro de calidad<\/strong>: Todos nuestros productos tienen\u00a0<strong>garant\u00eda de 12 meses<\/strong>, asegurando calidad y satisfacci\u00f3n.<\/p>\n<p>\ud83d\udcde\u00a0<strong>Atenci\u00f3n al cliente<\/strong>: Nuestro equipo est\u00e1 siempre listo para ayudarle en cada etapa de su compra.<\/p>\n<p>\ud83d\udcb3\u00a0<strong>Pago Seguro<\/strong>: Ofrecemos opciones de pago seguras 100% para garantizar que sus datos est\u00e9n protegidos.<\/p>\n<p>\u2705\u00a0<strong>Producto Original<\/strong>: S\u00f3lo trabajamos con relojes originales y de alta calidad, directamente de las mejores marcas.<\/p>","protected":false},"featured_media":5588,"comment_status":"open","ping_status":"closed","template":"","meta":[],"product_brand":[],"product_cat":[20],"product_tag":[],"class_list":{"0":"post-5715","1":"product","2":"type-product","3":"status-publish","4":"has-post-thumbnail","6":"product_cat-sem-categoria","8":"first","9":"instock","10":"sale","11":"shipping-taxable","12":"purchasable","13":"product-type-variable"},"jetpack_sharing_enabled":true,"_links":{"self":[{"href":"https:\/\/relogios-online.com\/es\/wp-json\/wp\/v2\/product\/5715","targetHints":{"allow":["GET"]}}],"collection":[{"href":"https:\/\/relogios-online.com\/es\/wp-json\/wp\/v2\/product"}],"about":[{"href":"https:\/\/relogios-online.com\/es\/wp-json\/wp\/v2\/types\/product"}],"replies":[{"embeddable":true,"href":"https:\/\/relogios-online.com\/es\/wp-json\/wp\/v2\/comments?post=5715"}],"version-history":[{"count":0,"href":"https:\/\/relogios-online.com\/es\/wp-json\/wp\/v2\/product\/5715\/revisions"}],"wp:featuredmedia":[{"embeddable":true,"href":"https:\/\/relogios-online.com\/es\/wp-json\/wp\/v2\/media\/5588"}],"wp:attachment":[{"href":"https:\/\/relogios-online.com\/es\/wp-json\/wp\/v2\/media?parent=5715"}],"wp:term":[{"taxonomy":"product_brand","embeddable":true,"href":"https:\/\/relogios-online.com\/es\/wp-json\/wp\/v2\/product_brand?post=5715"},{"taxonomy":"product_cat","embeddable":true,"href":"https:\/\/relogios-online.com\/es\/wp-json\/wp\/v2\/product_cat?post=5715"},{"taxonomy":"product_tag","embeddable":true,"href":"https:\/\/relogios-online.com\/es\/wp-json\/wp\/v2\/product_tag?post=5715"}],"curies":[{"name":"wp","href":"https:\/\/api.w.org\/{rel}","templated":true}]}}