{"id":5765,"date":"2024-09-25T20:49:30","date_gmt":"2024-09-25T20:49:30","guid":{"rendered":"https:\/\/relogios-online.com\/produto\/alarme-de-hora-mundial-casio-g-shock-relogio-ga-100-1a2-ga-100\/"},"modified":"2025-10-17T17:16:10","modified_gmt":"2025-10-17T16:16:10","slug":"alarme-de-hora-mundial-casio-g-shock-relogio-ga-100-1a2-ga-100","status":"publish","type":"product","link":"https:\/\/relogios-online.com\/es\/producto\/alarma-de-hora-mundial-reloj-casio-g-shock-ga-100-1a2-ga-100\/","title":{"rendered":"Reloj despertador Casio G-Shock con hora mundial GA-100-1A2 GA-100"},"content":{"rendered":"<p>EL <strong>Casio G-Shock GA-100-1A2<\/strong> Es el reloj perfecto para quienes buscan durabilidad, estilo y funciones avanzadas. Conocido por su <strong>resistencia a los golpes<\/strong> Y de construcci\u00f3n robusta, este reloj es ideal para quienes tienen un estilo de vida activo y necesitan un accesorio que pueda seguir el ritmo de todas sus aventuras diarias. Equipado con <strong>resistencia magn\u00e9tica<\/strong> y <strong>Resistencia al agua de 200 m<\/strong>, es la elecci\u00f3n perfecta para quienes practican deportes acu\u00e1ticos o actividades al aire libre.<\/p>\n<p>El modelo tiene <strong>pantalla anal\u00f3gica y digital<\/strong>, proporcionando una lectura clara y precisa de la hora. EL <strong>luz LED<\/strong> y la opci\u00f3n de cambio de luz autom\u00e1tico le permiten ver el reloj incluso en ambientes oscuros, y el brillo seleccionable garantiza una experiencia c\u00f3moda de uso. Adem\u00e1s, el <strong>calendario autom\u00e1tico completo<\/strong> y el <strong>5 alarmas diarias independientes<\/strong> hacen que el Casio G-Shock GA-100-1A2 sea extremadamente funcional para quienes tienen una rutina ocupada.<\/p>\n<p>La funcionalidad de <strong>hora mundial<\/strong> le permite realizar un seguimiento de la hora en 29 zonas horarias diferentes, lo que lo convierte en una excelente opci\u00f3n para viajeros y aventureros. EL <strong>Cron\u00f3metro de 1\/1000 segundos<\/strong> y el <strong>temporizador de cuenta regresiva<\/strong> Ofrecen una precisi\u00f3n \u00fanica, perfecta para quienes practican actividades que requieren medici\u00f3n del tiempo, como correr o andar en bicicleta.<\/p>\n<p>Hecho con <strong>caja de resina resistente<\/strong> y <strong>pulsera de resina duradera<\/strong>, este reloj est\u00e1 dise\u00f1ado para durar. EL <strong>cierre de hebilla<\/strong> ofrece un ajuste seguro en la mu\u00f1eca, mientras que el <strong>cristal mineral<\/strong> Protege la esfera de ara\u00f1azos. Si buscas un reloj deportivo que combine <strong>estilo, resistencia y tecnolog\u00eda<\/strong>, el Casio G-Shock GA-100-1A2 es la elecci\u00f3n correcta para usted.<\/p>\n<p>Asegura ahora tu Casio G-Shock GA-100-1A2 y disfruta de todas sus funciones avanzadas con un dise\u00f1o que nunca pasa de moda.<\/p>\n<h3>Especificaciones t\u00e9cnicas:<\/h3>\n<ul>\n<li><strong>Marca:<\/strong> Casio<\/li>\n<li><strong>Serie:<\/strong> G-choque<\/li>\n<li><strong>Modelo:<\/strong> GA-100-1A2<\/li>\n<li><strong>G\u00e9nero:<\/strong> Masculino<\/li>\n<li><strong>Movimiento:<\/strong> Cuarzo<\/li>\n<li><strong>Material de la Caja:<\/strong> Resina<\/li>\n<li><strong>Tama\u00f1o de la caja:<\/strong> 55,0 mm<\/li>\n<li><strong>Grosor de la Caja:<\/strong> 16,9 mm<\/li>\n<li><strong>Formato de caja:<\/strong> Redondo<\/li>\n<li><strong>Tipo de pulsera:<\/strong> Resina<\/li>\n<li><strong>Resistencia al agua:<\/strong> 200M<\/li>\n<li><strong>Tipo de pantalla:<\/strong> Anal\u00f3gico-Digital<\/li>\n<li><strong>Funciones:<\/strong> D\u00eda, fecha, hora, minuto, segundo<\/li>\n<li><strong>Recursos adicionales:<\/strong> Luz LED, Resistente a Golpes, Resistente Magn\u00e9tico, Hora Mundial, Cron\u00f3metro, Temporizador de Cuenta Regresiva, 5 Alarmas Diarias Independientes, Calendario Autom\u00e1tico Completo<\/li>\n<li><strong>Estilo:<\/strong> Deportes<\/li>\n<li><strong>Garantizar:<\/strong> 1 a\u00f1o de garant\u00eda internacional<\/li>\n<\/ul>\n<p>Experimenta la innovaci\u00f3n y resistencia del Casio G-Shock GA-100-1A2, un reloj que combina dise\u00f1o moderno e incre\u00edbles caracter\u00edsticas. \u00a1Consigue el tuyo ahora!<\/p>\n<p><a href=\"https:\/\/relogios-online.com\/\" target=\"_blank\" rel=\"noopener\">Ver todos los productos de Relojes para Hombre en relogios-online.com<\/a><\/p>","protected":false},"excerpt":{"rendered":"<p>\ud83d\ude9a\u00a0<strong>Opciones de env\u00edo est\u00e1ndar y expr\u00e9s<\/strong>: Elija entre\u00a0<strong>Env\u00edo est\u00e1ndar global<\/strong>\u00a0(15 a 21 d\u00edas h\u00e1biles para la Uni\u00f3n Europea, 14 a 18 d\u00edas h\u00e1biles para Estados Unidos y Australia, 4 a 6 semanas para Brasil y 3 a 6 semanas para otros pa\u00edses): el cliente puede ser responsable del IVA y los aranceles aduaneros, si ocurren \u2013 o\u00a0<strong>Env\u00edo expr\u00e9s (DHL\/FedEx)<\/strong>\u00a0en\u00a0<strong>5 d\u00edas laborables<\/strong>\u00a0con todos los gastos ya incluidos en el precio.<br \/>\nEcha un vistazo a nuestro\u00a0<strong>Pol\u00edtica\u00a0<a href=\"https:\/\/relogios-online.com\/politica-de-envio\/\" target=\"_blank\" rel=\"noopener\">Pol\u00edtica de env\u00edo<\/a>.<\/strong><\/p>\n<p>\ud83d\udd12\u00a0<strong>Seguro de calidad<\/strong>: Todos nuestros productos tienen\u00a0<strong>garant\u00eda de 12 meses<\/strong>, asegurando calidad y satisfacci\u00f3n.<\/p>\n<p>\ud83d\udcde\u00a0<strong>Atenci\u00f3n al cliente<\/strong>: Nuestro equipo est\u00e1 siempre listo para ayudarle en cada etapa de su compra.<\/p>\n<p>\ud83d\udcb3\u00a0<strong>Pago Seguro<\/strong>: Ofrecemos opciones de pago seguras 100% para garantizar que sus datos est\u00e9n protegidos.<\/p>\n<p>\u2705\u00a0<strong>Producto Original<\/strong>: S\u00f3lo trabajamos con relojes originales y de alta calidad, directamente de las mejores marcas.<\/p>","protected":false},"featured_media":5530,"comment_status":"open","ping_status":"closed","template":"","meta":[],"product_brand":[],"product_cat":[56,175,108,59],"product_tag":[],"class_list":{"0":"post-5765","1":"product","2":"type-product","3":"status-publish","4":"has-post-thumbnail","6":"product_cat-relogios-homem","7":"product_cat-casio","8":"product_cat-digital","9":"product_cat-relogios-esportivos","11":"first","12":"instock","13":"sale","14":"shipping-taxable","15":"purchasable","16":"product-type-variable"},"jetpack_sharing_enabled":true,"_links":{"self":[{"href":"https:\/\/relogios-online.com\/es\/wp-json\/wp\/v2\/product\/5765","targetHints":{"allow":["GET"]}}],"collection":[{"href":"https:\/\/relogios-online.com\/es\/wp-json\/wp\/v2\/product"}],"about":[{"href":"https:\/\/relogios-online.com\/es\/wp-json\/wp\/v2\/types\/product"}],"replies":[{"embeddable":true,"href":"https:\/\/relogios-online.com\/es\/wp-json\/wp\/v2\/comments?post=5765"}],"version-history":[{"count":1,"href":"https:\/\/relogios-online.com\/es\/wp-json\/wp\/v2\/product\/5765\/revisions"}],"predecessor-version":[{"id":9646,"href":"https:\/\/relogios-online.com\/es\/wp-json\/wp\/v2\/product\/5765\/revisions\/9646"}],"wp:featuredmedia":[{"embeddable":true,"href":"https:\/\/relogios-online.com\/es\/wp-json\/wp\/v2\/media\/5530"}],"wp:attachment":[{"href":"https:\/\/relogios-online.com\/es\/wp-json\/wp\/v2\/media?parent=5765"}],"wp:term":[{"taxonomy":"product_brand","embeddable":true,"href":"https:\/\/relogios-online.com\/es\/wp-json\/wp\/v2\/product_brand?post=5765"},{"taxonomy":"product_cat","embeddable":true,"href":"https:\/\/relogios-online.com\/es\/wp-json\/wp\/v2\/product_cat?post=5765"},{"taxonomy":"product_tag","embeddable":true,"href":"https:\/\/relogios-online.com\/es\/wp-json\/wp\/v2\/product_tag?post=5765"}],"curies":[{"name":"wp","href":"https:\/\/api.w.org\/{rel}","templated":true}]}}