{"id":5800,"date":"2024-09-26T00:46:36","date_gmt":"2024-09-26T00:46:36","guid":{"rendered":"https:\/\/relogios-online.com\/produto\/relogio-masculino-casio-g-shock-virtual-rainbow-analogico-digital-quartzo-ga-100rgb-1a-ga100rgb-1-200m\/"},"modified":"2024-09-26T17:31:04","modified_gmt":"2024-09-26T17:31:04","slug":"relogio-masculino-casio-g-shock-virtual-rainbow-analogico-digital-quartzo-ga-100rgb-1a-ga100rgb-1-200m","status":"publish","type":"product","link":"https:\/\/relogios-online.com\/es\/producto\/reloj-casio-g-shock-virtual-rainbow-analogico-digital-de-cuarzo-ga-100rgb-1a-ga100rgb-1-200m-para-hombre\/","title":{"rendered":"Reloj para hombre Casio G-Shock Virtual Rainbow anal\u00f3gico digital de cuarzo GA-100RGB-1A GA100RGB-1 200M"},"content":{"rendered":"<p><strong>Descripci\u00f3n del producto: Casio G-Shock GA-100RGB-1A: estilo y funcionalidad en un solo reloj<\/strong><\/p>\n<p>Descubre el poder del Casio G-Shock GA-100RGB-1A, un reloj dise\u00f1ado para quienes buscan resistencia, estilo y funcionalidad de vanguardia. Con caja y correa de resina de gran durabilidad, este modelo es perfecto para hombres que aprecian un accesorio robusto, pero lleno de personalidad.<\/p>\n<p>El movimiento de cuarzo, combinado con el calibre 5081, ofrece una precisi\u00f3n incomparable, mientras que la pantalla digital anal\u00f3gica multicolor aporta un toque de modernidad. La resistencia a los golpes y la protecci\u00f3n magn\u00e9tica garantizan que su reloj est\u00e9 siempre listo para afrontar cualquier situaci\u00f3n, ya sea durante actividades deportivas o en su vida cotidiana.<\/p>\n<p>Con funciones avanzadas como hora mundial, cron\u00f3metro de 1\/1000 segundos, temporizador de cuenta atr\u00e1s y 5 alarmas diarias, el Casio G-Shock GA-100RGB-1A es m\u00e1s que un simple reloj. La iluminaci\u00f3n LED facilita la visualizaci\u00f3n en entornos oscuros y el calendario autom\u00e1tico completo te mantiene siempre actualizado con el mes, el d\u00eda y la fecha.<\/p>\n<p>Este reloj es resistente al agua hasta 200 m, lo que lo hace ideal para actividades acu\u00e1ticas, buceo y deportes de aventura. Sus manecillas luminosas y marcadores de esfera facilitan la lectura, incluso en entornos con poca luz. El cierre de hebilla garantiza un ajuste seguro y c\u00f3modo en la mu\u00f1eca.<\/p>\n<p>Consigue tu Casio G-Shock GA-100RGB-1A y experimenta la combinaci\u00f3n perfecta entre estilo, tecnolog\u00eda y resistencia. No pierdas la oportunidad de tener un reloj que sigue tu ritmo y te mantiene siempre a tiempo, sin importar el desaf\u00edo.<\/p>\n<p><strong>Detalle t\u00e9cnico:<\/strong><\/p>\n<ul>\n<li><strong>Marca:<\/strong> Casio<\/li>\n<li><strong>Serie:<\/strong> G-choque<\/li>\n<li><strong>Modelo:<\/strong> GA-100RGB-1A<\/li>\n<li><strong>Sexo:<\/strong> Masculino<\/li>\n<li><strong>Movimiento:<\/strong> Cuarzo<\/li>\n<li><strong>Motor:<\/strong> Calibre 5081<\/li>\n<li><strong>Material de la Caja:<\/strong> Resina<\/li>\n<li><strong>Tama\u00f1o de la caja:<\/strong> 51,2 mm<\/li>\n<li><strong>Grosor de la Caja:<\/strong> 16,9 mm<\/li>\n<li><strong>Formato de caja:<\/strong> Redondo<\/li>\n<li><strong>Parte posterior de la caja:<\/strong> Atornillado<\/li>\n<li><strong>Cristal:<\/strong> cristal mineral<\/li>\n<li><strong>Tipo de marcaci\u00f3n:<\/strong> anal\u00f3gico digital<\/li>\n<li><strong>Color de la esfera:<\/strong> Multicolor<\/li>\n<li><strong>Marcadores de esfera:<\/strong> \u00cdndice<\/li>\n<li><strong>Luminiscencia:<\/strong> manos luminosas<\/li>\n<li><strong>Resistencia al agua:<\/strong> 200M<\/li>\n<li><strong>Calendario:<\/strong> Visualizaci\u00f3n de mes, d\u00eda y fecha.<\/li>\n<li><strong>Funciones:<\/strong> Mes, d\u00eda, fecha, hora, minuto, segundo<\/li>\n<li><strong>Tipo de banda:<\/strong> Cintur\u00f3n de resina<\/li>\n<li><strong>Cierre:<\/strong> Cierre de hebilla<\/li>\n<li><strong>Estilo:<\/strong> Deportes<\/li>\n<li><strong>Garantizar:<\/strong> 1 a\u00f1o de garant\u00eda internacional<\/li>\n<\/ul>\n<p>Compra ahora y disfruta de un accesorio que refleja fuerza, estilo y precisi\u00f3n en cada detalle.<\/p>","protected":false},"excerpt":{"rendered":"<p>\ud83d\ude9a\u00a0<strong>Opciones de env\u00edo est\u00e1ndar y expr\u00e9s<\/strong>: Elija entre\u00a0<strong>Env\u00edo est\u00e1ndar global<\/strong>\u00a0(15 a 21 d\u00edas h\u00e1biles para la Uni\u00f3n Europea, 14 a 18 d\u00edas h\u00e1biles para Estados Unidos y Australia, 4 a 6 semanas para Brasil y 3 a 6 semanas para otros pa\u00edses): el cliente puede ser responsable del IVA y los aranceles aduaneros, si ocurren \u2013 o\u00a0<strong>Env\u00edo expr\u00e9s (DHL\/FedEx)<\/strong>\u00a0en\u00a0<strong>5 d\u00edas laborables<\/strong>\u00a0con todos los gastos ya incluidos en el precio.<br \/>\nEcha un vistazo a nuestro\u00a0<strong>Pol\u00edtica\u00a0<a href=\"https:\/\/relogios-online.com\/politica-de-envio\/\" target=\"_blank\" rel=\"noopener\">Pol\u00edtica de env\u00edo<\/a>.<\/strong><\/p>\n<p>\ud83d\udd12\u00a0<strong>Seguro de calidad<\/strong>: Todos nuestros productos tienen\u00a0<strong>garant\u00eda de 12 meses<\/strong>, asegurando calidad y satisfacci\u00f3n.<\/p>\n<p>\ud83d\udcde\u00a0<strong>Atenci\u00f3n al cliente<\/strong>: Nuestro equipo est\u00e1 siempre listo para ayudarle en cada etapa de su compra.<\/p>\n<p>\ud83d\udcb3\u00a0<strong>Pago Seguro<\/strong>: Ofrecemos opciones de pago seguras 100% para garantizar que sus datos est\u00e9n protegidos.<\/p>\n<p>\u2705\u00a0<strong>Producto Original<\/strong>: S\u00f3lo trabajamos con relojes originales y de alta calidad, directamente de las mejores marcas.<\/p>","protected":false},"featured_media":5799,"comment_status":"open","ping_status":"closed","template":"","meta":[],"product_brand":[],"product_cat":[20],"product_tag":[],"class_list":{"0":"post-5800","1":"product","2":"type-product","3":"status-publish","4":"has-post-thumbnail","6":"product_cat-sem-categoria","8":"first","9":"instock","10":"sale","11":"shipping-taxable","12":"purchasable","13":"product-type-variable"},"jetpack_sharing_enabled":true,"_links":{"self":[{"href":"https:\/\/relogios-online.com\/es\/wp-json\/wp\/v2\/product\/5800","targetHints":{"allow":["GET"]}}],"collection":[{"href":"https:\/\/relogios-online.com\/es\/wp-json\/wp\/v2\/product"}],"about":[{"href":"https:\/\/relogios-online.com\/es\/wp-json\/wp\/v2\/types\/product"}],"replies":[{"embeddable":true,"href":"https:\/\/relogios-online.com\/es\/wp-json\/wp\/v2\/comments?post=5800"}],"version-history":[{"count":0,"href":"https:\/\/relogios-online.com\/es\/wp-json\/wp\/v2\/product\/5800\/revisions"}],"wp:featuredmedia":[{"embeddable":true,"href":"https:\/\/relogios-online.com\/es\/wp-json\/wp\/v2\/media\/5799"}],"wp:attachment":[{"href":"https:\/\/relogios-online.com\/es\/wp-json\/wp\/v2\/media?parent=5800"}],"wp:term":[{"taxonomy":"product_brand","embeddable":true,"href":"https:\/\/relogios-online.com\/es\/wp-json\/wp\/v2\/product_brand?post=5800"},{"taxonomy":"product_cat","embeddable":true,"href":"https:\/\/relogios-online.com\/es\/wp-json\/wp\/v2\/product_cat?post=5800"},{"taxonomy":"product_tag","embeddable":true,"href":"https:\/\/relogios-online.com\/es\/wp-json\/wp\/v2\/product_tag?post=5800"}],"curies":[{"name":"wp","href":"https:\/\/api.w.org\/{rel}","templated":true}]}}