{"id":5826,"date":"2024-09-26T00:58:10","date_gmt":"2024-09-26T00:58:10","guid":{"rendered":"https:\/\/relogios-online.com\/produto\/relogio-masculino-casio-padrao-analogico-de-aco-inoxidavel-com-mostrador-preto-quartzo-mdv-107d-1a2-200m\/"},"modified":"2025-10-17T17:15:55","modified_gmt":"2025-10-17T16:15:55","slug":"relogio-masculino-casio-padrao-analogico-de-aco-inoxidavel-com-mostrador-preto-quartzo-mdv-107d-1a2-200m","status":"publish","type":"product","link":"https:\/\/relogios-online.com\/es\/producto\/reloj-casio-analogico-estandar-de-acero-inoxidable-para-hombre-con-esfera-negra-de-cuarzo-mdv-107d-1a2-200m\/","title":{"rendered":"Reloj Casio MDV-107D-1A2 200M de cuarzo con esfera negra y acero inoxidable con patr\u00f3n anal\u00f3gico para hombre"},"content":{"rendered":"<p><strong>Casio MDV-107D-1A2<\/strong><\/p>\n<p>Si buscas un reloj que combine robustez, elegancia y funcionalidad, el <strong>Casio MDV-107D-1A2<\/strong> Es la elecci\u00f3n perfecta para tu estilo. Este reloj trae lo mejor de la calidad Casio, siendo ideal tanto para uso diario como para ocasiones m\u00e1s especiales. Su resistencia al agua de hasta 200 metros y su dise\u00f1o deportivo lo convierten en un accesorio indispensable para los amantes de los relojes.<\/p>\n<h3>Caracter\u00edsticas principales:<\/h3>\n<ul>\n<li><strong>Caja de acero inoxidable<\/strong>: La caja de acero inoxidable ofrece durabilidad y resistencia, adem\u00e1s de un acabado premium.<\/li>\n<li><strong>Pulsera de acero inoxidable<\/strong>: Robusta y elegante, la correa ajustable brinda comodidad y seguridad durante todo el d\u00eda.<\/li>\n<li><strong>Movimiento de cuarzo<\/strong>: Equipado con un movimiento de cuarzo de alta precisi\u00f3n, siempre tendr\u00e1s la hora exacta.<\/li>\n<li><strong>Cristal mineral<\/strong>: La pantalla de cristal mineral es resistente a rayones, lo que brinda mayor durabilidad y claridad de visualizaci\u00f3n.<\/li>\n<li><strong>Manecillas y marcadores luminosos<\/strong>: Facilita la lectura en ambientes con poca luz, asegurando visibilidad en cualquier momento del d\u00eda o de la noche.<\/li>\n<li><strong>Bisel giratorio unidireccional<\/strong>: Ideal para buceo u otras actividades deportivas, el marco giratorio ofrece mayor practicidad y funcionalidad.<\/li>\n<li><strong>Corona y fondo de caja atornillados<\/strong>: Proporciona mayor resistencia al agua, garantizando la seguridad del reloj a profundidades de hasta 200 metros.<\/li>\n<li><strong>Visualizaci\u00f3n de fecha<\/strong>: Mant\u00e9ngase siempre actualizado con el calendario, que muestra la fecha en el dial.<\/li>\n<li><strong>Cierre de implementaci\u00f3n<\/strong>: El cierre desplegable garantiza que el reloj permanezca seguro en su mu\u00f1eca incluso durante actividades intensas.<\/li>\n<\/ul>\n<p>Este modelo ofrece la combinaci\u00f3n perfecta entre elegancia y funcionalidad, lo que lo convierte en uno de los relojes m\u00e1s vers\u00e1tiles de Casio. Consigue el tuyo y s\u00e9 parte del selecto grupo de quienes buscan calidad y estilo en un solo producto.<\/p>\n<h4><strong>\u00a1Compra ahora tu Casio MDV-107D-1A2 y garantiza un reloj que combina dise\u00f1o, funcionalidad y durabilidad en un solo accesorio!<\/strong><\/h4>\n<hr \/>\n<h3>Detalle t\u00e9cnico<\/h3>\n<table>\n<thead>\n<tr>\n<th><strong>Informaci\u00f3n<\/strong><\/th>\n<th><\/th>\n<\/tr>\n<\/thead>\n<tbody>\n<tr>\n<td><strong>Marca<\/strong><\/td>\n<td>Casio<\/td>\n<\/tr>\n<tr>\n<td><strong>Serie<\/strong><\/td>\n<td>Est\u00e1ndar<\/td>\n<\/tr>\n<tr>\n<td><strong>Modelo<\/strong><\/td>\n<td>MDV-107D-1A2<\/td>\n<\/tr>\n<tr>\n<td><strong>Sexo<\/strong><\/td>\n<td>Masculino<\/td>\n<\/tr>\n<tr>\n<td><strong>Movimiento<\/strong><\/td>\n<td>Cuarzo<\/td>\n<\/tr>\n<tr>\n<td><strong>Caja<\/strong><\/td>\n<td><\/td>\n<\/tr>\n<tr>\n<td><strong>Tama\u00f1o de la caja<\/strong><\/td>\n<td>44,20 mm<\/td>\n<\/tr>\n<tr>\n<td><strong>Grosor de la caja<\/strong><\/td>\n<td>12,10 mm<\/td>\n<\/tr>\n<tr>\n<td><strong>Material de la caja<\/strong><\/td>\n<td>Acero inoxidable<\/td>\n<\/tr>\n<tr>\n<td><strong>Corona<\/strong><\/td>\n<td>Corona atornillada<\/td>\n<\/tr>\n<tr>\n<td><strong>Formato de caja<\/strong><\/td>\n<td>Redondo<\/td>\n<\/tr>\n<tr>\n<td><strong>Parte trasera de la caja<\/strong><\/td>\n<td>Roscado<\/td>\n<\/tr>\n<tr>\n<td><strong>Marco<\/strong><\/td>\n<td>Bisel giratorio unidireccional<\/td>\n<\/tr>\n<tr>\n<td><strong>Mostrar<\/strong><\/td>\n<td><\/td>\n<\/tr>\n<tr>\n<td><strong>Tipo de pantalla<\/strong><\/td>\n<td>Cosa an\u00e1loga<\/td>\n<\/tr>\n<tr>\n<td><strong>Color de la esfera<\/strong><\/td>\n<td>Negro<\/td>\n<\/tr>\n<tr>\n<td><strong>Cristal<\/strong><\/td>\n<td>cristal mineral<\/td>\n<\/tr>\n<tr>\n<td><strong>Marcadores de esfera<\/strong><\/td>\n<td>\u00cdndice y vi\u00f1etas punteadas<\/td>\n<\/tr>\n<tr>\n<td><strong>Caracter\u00edsticas<\/strong><\/td>\n<td><\/td>\n<\/tr>\n<tr>\n<td><strong>Resistencia al agua<\/strong><\/td>\n<td>200M<\/td>\n<\/tr>\n<tr>\n<td><strong>Calendario<\/strong><\/td>\n<td>Visualizaci\u00f3n de fecha<\/td>\n<\/tr>\n<tr>\n<td><strong>Funciones<\/strong><\/td>\n<td>Fecha, hora, minuto, segundo<\/td>\n<\/tr>\n<tr>\n<td><strong>Pulsera<\/strong><\/td>\n<td><\/td>\n<\/tr>\n<tr>\n<td><strong>Tipo de pulsera<\/strong><\/td>\n<td>Pulsera<\/td>\n<\/tr>\n<tr>\n<td><strong>Material de la pulsera<\/strong><\/td>\n<td>Acero inoxidable<\/td>\n<\/tr>\n<tr>\n<td><strong>Cierre<\/strong><\/td>\n<td>Cierre de implementaci\u00f3n<\/td>\n<\/tr>\n<tr>\n<td><strong>Adicional<\/strong><\/td>\n<td><\/td>\n<\/tr>\n<tr>\n<td><strong>Estilo<\/strong><\/td>\n<td>Deportes<\/td>\n<\/tr>\n<tr>\n<td><strong>Garantizar<\/strong><\/td>\n<td>1 a\u00f1o de garant\u00eda internacional<\/td>\n<\/tr>\n<\/tbody>\n<\/table>\n<p><strong>Categor\u00eda de producto<\/strong>: Relojes<\/p>\n<p><a href=\"https:\/\/relogios-online.com\/\" target=\"_blank\" rel=\"noopener\">Ver todos los productos de Relojes para Hombre en relogios-online.com<\/a><\/p>","protected":false},"excerpt":{"rendered":"<p>\ud83d\ude9a\u00a0<strong>Opciones de env\u00edo est\u00e1ndar y expr\u00e9s<\/strong>: Elija entre\u00a0<strong>Env\u00edo est\u00e1ndar global<\/strong>\u00a0(15 a 21 d\u00edas h\u00e1biles para la Uni\u00f3n Europea, 14 a 18 d\u00edas h\u00e1biles para Estados Unidos y Australia, 4 a 6 semanas para Brasil y 3 a 6 semanas para otros pa\u00edses): el cliente puede ser responsable del IVA y los aranceles aduaneros, si ocurren \u2013 o\u00a0<strong>Env\u00edo expr\u00e9s (DHL\/FedEx)<\/strong>\u00a0en\u00a0<strong>5 d\u00edas laborables<\/strong>\u00a0con todos los gastos ya incluidos en el precio.<br \/>\nEcha un vistazo a nuestro\u00a0<strong>Pol\u00edtica\u00a0<a href=\"https:\/\/relogios-online.com\/politica-de-envio\/\" target=\"_blank\" rel=\"noopener\">Pol\u00edtica de env\u00edo<\/a>.<\/strong><\/p>\n<p>\ud83d\udd12\u00a0<strong>Seguro de calidad<\/strong>: Todos nuestros productos tienen\u00a0<strong>garant\u00eda de 12 meses<\/strong>, asegurando calidad y satisfacci\u00f3n.<\/p>\n<p>\ud83d\udcde\u00a0<strong>Atenci\u00f3n al cliente<\/strong>: Nuestro equipo est\u00e1 siempre listo para ayudarle en cada etapa de su compra.<\/p>\n<p>\ud83d\udcb3\u00a0<strong>Pago Seguro<\/strong>: Ofrecemos opciones de pago seguras 100% para garantizar que sus datos est\u00e9n protegidos.<\/p>\n<p>\u2705\u00a0<strong>Producto Original<\/strong>: S\u00f3lo trabajamos con relojes originales y de alta calidad, directamente de las mejores marcas.<\/p>","protected":false},"featured_media":5825,"comment_status":"open","ping_status":"closed","template":"","meta":[],"product_brand":[],"product_cat":[56,175,58,59],"product_tag":[],"class_list":{"0":"post-5826","1":"product","2":"type-product","3":"status-publish","4":"has-post-thumbnail","6":"product_cat-relogios-homem","7":"product_cat-casio","8":"product_cat-relogios-casuais","9":"product_cat-relogios-esportivos","11":"first","12":"instock","13":"sale","14":"shipping-taxable","15":"purchasable","16":"product-type-variable"},"jetpack_sharing_enabled":true,"_links":{"self":[{"href":"https:\/\/relogios-online.com\/es\/wp-json\/wp\/v2\/product\/5826","targetHints":{"allow":["GET"]}}],"collection":[{"href":"https:\/\/relogios-online.com\/es\/wp-json\/wp\/v2\/product"}],"about":[{"href":"https:\/\/relogios-online.com\/es\/wp-json\/wp\/v2\/types\/product"}],"replies":[{"embeddable":true,"href":"https:\/\/relogios-online.com\/es\/wp-json\/wp\/v2\/comments?post=5826"}],"version-history":[{"count":1,"href":"https:\/\/relogios-online.com\/es\/wp-json\/wp\/v2\/product\/5826\/revisions"}],"predecessor-version":[{"id":9640,"href":"https:\/\/relogios-online.com\/es\/wp-json\/wp\/v2\/product\/5826\/revisions\/9640"}],"wp:featuredmedia":[{"embeddable":true,"href":"https:\/\/relogios-online.com\/es\/wp-json\/wp\/v2\/media\/5825"}],"wp:attachment":[{"href":"https:\/\/relogios-online.com\/es\/wp-json\/wp\/v2\/media?parent=5826"}],"wp:term":[{"taxonomy":"product_brand","embeddable":true,"href":"https:\/\/relogios-online.com\/es\/wp-json\/wp\/v2\/product_brand?post=5826"},{"taxonomy":"product_cat","embeddable":true,"href":"https:\/\/relogios-online.com\/es\/wp-json\/wp\/v2\/product_cat?post=5826"},{"taxonomy":"product_tag","embeddable":true,"href":"https:\/\/relogios-online.com\/es\/wp-json\/wp\/v2\/product_tag?post=5826"}],"curies":[{"name":"wp","href":"https:\/\/api.w.org\/{rel}","templated":true}]}}