{"id":5891,"date":"2024-09-26T23:45:35","date_gmt":"2024-09-26T23:45:35","guid":{"rendered":"https:\/\/relogios-online.com\/produto\/casio-baby-g-analogico-digital-resina-pulseira-mostrador-branco-quartzo-bga-280dn-7a-100m-relogio-feminino\/"},"modified":"2024-09-26T23:46:09","modified_gmt":"2024-09-26T23:46:09","slug":"casio-baby-g-analogico-digital-resina-pulseira-mostrador-branco-quartzo-bga-280dn-7a-100m-relogio-feminino","status":"publish","type":"product","link":"https:\/\/relogios-online.com\/es\/producto\/casio-baby-g-pulsera-de-resina-analogica-digital-esfera-blanca-cuarzo-bga-280dn-7a-100m-reloj-femenino\/","title":{"rendered":"Reloj Casio Baby-G anal\u00f3gico digital de resina con pulsera de cuarzo y esfera blanca BGA-280DN-7A 100M para mujer"},"content":{"rendered":"<p>Caracter\u00edsticas: Caja de resina Correa de resina Movimiento de cuarzo Cristal mineral Esfera blanca Pantalla anal\u00f3gica digital Neobrite resistente a golpes Hora mundial Cron\u00f3metro de 1 segundo Temporizador de cuenta regresiva 5 alarmas diarias Se\u00f1al horaria Luz LED Calendario completamente autom\u00e1tico Pantalla de 12\/24 horas Manecillas luminosas Pantalla de mes, d\u00eda y fecha Tornillo -cubierta trasera hacia abajo Cierre de hebilla Resistencia al agua de 100 M Di\u00e1metro aproximado de la caja: 43,40 mm Grosor aproximado de la caja: 14,80 mm<\/p>","protected":false},"excerpt":{"rendered":"<p>Caracter\u00edsticas: Caja de resina Correa de resina Movimiento de cuarzo Cristal mineral Esfera blanca Pantalla anal\u00f3gica digital Resistente a golpes<\/p>","protected":false},"featured_media":5890,"comment_status":"open","ping_status":"closed","template":"","meta":[],"product_brand":[],"product_cat":[20],"product_tag":[],"class_list":{"0":"post-5891","1":"product","2":"type-product","3":"status-publish","4":"has-post-thumbnail","6":"product_cat-sem-categoria","8":"first","9":"instock","10":"sale","11":"shipping-taxable","12":"purchasable","13":"product-type-variable"},"jetpack_sharing_enabled":true,"_links":{"self":[{"href":"https:\/\/relogios-online.com\/es\/wp-json\/wp\/v2\/product\/5891","targetHints":{"allow":["GET"]}}],"collection":[{"href":"https:\/\/relogios-online.com\/es\/wp-json\/wp\/v2\/product"}],"about":[{"href":"https:\/\/relogios-online.com\/es\/wp-json\/wp\/v2\/types\/product"}],"replies":[{"embeddable":true,"href":"https:\/\/relogios-online.com\/es\/wp-json\/wp\/v2\/comments?post=5891"}],"version-history":[{"count":0,"href":"https:\/\/relogios-online.com\/es\/wp-json\/wp\/v2\/product\/5891\/revisions"}],"wp:featuredmedia":[{"embeddable":true,"href":"https:\/\/relogios-online.com\/es\/wp-json\/wp\/v2\/media\/5890"}],"wp:attachment":[{"href":"https:\/\/relogios-online.com\/es\/wp-json\/wp\/v2\/media?parent=5891"}],"wp:term":[{"taxonomy":"product_brand","embeddable":true,"href":"https:\/\/relogios-online.com\/es\/wp-json\/wp\/v2\/product_brand?post=5891"},{"taxonomy":"product_cat","embeddable":true,"href":"https:\/\/relogios-online.com\/es\/wp-json\/wp\/v2\/product_cat?post=5891"},{"taxonomy":"product_tag","embeddable":true,"href":"https:\/\/relogios-online.com\/es\/wp-json\/wp\/v2\/product_tag?post=5891"}],"curies":[{"name":"wp","href":"https:\/\/api.w.org\/{rel}","templated":true}]}}