{"id":5935,"date":"2024-09-27T00:19:57","date_gmt":"2024-09-27T00:19:57","guid":{"rendered":"https:\/\/relogios-online.com\/produto\/relogio-feminino-casio-baby-g-digital-com-pulseira-de-resina-branca-quartzo-bgd-565sc-4-100m\/"},"modified":"2024-09-27T00:20:59","modified_gmt":"2024-09-27T00:20:59","slug":"relogio-feminino-casio-baby-g-digital-com-pulseira-de-resina-branca-quartzo-bgd-565sc-4-100m","status":"publish","type":"product","link":"https:\/\/relogios-online.com\/es\/producto\/reloj-casio-baby-g-digital-para-mujer-con-correa-de-resina-blanca-cuarzo-bgd-565sc-4-100m\/","title":{"rendered":"Reloj Casio Baby-G digital con correa de resina blanca de cuarzo BGD-565SC-4 100M para mujer"},"content":{"rendered":"<p>Caracter\u00edsticas: Caja de resina Correa de resina Movimiento de cuarzo Cristal mineral Esfera beige Pantalla digital Resistente a los golpes Cron\u00f3metro de 1\/100 segundos Temporizador de cuenta regresiva Alarma multifuncional Se\u00f1al horaria Alerta de flash Retroiluminaci\u00f3n LED Calendario autom\u00e1tico completo Pantalla de tiempo de sincronizaci\u00f3n regular 12\/24 horas Visualizaci\u00f3n de mes, d\u00eda y fecha Tornillo Caja trasera Cierre de hebilla Resistencia al agua de 100 m Di\u00e1metro aproximado de la caja: 37,9 mm Grosor aproximado de la caja: 11,3 mm<\/p>","protected":false},"excerpt":{"rendered":"<p>Caracter\u00edsticas: Estojo de resina Pulseira de resina Movimento de Quartzo Cristal mineral Mostrador Bege Tela digital Resistente a choques Cron\u00f4metro<\/p>","protected":false},"featured_media":5934,"comment_status":"open","ping_status":"closed","template":"","meta":[],"product_brand":[],"product_cat":[20],"product_tag":[],"class_list":{"0":"post-5935","1":"product","2":"type-product","3":"status-publish","4":"has-post-thumbnail","6":"product_cat-sem-categoria","8":"first","9":"instock","10":"sale","11":"shipping-taxable","12":"purchasable","13":"product-type-variable"},"jetpack_sharing_enabled":true,"_links":{"self":[{"href":"https:\/\/relogios-online.com\/es\/wp-json\/wp\/v2\/product\/5935","targetHints":{"allow":["GET"]}}],"collection":[{"href":"https:\/\/relogios-online.com\/es\/wp-json\/wp\/v2\/product"}],"about":[{"href":"https:\/\/relogios-online.com\/es\/wp-json\/wp\/v2\/types\/product"}],"replies":[{"embeddable":true,"href":"https:\/\/relogios-online.com\/es\/wp-json\/wp\/v2\/comments?post=5935"}],"version-history":[{"count":0,"href":"https:\/\/relogios-online.com\/es\/wp-json\/wp\/v2\/product\/5935\/revisions"}],"wp:featuredmedia":[{"embeddable":true,"href":"https:\/\/relogios-online.com\/es\/wp-json\/wp\/v2\/media\/5934"}],"wp:attachment":[{"href":"https:\/\/relogios-online.com\/es\/wp-json\/wp\/v2\/media?parent=5935"}],"wp:term":[{"taxonomy":"product_brand","embeddable":true,"href":"https:\/\/relogios-online.com\/es\/wp-json\/wp\/v2\/product_brand?post=5935"},{"taxonomy":"product_cat","embeddable":true,"href":"https:\/\/relogios-online.com\/es\/wp-json\/wp\/v2\/product_cat?post=5935"},{"taxonomy":"product_tag","embeddable":true,"href":"https:\/\/relogios-online.com\/es\/wp-json\/wp\/v2\/product_tag?post=5935"}],"curies":[{"name":"wp","href":"https:\/\/api.w.org\/{rel}","templated":true}]}}