{"id":5944,"date":"2024-09-27T00:21:11","date_gmt":"2024-09-27T00:21:11","guid":{"rendered":"https:\/\/relogios-online.com\/produto\/casio-baby-g-analogico-digital-undersea-world-resin-strap-laranja-mostrador-quartzo-bga-290us-4a-100m-relogio-feminino\/"},"modified":"2024-09-27T00:21:46","modified_gmt":"2024-09-27T00:21:46","slug":"casio-baby-g-analogico-digital-undersea-world-resin-strap-laranja-mostrador-quartzo-bga-290us-4a-100m-relogio-feminino","status":"publish","type":"product","link":"https:\/\/relogios-online.com\/es\/producto\/reloj-casio-baby-g-analogico-digital-submarino-mundo-correa-de-resina-esfera-naranja-cuarzo-bga-290us-4a-100m-para-mujer\/","title":{"rendered":"Reloj Casio Baby-G anal\u00f3gico digital submarino mundo correa de resina esfera naranja cuarzo BGA-290US-4A 100M para mujer"},"content":{"rendered":"<p>Caracter\u00edsticas: Caja de resina Correa de resina Movimiento de cuarzo Cristal mineral Esfera naranja Pantalla digital anal\u00f3gica Resistente a los golpes Hora mundial de Neobrite 5 alarmas diarias Se\u00f1al horaria Cron\u00f3metro de 1\/100 de segundo Temporizador de cuenta regresiva Luz LED doble Encendido\/apagado del bot\u00f3n de calendario completamente autom\u00e1tico Funci\u00f3n de cambio de manecilla Cronometraje regular 12\/ Visualizaci\u00f3n de 24 horas Manecillas luminosas Visualizaci\u00f3n de mes, d\u00eda y fecha Caja trasera con rosca Cierre de hebilla Resistencia al agua de 100 m Di\u00e1metro aproximado de la caja: 41,50 mm Grosor Ancho aproximado de la caja: 10,10 mm Ancho aproximado de la orejeta: 20,00 mm<\/p>","protected":false},"excerpt":{"rendered":"<p>Caracter\u00edsticas: Caja de resina Correa de resina Movimiento de cuarzo Cristal mineral Esfera naranja Pantalla digital anal\u00f3gica Resistente a golpes<\/p>","protected":false},"featured_media":5943,"comment_status":"open","ping_status":"closed","template":"","meta":[],"product_brand":[],"product_cat":[20],"product_tag":[],"class_list":{"0":"post-5944","1":"product","2":"type-product","3":"status-publish","4":"has-post-thumbnail","6":"product_cat-sem-categoria","8":"first","9":"instock","10":"sale","11":"shipping-taxable","12":"purchasable","13":"product-type-variable"},"jetpack_sharing_enabled":true,"_links":{"self":[{"href":"https:\/\/relogios-online.com\/es\/wp-json\/wp\/v2\/product\/5944","targetHints":{"allow":["GET"]}}],"collection":[{"href":"https:\/\/relogios-online.com\/es\/wp-json\/wp\/v2\/product"}],"about":[{"href":"https:\/\/relogios-online.com\/es\/wp-json\/wp\/v2\/types\/product"}],"replies":[{"embeddable":true,"href":"https:\/\/relogios-online.com\/es\/wp-json\/wp\/v2\/comments?post=5944"}],"version-history":[{"count":0,"href":"https:\/\/relogios-online.com\/es\/wp-json\/wp\/v2\/product\/5944\/revisions"}],"wp:featuredmedia":[{"embeddable":true,"href":"https:\/\/relogios-online.com\/es\/wp-json\/wp\/v2\/media\/5943"}],"wp:attachment":[{"href":"https:\/\/relogios-online.com\/es\/wp-json\/wp\/v2\/media?parent=5944"}],"wp:term":[{"taxonomy":"product_brand","embeddable":true,"href":"https:\/\/relogios-online.com\/es\/wp-json\/wp\/v2\/product_brand?post=5944"},{"taxonomy":"product_cat","embeddable":true,"href":"https:\/\/relogios-online.com\/es\/wp-json\/wp\/v2\/product_cat?post=5944"},{"taxonomy":"product_tag","embeddable":true,"href":"https:\/\/relogios-online.com\/es\/wp-json\/wp\/v2\/product_tag?post=5944"}],"curies":[{"name":"wp","href":"https:\/\/api.w.org\/{rel}","templated":true}]}}