{"id":5968,"date":"2024-09-27T00:24:51","date_gmt":"2024-09-27T00:24:51","guid":{"rendered":"https:\/\/relogios-online.com\/produto\/relogio-feminino-casio-baby-g-digital-summer-jelly-transparente-rosa-resina-quartzo-bgd-565sj-7-100m\/"},"modified":"2024-09-27T00:26:17","modified_gmt":"2024-09-27T00:26:17","slug":"relogio-feminino-casio-baby-g-digital-summer-jelly-transparente-rosa-resina-quartzo-bgd-565sj-7-100m","status":"publish","type":"product","link":"https:\/\/relogios-online.com\/es\/producto\/reloj-casio-baby-g-digital-mujer-summer-jelly-transparente-rosa-resina-cuarzo-bgd-565sj-7-100m\/","title":{"rendered":"Reloj Casio Baby-G Digital Summer Jelly de resina rosa transparente cuarzo BGD-565SJ-7 100M para mujer"},"content":{"rendered":"<p>Caracter\u00edsticas: Caja de resina rosa transparente Correa de resina rosa transparente Movimiento de cuarzo Cristal mineral Esfera rosa Pantalla digital Cron\u00f3metro de 1\/100 segundos resistente a golpes Temporizador de cuenta regresiva Alarma multifuncional Se\u00f1al horaria Alerta de flash Retroiluminaci\u00f3n LED Brillo Sincronizaci\u00f3n regular Calendario completamente autom\u00e1tico Pantalla de 12\/24 horas Mes, d\u00eda y indicador de fecha Caja atornillada Cierre de hebilla Resistencia al agua 100 m Di\u00e1metro aproximado de la caja: 37,90 mm Grosor aproximado de la caja: 11,30 mm<\/p>","protected":false},"excerpt":{"rendered":"<p>Caracter\u00edsticas: Caja de resina rosa transparente Correa de resina rosa transparente Movimiento de cuarzo Cristal mineral Esfera rosa Pantalla digital<\/p>","protected":false},"featured_media":5967,"comment_status":"open","ping_status":"closed","template":"","meta":[],"product_brand":[],"product_cat":[20],"product_tag":[],"class_list":{"0":"post-5968","1":"product","2":"type-product","3":"status-publish","4":"has-post-thumbnail","6":"product_cat-sem-categoria","8":"first","9":"instock","10":"sale","11":"shipping-taxable","12":"purchasable","13":"product-type-variable"},"jetpack_sharing_enabled":true,"_links":{"self":[{"href":"https:\/\/relogios-online.com\/es\/wp-json\/wp\/v2\/product\/5968","targetHints":{"allow":["GET"]}}],"collection":[{"href":"https:\/\/relogios-online.com\/es\/wp-json\/wp\/v2\/product"}],"about":[{"href":"https:\/\/relogios-online.com\/es\/wp-json\/wp\/v2\/types\/product"}],"replies":[{"embeddable":true,"href":"https:\/\/relogios-online.com\/es\/wp-json\/wp\/v2\/comments?post=5968"}],"version-history":[{"count":0,"href":"https:\/\/relogios-online.com\/es\/wp-json\/wp\/v2\/product\/5968\/revisions"}],"wp:featuredmedia":[{"embeddable":true,"href":"https:\/\/relogios-online.com\/es\/wp-json\/wp\/v2\/media\/5967"}],"wp:attachment":[{"href":"https:\/\/relogios-online.com\/es\/wp-json\/wp\/v2\/media?parent=5968"}],"wp:term":[{"taxonomy":"product_brand","embeddable":true,"href":"https:\/\/relogios-online.com\/es\/wp-json\/wp\/v2\/product_brand?post=5968"},{"taxonomy":"product_cat","embeddable":true,"href":"https:\/\/relogios-online.com\/es\/wp-json\/wp\/v2\/product_cat?post=5968"},{"taxonomy":"product_tag","embeddable":true,"href":"https:\/\/relogios-online.com\/es\/wp-json\/wp\/v2\/product_tag?post=5968"}],"curies":[{"name":"wp","href":"https:\/\/api.w.org\/{rel}","templated":true}]}}