{"id":5976,"date":"2024-09-27T00:26:22","date_gmt":"2024-09-27T00:26:22","guid":{"rendered":"https:\/\/relogios-online.com\/produto\/casio-baby-g-especial-cor-analogico-digital-ba-130cvg-7a-ba130cvg-7-100m-relogio-feminino\/"},"modified":"2024-09-27T00:26:52","modified_gmt":"2024-09-27T00:26:52","slug":"casio-baby-g-especial-cor-analogico-digital-ba-130cvg-7a-ba130cvg-7-100m-relogio-feminino","status":"publish","type":"product","link":"https:\/\/relogios-online.com\/es\/producto\/reloj-casio-baby-g-color-especial-analogico-digital-ba-130cvg-7a-ba130cvg-7-100m-para-mujer\/","title":{"rendered":"Reloj Casio Baby-G Special Color Anal\u00f3gico Digital BA-130CVG-7A BA130CVG-7 100M para mujer"},"content":{"rendered":"<p>Caracter\u00edsticas: Caja de resina Correa de resina Esfera de cristal mineral en tono dorado Pantalla anal\u00f3gica digital de Neobrite Luz LED resistente a los golpes Hora mundial Cron\u00f3metro de 1\/100 segundos Temporizador de cuenta regresiva Alarmas Se\u00f1al horaria Calendario completo autom\u00e1tico Manecillas luminosas Pantalla de d\u00eda y fecha Pantalla de 12\/24 horas Caja atornillada Cierre de hebilla Resistencia al agua hasta 100 m Di\u00e1metro aproximado de la caja: 46 mm Grosor aproximado de la caja: 16 mm Ancho aproximado de la asa: 14 mm<\/p>","protected":false},"excerpt":{"rendered":"<p>Recursos: Estojo de resina Correia de resina Cristal mineral Gold Tone Dial Display anal\u00f3gico digital Neobrite Resistente ao choque Luz<\/p>","protected":false},"featured_media":5975,"comment_status":"open","ping_status":"closed","template":"","meta":[],"product_brand":[],"product_cat":[20],"product_tag":[],"class_list":{"0":"post-5976","1":"product","2":"type-product","3":"status-publish","4":"has-post-thumbnail","6":"product_cat-sem-categoria","8":"first","9":"instock","10":"sale","11":"shipping-taxable","12":"purchasable","13":"product-type-variable"},"jetpack_sharing_enabled":true,"_links":{"self":[{"href":"https:\/\/relogios-online.com\/es\/wp-json\/wp\/v2\/product\/5976","targetHints":{"allow":["GET"]}}],"collection":[{"href":"https:\/\/relogios-online.com\/es\/wp-json\/wp\/v2\/product"}],"about":[{"href":"https:\/\/relogios-online.com\/es\/wp-json\/wp\/v2\/types\/product"}],"replies":[{"embeddable":true,"href":"https:\/\/relogios-online.com\/es\/wp-json\/wp\/v2\/comments?post=5976"}],"version-history":[{"count":0,"href":"https:\/\/relogios-online.com\/es\/wp-json\/wp\/v2\/product\/5976\/revisions"}],"wp:featuredmedia":[{"embeddable":true,"href":"https:\/\/relogios-online.com\/es\/wp-json\/wp\/v2\/media\/5975"}],"wp:attachment":[{"href":"https:\/\/relogios-online.com\/es\/wp-json\/wp\/v2\/media?parent=5976"}],"wp:term":[{"taxonomy":"product_brand","embeddable":true,"href":"https:\/\/relogios-online.com\/es\/wp-json\/wp\/v2\/product_brand?post=5976"},{"taxonomy":"product_cat","embeddable":true,"href":"https:\/\/relogios-online.com\/es\/wp-json\/wp\/v2\/product_cat?post=5976"},{"taxonomy":"product_tag","embeddable":true,"href":"https:\/\/relogios-online.com\/es\/wp-json\/wp\/v2\/product_tag?post=5976"}],"curies":[{"name":"wp","href":"https:\/\/api.w.org\/{rel}","templated":true}]}}