{"id":6010,"date":"2024-09-27T00:35:20","date_gmt":"2024-09-27T00:35:20","guid":{"rendered":"https:\/\/relogios-online.com\/produto\/relogio-feminino-casio-baby-g-moon-and-star-series-analogico-digital-resin-strap-rosa-dial-quartz-bga-290ds-4a-100m\/"},"modified":"2024-09-27T00:35:47","modified_gmt":"2024-09-27T00:35:47","slug":"relogio-feminino-casio-baby-g-moon-and-star-series-analogico-digital-resin-strap-rosa-dial-quartz-bga-290ds-4a-100m","status":"publish","type":"product","link":"https:\/\/relogios-online.com\/es\/producto\/casio-baby-g-moon-and-star-series-reloj-analogico-digital-de-resina-con-correa-de-cuarzo-y-esfera-rosa-bga-290ds-4a-100-m-para-mujer\/","title":{"rendered":"Reloj Casio Baby-G Moon and Star Series anal\u00f3gico digital con correa de resina y esfera rosa de cuarzo BGA-290DS-4A 100M para mujer"},"content":{"rendered":"<p>Caracter\u00edsticas: Caja de resina Pulsera de resina Movimiento de cuarzo Cristal mineral Esfera rosa Pantalla anal\u00f3gica digital Neobrite resistente a los golpes Hora mundial 31 zonas horarias Cron\u00f3metro de 1\/100 segundo Temporizador de cuenta regresiva 5 alarmas diarias Se\u00f1al horaria Luz LED dual Calendario completamente autom\u00e1tico Tono de operaci\u00f3n de bot\u00f3n encendido\/apagado 12\/24 visualizaci\u00f3n de la hora Manecillas luminosas Visualizaci\u00f3n del d\u00eda y la fecha Fondo de rosca Cierre de hebilla Resistencia al agua de 100 m Di\u00e1metro aproximado de la caja: 41,5 mm Grosor aproximado de la caja: 10, 1 mm<\/p>","protected":false},"excerpt":{"rendered":"<p>Caracter\u00edsticas: Caja de resina Correa de resina Movimiento de cuarzo Cristal mineral Esfera rosa Pantalla anal\u00f3gica digital Resistente a golpes<\/p>","protected":false},"featured_media":6009,"comment_status":"open","ping_status":"closed","template":"","meta":[],"product_brand":[],"product_cat":[20],"product_tag":[],"class_list":{"0":"post-6010","1":"product","2":"type-product","3":"status-publish","4":"has-post-thumbnail","6":"product_cat-sem-categoria","8":"first","9":"instock","10":"sale","11":"shipping-taxable","12":"purchasable","13":"product-type-variable"},"jetpack_sharing_enabled":true,"_links":{"self":[{"href":"https:\/\/relogios-online.com\/es\/wp-json\/wp\/v2\/product\/6010","targetHints":{"allow":["GET"]}}],"collection":[{"href":"https:\/\/relogios-online.com\/es\/wp-json\/wp\/v2\/product"}],"about":[{"href":"https:\/\/relogios-online.com\/es\/wp-json\/wp\/v2\/types\/product"}],"replies":[{"embeddable":true,"href":"https:\/\/relogios-online.com\/es\/wp-json\/wp\/v2\/comments?post=6010"}],"version-history":[{"count":0,"href":"https:\/\/relogios-online.com\/es\/wp-json\/wp\/v2\/product\/6010\/revisions"}],"wp:featuredmedia":[{"embeddable":true,"href":"https:\/\/relogios-online.com\/es\/wp-json\/wp\/v2\/media\/6009"}],"wp:attachment":[{"href":"https:\/\/relogios-online.com\/es\/wp-json\/wp\/v2\/media?parent=6010"}],"wp:term":[{"taxonomy":"product_brand","embeddable":true,"href":"https:\/\/relogios-online.com\/es\/wp-json\/wp\/v2\/product_brand?post=6010"},{"taxonomy":"product_cat","embeddable":true,"href":"https:\/\/relogios-online.com\/es\/wp-json\/wp\/v2\/product_cat?post=6010"},{"taxonomy":"product_tag","embeddable":true,"href":"https:\/\/relogios-online.com\/es\/wp-json\/wp\/v2\/product_tag?post=6010"}],"curies":[{"name":"wp","href":"https:\/\/api.w.org\/{rel}","templated":true}]}}