{"id":6026,"date":"2024-09-27T00:37:17","date_gmt":"2024-09-27T00:37:17","guid":{"rendered":"https:\/\/relogios-online.com\/produto\/relogio-feminino-casio-g-shock-natures-color-series-analogico-digital-mostrador-amarelo-quartzo-gma-s2100nc-4a-200m\/"},"modified":"2024-09-27T00:38:18","modified_gmt":"2024-09-27T00:38:18","slug":"relogio-feminino-casio-g-shock-natures-color-series-analogico-digital-mostrador-amarelo-quartzo-gma-s2100nc-4a-200m","status":"publish","type":"product","link":"https:\/\/relogios-online.com\/es\/producto\/reloj-casio-g-shock-natures-color-series-analogico-digital-con-esfera-amarilla-de-cuarzo-gma-s2100nc-4a-200m-para-mujer\/","title":{"rendered":"Reloj Casio G-Shock Nature&#039;s Color Series anal\u00f3gico digital con esfera amarilla de cuarzo GMA-S2100NC-4A 200M para mujer"},"content":{"rendered":"<p>Caracter\u00edsticas: Caja compuesta de carbono Correa de resina de base biol\u00f3gica Movimiento de cuarzo Cristal mineral Esfera amarilla Pantalla anal\u00f3gica digital N\u00facleo de carbono Neobrite resistente a los golpes Estructura protectora Hora mundial Cron\u00f3metro de 1\/100 segundos Temporizador de cuenta regresiva 5 alarmas diarias Luz LED dual por hora Calendario autom\u00e1tico completo Tono de operaci\u00f3n de bot\u00f3n encendido\/ apagado Funci\u00f3n de cambio de manecilla Temporizaci\u00f3n regular Visualizaci\u00f3n de 12\/24 horas Manecillas luminosas Visualizaci\u00f3n de mes, d\u00eda y fecha Caja trasera de rosca Cierre de hebilla Resistencia al agua 200 m Di\u00e1metro aproximado de la caja: 42,9 mm Grosor aproximado de la caja: 11,2 mm<\/p>","protected":false},"excerpt":{"rendered":"<p>caracteristicas: Caja de compuesto de carbono Correa de resina de base biol\u00f3gica Movimiento de cuarzo Cristal mineral Esfera amarilla Pantalla digital<\/p>","protected":false},"featured_media":6025,"comment_status":"open","ping_status":"closed","template":"","meta":[],"product_brand":[],"product_cat":[20],"product_tag":[],"class_list":{"0":"post-6026","1":"product","2":"type-product","3":"status-publish","4":"has-post-thumbnail","6":"product_cat-sem-categoria","8":"first","9":"instock","10":"sale","11":"shipping-taxable","12":"purchasable","13":"product-type-variable"},"jetpack_sharing_enabled":true,"_links":{"self":[{"href":"https:\/\/relogios-online.com\/es\/wp-json\/wp\/v2\/product\/6026","targetHints":{"allow":["GET"]}}],"collection":[{"href":"https:\/\/relogios-online.com\/es\/wp-json\/wp\/v2\/product"}],"about":[{"href":"https:\/\/relogios-online.com\/es\/wp-json\/wp\/v2\/types\/product"}],"replies":[{"embeddable":true,"href":"https:\/\/relogios-online.com\/es\/wp-json\/wp\/v2\/comments?post=6026"}],"version-history":[{"count":0,"href":"https:\/\/relogios-online.com\/es\/wp-json\/wp\/v2\/product\/6026\/revisions"}],"wp:featuredmedia":[{"embeddable":true,"href":"https:\/\/relogios-online.com\/es\/wp-json\/wp\/v2\/media\/6025"}],"wp:attachment":[{"href":"https:\/\/relogios-online.com\/es\/wp-json\/wp\/v2\/media?parent=6026"}],"wp:term":[{"taxonomy":"product_brand","embeddable":true,"href":"https:\/\/relogios-online.com\/es\/wp-json\/wp\/v2\/product_brand?post=6026"},{"taxonomy":"product_cat","embeddable":true,"href":"https:\/\/relogios-online.com\/es\/wp-json\/wp\/v2\/product_cat?post=6026"},{"taxonomy":"product_tag","embeddable":true,"href":"https:\/\/relogios-online.com\/es\/wp-json\/wp\/v2\/product_tag?post=6026"}],"curies":[{"name":"wp","href":"https:\/\/api.w.org\/{rel}","templated":true}]}}