{"id":6042,"date":"2024-09-27T00:39:27","date_gmt":"2024-09-27T00:39:27","guid":{"rendered":"https:\/\/relogios-online.com\/produto\/relogio-feminino-casio-g-shock-analogico-digital-com-base-biologica-em-resina-branca-mostrador-prateado-quartzo-gma-s120va-7a-20\/"},"modified":"2024-09-27T00:40:02","modified_gmt":"2024-09-27T00:40:02","slug":"relogio-feminino-casio-g-shock-analogico-digital-com-base-biologica-em-resina-branca-mostrador-prateado-quartzo-gma-s120va-7a-20","status":"publish","type":"product","link":"https:\/\/relogios-online.com\/es\/producto\/reloj-casio-g-shock-mujer-analogico-digital-con-base-biologica-en-resina-blanca-esfera-plateada-cuarzo-gma-s120va-7a-20\/","title":{"rendered":"Reloj Casio G-Shock Mujer Anal\u00f3gico Digital Bio-Based Resina Blanca Esfera Plata Cuarzo GMA-S120VA-7A 20"},"content":{"rendered":"<p>Caracter\u00edsticas: Caja de resina blanca de base biol\u00f3gica Correa de resina blanca de base biol\u00f3gica Movimiento de cuarzo Cristal mineral Esfera plateada Pantalla anal\u00f3gica digital Resistente a los golpes Neobrite resistente a los magn\u00e9ticos Hora mundial 29 zonas horarias Cron\u00f3metro de 1\/1000 de segundo Temporizador de cuenta regresiva 5 alarmas diarias Se\u00f1al horaria Luz LED Sincronizaci\u00f3n regular Calendario completamente autom\u00e1tico Visualizaci\u00f3n de 12\/24 horas Agujas luminosas Indicaci\u00f3n de d\u00eda y fecha Caja atornillada Cierre de hebilla Resistencia al agua 200 m Di\u00e1metro aproximado de la caja: 45,90 mm Grosor aproximado de la caja: 15,80 mm<\/p>","protected":false},"excerpt":{"rendered":"<p>Caracter\u00edsticas: Estojo de resina branca de base biol\u00f3gica Correia de resina branca de base biol\u00f3gica Movimento de Quartzo Cristal mineral<\/p>","protected":false},"featured_media":6041,"comment_status":"open","ping_status":"closed","template":"","meta":[],"product_brand":[],"product_cat":[20],"product_tag":[],"class_list":{"0":"post-6042","1":"product","2":"type-product","3":"status-publish","4":"has-post-thumbnail","6":"product_cat-sem-categoria","8":"first","9":"instock","10":"sale","11":"shipping-taxable","12":"purchasable","13":"product-type-variable"},"jetpack_sharing_enabled":true,"_links":{"self":[{"href":"https:\/\/relogios-online.com\/es\/wp-json\/wp\/v2\/product\/6042","targetHints":{"allow":["GET"]}}],"collection":[{"href":"https:\/\/relogios-online.com\/es\/wp-json\/wp\/v2\/product"}],"about":[{"href":"https:\/\/relogios-online.com\/es\/wp-json\/wp\/v2\/types\/product"}],"replies":[{"embeddable":true,"href":"https:\/\/relogios-online.com\/es\/wp-json\/wp\/v2\/comments?post=6042"}],"version-history":[{"count":0,"href":"https:\/\/relogios-online.com\/es\/wp-json\/wp\/v2\/product\/6042\/revisions"}],"wp:featuredmedia":[{"embeddable":true,"href":"https:\/\/relogios-online.com\/es\/wp-json\/wp\/v2\/media\/6041"}],"wp:attachment":[{"href":"https:\/\/relogios-online.com\/es\/wp-json\/wp\/v2\/media?parent=6042"}],"wp:term":[{"taxonomy":"product_brand","embeddable":true,"href":"https:\/\/relogios-online.com\/es\/wp-json\/wp\/v2\/product_brand?post=6042"},{"taxonomy":"product_cat","embeddable":true,"href":"https:\/\/relogios-online.com\/es\/wp-json\/wp\/v2\/product_cat?post=6042"},{"taxonomy":"product_tag","embeddable":true,"href":"https:\/\/relogios-online.com\/es\/wp-json\/wp\/v2\/product_tag?post=6042"}],"curies":[{"name":"wp","href":"https:\/\/api.w.org\/{rel}","templated":true}]}}