{"id":6062,"date":"2024-09-27T00:46:23","date_gmt":"2024-09-27T00:46:23","guid":{"rendered":"https:\/\/relogios-online.com\/produto\/casio-g-shock-analogico-digital-virtual-worlds-translucido-rosa-multicolor-mostrador-quartzo-gma-s110vw-4a-200m-relogio-feminino\/"},"modified":"2024-09-27T00:47:02","modified_gmt":"2024-09-27T00:47:02","slug":"casio-g-shock-analogico-digital-virtual-worlds-translucido-rosa-multicolor-mostrador-quartzo-gma-s110vw-4a-200m-relogio-feminino","status":"publish","type":"product","link":"https:\/\/relogios-online.com\/es\/producto\/reloj-para-mujer-casio-g-shock-analogico-digital-virtual-worlds-translucido-rosa-multicolor-dial-cuarzo-gma-s110vw-4a-200m\/","title":{"rendered":"Reloj Casio G-Shock anal\u00f3gico digital virtual mundos transl\u00facidos rosa multicolor cuarzo GMA-S110VW-4A 200M para mujer"},"content":{"rendered":"<p>Caracter\u00edsticas: Caja de resina Correa de resina Movimiento de cuarzo Cristal mineral Esfera multicolor Pantalla digital anal\u00f3gica Resistente a golpes Neobrite resistente magn\u00e9tico Hora mundial 29 zonas horarias Cron\u00f3metro de 1\/1000 segundo Temporizador de cuenta regresiva 5 alarmas diarias Se\u00f1al horaria Luz LED Temporizaci\u00f3n regular Calendario completamente autom\u00e1tico 12\/24 visualizaci\u00f3n de la hora Manecillas luminosas Visualizaci\u00f3n del d\u00eda y la fecha Fondo de rosca Cierre de hebilla Resistencia al agua 200 m Di\u00e1metro aproximado de la caja: 45,9 mm Grosor aproximado de la caja: 15,8 mm<\/p>","protected":false},"excerpt":{"rendered":"<p>Caracter\u00edsticas: Estojo de resina Pulseira de resina Movimento de Quartzo Cristal mineral Mostrador multicolorido Display Digital Anal\u00f3gico Resistente a choques<\/p>","protected":false},"featured_media":6061,"comment_status":"open","ping_status":"closed","template":"","meta":[],"product_brand":[],"product_cat":[20],"product_tag":[],"class_list":{"0":"post-6062","1":"product","2":"type-product","3":"status-publish","4":"has-post-thumbnail","6":"product_cat-sem-categoria","8":"first","9":"instock","10":"sale","11":"shipping-taxable","12":"purchasable","13":"product-type-variable"},"jetpack_sharing_enabled":true,"_links":{"self":[{"href":"https:\/\/relogios-online.com\/es\/wp-json\/wp\/v2\/product\/6062","targetHints":{"allow":["GET"]}}],"collection":[{"href":"https:\/\/relogios-online.com\/es\/wp-json\/wp\/v2\/product"}],"about":[{"href":"https:\/\/relogios-online.com\/es\/wp-json\/wp\/v2\/types\/product"}],"replies":[{"embeddable":true,"href":"https:\/\/relogios-online.com\/es\/wp-json\/wp\/v2\/comments?post=6062"}],"version-history":[{"count":0,"href":"https:\/\/relogios-online.com\/es\/wp-json\/wp\/v2\/product\/6062\/revisions"}],"wp:featuredmedia":[{"embeddable":true,"href":"https:\/\/relogios-online.com\/es\/wp-json\/wp\/v2\/media\/6061"}],"wp:attachment":[{"href":"https:\/\/relogios-online.com\/es\/wp-json\/wp\/v2\/media?parent=6062"}],"wp:term":[{"taxonomy":"product_brand","embeddable":true,"href":"https:\/\/relogios-online.com\/es\/wp-json\/wp\/v2\/product_brand?post=6062"},{"taxonomy":"product_cat","embeddable":true,"href":"https:\/\/relogios-online.com\/es\/wp-json\/wp\/v2\/product_cat?post=6062"},{"taxonomy":"product_tag","embeddable":true,"href":"https:\/\/relogios-online.com\/es\/wp-json\/wp\/v2\/product_tag?post=6062"}],"curies":[{"name":"wp","href":"https:\/\/api.w.org\/{rel}","templated":true}]}}