{"id":6078,"date":"2024-09-27T00:48:12","date_gmt":"2024-09-27T00:48:12","guid":{"rendered":"https:\/\/relogios-online.com\/produto\/relogio-feminino-casio-g-shock-analogico-digital-com-mostrador-azul-quartzo-gma-s110tb-8a-200m\/"},"modified":"2024-09-27T00:53:45","modified_gmt":"2024-09-27T00:53:45","slug":"relogio-feminino-casio-g-shock-analogico-digital-com-mostrador-azul-quartzo-gma-s110tb-8a-200m","status":"publish","type":"product","link":"https:\/\/relogios-online.com\/es\/producto\/reloj-casio-g-shock-analogico-digital-para-mujer-con-esfera-azul-de-cuarzo-gma-s110tb-8a-200m\/","title":{"rendered":"Reloj Casio G-Shock anal\u00f3gico digital con esfera azul de cuarzo GMA-S110TB-8A 200M para mujer"},"content":{"rendered":"<p>Caracter\u00edsticas: Caja de resina Correa de resina Movimiento de cuarzo Cristal mineral Esfera azul Resistente a los golpes Pantalla digital anal\u00f3gica Resistente magn\u00e9tico Aprox. Duraci\u00f3n de la bater\u00eda: 2 a\u00f1os en CR1220 Hora mundial Luz LED Neobrite Cron\u00f3metro de 1\/1000 segundo Temporizador de cuenta regresiva 5 alarmas diarias Timbre horario Calendario completamente autom\u00e1tico Pantalla de 12\/24 horas Manecillas luminosas Pantalla de mes, d\u00eda y fecha Parte posterior de la caja atornillada Cierre de hebilla Agua de 200 m resistencia Di\u00e1metro aproximado de la caja: 45,9 mm Grosor aproximado de la caja: 15,8 mm Ancho aproximado de la asa: 16 mm<\/p>","protected":false},"excerpt":{"rendered":"<p>Caracter\u00edsticas: Estojo de Resina Correia de resina movimento de quartzo Cristal mineral mostrador azul Visor digital anal\u00f3gico resistente a choque<\/p>","protected":false},"featured_media":6077,"comment_status":"open","ping_status":"closed","template":"","meta":[],"product_brand":[],"product_cat":[20],"product_tag":[],"class_list":{"0":"post-6078","1":"product","2":"type-product","3":"status-publish","4":"has-post-thumbnail","6":"product_cat-sem-categoria","8":"first","9":"instock","10":"sale","11":"shipping-taxable","12":"purchasable","13":"product-type-variable"},"jetpack_sharing_enabled":true,"_links":{"self":[{"href":"https:\/\/relogios-online.com\/es\/wp-json\/wp\/v2\/product\/6078","targetHints":{"allow":["GET"]}}],"collection":[{"href":"https:\/\/relogios-online.com\/es\/wp-json\/wp\/v2\/product"}],"about":[{"href":"https:\/\/relogios-online.com\/es\/wp-json\/wp\/v2\/types\/product"}],"replies":[{"embeddable":true,"href":"https:\/\/relogios-online.com\/es\/wp-json\/wp\/v2\/comments?post=6078"}],"version-history":[{"count":0,"href":"https:\/\/relogios-online.com\/es\/wp-json\/wp\/v2\/product\/6078\/revisions"}],"wp:featuredmedia":[{"embeddable":true,"href":"https:\/\/relogios-online.com\/es\/wp-json\/wp\/v2\/media\/6077"}],"wp:attachment":[{"href":"https:\/\/relogios-online.com\/es\/wp-json\/wp\/v2\/media?parent=6078"}],"wp:term":[{"taxonomy":"product_brand","embeddable":true,"href":"https:\/\/relogios-online.com\/es\/wp-json\/wp\/v2\/product_brand?post=6078"},{"taxonomy":"product_cat","embeddable":true,"href":"https:\/\/relogios-online.com\/es\/wp-json\/wp\/v2\/product_cat?post=6078"},{"taxonomy":"product_tag","embeddable":true,"href":"https:\/\/relogios-online.com\/es\/wp-json\/wp\/v2\/product_tag?post=6078"}],"curies":[{"name":"wp","href":"https:\/\/api.w.org\/{rel}","templated":true}]}}