{"id":6090,"date":"2024-09-27T00:53:48","date_gmt":"2024-09-27T00:53:48","guid":{"rendered":"https:\/\/relogios-online.com\/produto\/casio-g-shock-analogico-digital-gma-s2100-7a-gmas2100-7-200m-relogio-feminino\/"},"modified":"2024-09-27T00:54:12","modified_gmt":"2024-09-27T00:54:12","slug":"casio-g-shock-analogico-digital-gma-s2100-7a-gmas2100-7-200m-relogio-feminino","status":"publish","type":"product","link":"https:\/\/relogios-online.com\/es\/producto\/reloj-casio-g-shock-analogico-digital-gma-s2100-7a-gmas2100-7-200m-para-mujer\/","title":{"rendered":"Reloj Casio G-Shock anal\u00f3gico digital GMA-S2100-7A GMAS2100-7 200M para mujer"},"content":{"rendered":"<p>Caracter\u00edsticas: Caja de resina Correa de resina Cristal mineral Esfera blanca Pantalla anal\u00f3gica digital Neobrite Marco protector de n\u00facleo de carbono resistente a los golpes Luz LED Hora mundial Cron\u00f3metro de 1\/100 segundos Temporizador de cuenta regresiva Alarmas Se\u00f1al horaria Cambio de tiempo Manecilla caracter\u00edstica Calendario autom\u00e1tico completo Manecillas y marcadores luminosos 12\/24 horas pantalla Tono de operaci\u00f3n del bot\u00f3n de encendido\/apagado Visualizaci\u00f3n de d\u00eda y fecha Caja trasera atornillada Hebilla de cierre Resistencia al agua 200 m Di\u00e1metro aproximado de la caja: 43 mm Grosor aproximado de la caja: 11 mm Ancho aproximado del terminal: 16 mm<\/p>","protected":false},"excerpt":{"rendered":"<p>Recursos: Estojo de resina Correia de resina Cristal mineral White Dial Display anal\u00f3gico digital Neobrite Resistente ao choque Estrutura de<\/p>","protected":false},"featured_media":6089,"comment_status":"open","ping_status":"closed","template":"","meta":[],"product_brand":[],"product_cat":[20],"product_tag":[],"class_list":{"0":"post-6090","1":"product","2":"type-product","3":"status-publish","4":"has-post-thumbnail","6":"product_cat-sem-categoria","8":"first","9":"instock","10":"sale","11":"shipping-taxable","12":"purchasable","13":"product-type-variable"},"jetpack_sharing_enabled":true,"_links":{"self":[{"href":"https:\/\/relogios-online.com\/es\/wp-json\/wp\/v2\/product\/6090","targetHints":{"allow":["GET"]}}],"collection":[{"href":"https:\/\/relogios-online.com\/es\/wp-json\/wp\/v2\/product"}],"about":[{"href":"https:\/\/relogios-online.com\/es\/wp-json\/wp\/v2\/types\/product"}],"replies":[{"embeddable":true,"href":"https:\/\/relogios-online.com\/es\/wp-json\/wp\/v2\/comments?post=6090"}],"version-history":[{"count":0,"href":"https:\/\/relogios-online.com\/es\/wp-json\/wp\/v2\/product\/6090\/revisions"}],"wp:featuredmedia":[{"embeddable":true,"href":"https:\/\/relogios-online.com\/es\/wp-json\/wp\/v2\/media\/6089"}],"wp:attachment":[{"href":"https:\/\/relogios-online.com\/es\/wp-json\/wp\/v2\/media?parent=6090"}],"wp:term":[{"taxonomy":"product_brand","embeddable":true,"href":"https:\/\/relogios-online.com\/es\/wp-json\/wp\/v2\/product_brand?post=6090"},{"taxonomy":"product_cat","embeddable":true,"href":"https:\/\/relogios-online.com\/es\/wp-json\/wp\/v2\/product_cat?post=6090"},{"taxonomy":"product_tag","embeddable":true,"href":"https:\/\/relogios-online.com\/es\/wp-json\/wp\/v2\/product_tag?post=6090"}],"curies":[{"name":"wp","href":"https:\/\/api.w.org\/{rel}","templated":true}]}}