{"id":6100,"date":"2024-09-27T00:54:27","date_gmt":"2024-09-27T00:54:27","guid":{"rendered":"https:\/\/relogios-online.com\/produto\/casio-g-shock-analogico-digital-mostrador-preto-quartzo-gma-s2100ga-1a-gmas2100ga-1-200m-relogio-feminino\/"},"modified":"2024-09-27T01:01:18","modified_gmt":"2024-09-27T01:01:18","slug":"casio-g-shock-analogico-digital-mostrador-preto-quartzo-gma-s2100ga-1a-gmas2100ga-1-200m-relogio-feminino","status":"publish","type":"product","link":"https:\/\/relogios-online.com\/es\/producto\/reloj-casio-g-shock-analogico-digital-de-cuarzo-con-esfera-negra-gma-s2100ga-1a-gma2100ga-1-200m-para-mujer\/","title":{"rendered":"Reloj Casio G-Shock anal\u00f3gico digital con esfera negra de cuarzo GMA-S2100GA-1A GMAS2100GA-1 200M para mujer"},"content":{"rendered":"<p>Caracter\u00edsticas: Caja compuesta de carbono Correa de resina Movimiento de cuarzo Calibre: 5611 Cristal mineral Esfera negra Pantalla digital anal\u00f3gica resistente a los golpes Estructura de protecci\u00f3n del n\u00facleo de carbono Neobrite Hora mundial Cron\u00f3metro de 1\/100 segundos Temporizador de cuenta regresiva 5 alarmas diarias Se\u00f1al horaria Luz LED dual Calendario autom\u00e1tico completo Tono de operaci\u00f3n de botones Encendido\/apagado Pantalla de 12\/24 horas Manecillas luminosas Pantalla de mes, d\u00eda y fecha Fondo atornillado Cierre de hebilla Resistencia al agua de 200 m Di\u00e1metro aproximado de la caja: 42,9 mm Grosor aproximado de la caja: 11,2 mm Ancho aproximado de la asa: 16 mm<\/p>","protected":false},"excerpt":{"rendered":"<p>Caracter\u00edsticas: Caja compuesta de carbono Correa de resina Movimiento de cuarzo Calibre: 5611 Cristal mineral Esfera negra Pantalla anal\u00f3gica digital<\/p>","protected":false},"featured_media":6099,"comment_status":"open","ping_status":"closed","template":"","meta":[],"product_brand":[],"product_cat":[20],"product_tag":[],"class_list":{"0":"post-6100","1":"product","2":"type-product","3":"status-publish","4":"has-post-thumbnail","6":"product_cat-sem-categoria","8":"first","9":"instock","10":"sale","11":"shipping-taxable","12":"purchasable","13":"product-type-variable"},"jetpack_sharing_enabled":true,"_links":{"self":[{"href":"https:\/\/relogios-online.com\/es\/wp-json\/wp\/v2\/product\/6100","targetHints":{"allow":["GET"]}}],"collection":[{"href":"https:\/\/relogios-online.com\/es\/wp-json\/wp\/v2\/product"}],"about":[{"href":"https:\/\/relogios-online.com\/es\/wp-json\/wp\/v2\/types\/product"}],"replies":[{"embeddable":true,"href":"https:\/\/relogios-online.com\/es\/wp-json\/wp\/v2\/comments?post=6100"}],"version-history":[{"count":0,"href":"https:\/\/relogios-online.com\/es\/wp-json\/wp\/v2\/product\/6100\/revisions"}],"wp:featuredmedia":[{"embeddable":true,"href":"https:\/\/relogios-online.com\/es\/wp-json\/wp\/v2\/media\/6099"}],"wp:attachment":[{"href":"https:\/\/relogios-online.com\/es\/wp-json\/wp\/v2\/media?parent=6100"}],"wp:term":[{"taxonomy":"product_brand","embeddable":true,"href":"https:\/\/relogios-online.com\/es\/wp-json\/wp\/v2\/product_brand?post=6100"},{"taxonomy":"product_cat","embeddable":true,"href":"https:\/\/relogios-online.com\/es\/wp-json\/wp\/v2\/product_cat?post=6100"},{"taxonomy":"product_tag","embeddable":true,"href":"https:\/\/relogios-online.com\/es\/wp-json\/wp\/v2\/product_tag?post=6100"}],"curies":[{"name":"wp","href":"https:\/\/api.w.org\/{rel}","templated":true}]}}