{"id":7058,"date":"2024-10-03T04:14:45","date_gmt":"2024-10-03T04:14:45","guid":{"rendered":"https:\/\/relogios-online.com\/?post_type=product&#038;p=7058"},"modified":"2025-10-17T17:19:16","modified_gmt":"2025-10-17T16:19:16","slug":"relogio-analogico-casio-quartz-ltp-vt01l-7b3-ltpvt01l-7b3-analogico","status":"publish","type":"product","link":"https:\/\/relogios-online.com\/es\/producto\/reloj-analogico-casio-quartz-ltp-vt01l-7b3-ltpvt01l-7b3-analogico\/","title":{"rendered":"Reloj anal\u00f3gico Casio de cuarzo LTP-VT01L-7B3 LTPVT01L-7B3"},"content":{"rendered":"<p>Caracter\u00edsticas: Caja de acero inoxidable Correa de cuero Movimiento de cuarzo Calibre: 1330 Cristal mineral Esfera plateada\/blanca Pantalla anal\u00f3gica Caja con corona atornillada Parte posterior s\u00f3lida Cierre tipo hebilla Resistencia al agua Tama\u00f1o aproximado de la caja: 40 x 34 x 7,9 mm<\/p>\n<p><a href=\"https:\/\/relogios-online.com\/\" target=\"_blank\" rel=\"noopener\">Ver todos los productos Autom\u00e1ticos en relogios-online.com<\/a><\/p>","protected":false},"excerpt":{"rendered":"<p>Caracter\u00edsticas: Caixa de a\u00e7o inoxid\u00e1vel Pulseira de couro Movimento de quartzo Calibre: 1330 Cristal mineral Mostrador prateado \/ branco Display<\/p>","protected":false},"featured_media":7172,"comment_status":"open","ping_status":"closed","template":"","meta":[],"product_brand":[],"product_cat":[62,20],"product_tag":[],"class_list":{"0":"post-7058","1":"product","2":"type-product","3":"status-publish","4":"has-post-thumbnail","6":"product_cat-automatico","7":"product_cat-sem-categoria","9":"first","10":"instock","11":"sale","12":"shipping-taxable","13":"purchasable","14":"product-type-variable"},"jetpack_sharing_enabled":true,"_links":{"self":[{"href":"https:\/\/relogios-online.com\/es\/wp-json\/wp\/v2\/product\/7058","targetHints":{"allow":["GET"]}}],"collection":[{"href":"https:\/\/relogios-online.com\/es\/wp-json\/wp\/v2\/product"}],"about":[{"href":"https:\/\/relogios-online.com\/es\/wp-json\/wp\/v2\/types\/product"}],"replies":[{"embeddable":true,"href":"https:\/\/relogios-online.com\/es\/wp-json\/wp\/v2\/comments?post=7058"}],"version-history":[{"count":1,"href":"https:\/\/relogios-online.com\/es\/wp-json\/wp\/v2\/product\/7058\/revisions"}],"predecessor-version":[{"id":9663,"href":"https:\/\/relogios-online.com\/es\/wp-json\/wp\/v2\/product\/7058\/revisions\/9663"}],"wp:featuredmedia":[{"embeddable":true,"href":"https:\/\/relogios-online.com\/es\/wp-json\/wp\/v2\/media\/7172"}],"wp:attachment":[{"href":"https:\/\/relogios-online.com\/es\/wp-json\/wp\/v2\/media?parent=7058"}],"wp:term":[{"taxonomy":"product_brand","embeddable":true,"href":"https:\/\/relogios-online.com\/es\/wp-json\/wp\/v2\/product_brand?post=7058"},{"taxonomy":"product_cat","embeddable":true,"href":"https:\/\/relogios-online.com\/es\/wp-json\/wp\/v2\/product_cat?post=7058"},{"taxonomy":"product_tag","embeddable":true,"href":"https:\/\/relogios-online.com\/es\/wp-json\/wp\/v2\/product_tag?post=7058"}],"curies":[{"name":"wp","href":"https:\/\/api.w.org\/{rel}","templated":true}]}}