{"id":7078,"date":"2024-10-03T04:14:27","date_gmt":"2024-10-03T04:14:27","guid":{"rendered":"https:\/\/relogios-online.com\/?post_type=product&#038;p=7078"},"modified":"2025-10-17T17:19:17","modified_gmt":"2025-10-17T16:19:17","slug":"relogio-masculino-casio-padrao-analogico-de-aco-inoxidavel-com-mostrador-azul-quartzo-mtp-b145d-2a2","status":"publish","type":"product","link":"https:\/\/relogios-online.com\/es\/producto\/reloj-casio-analogico-estandar-de-acero-inoxidable-para-hombre-con-esfera-azul-de-cuarzo-mtp-b145d-2a2\/","title":{"rendered":"Reloj Casio MTP-B145D-2A2 de cuarzo con esfera azul y acero inoxidable con patr\u00f3n anal\u00f3gico para hombre"},"content":{"rendered":"<p>Caracter\u00edsticas: Caja de acero inoxidable Brazalete de acero inoxidable Movimiento de cuarzo Cristal mineral Esfera azul Pantalla anal\u00f3gica Sincronizaci\u00f3n regular Indicaci\u00f3n de fecha Caja atornillada Cierre desplegable Resistencia al agua 50 m Di\u00e1metro aproximado de la caja: 35 mm Grosor aproximado de la caja: 7,4 mm<\/p>\n<p><a href=\"https:\/\/relogios-online.com\/\" target=\"_blank\" rel=\"noopener\">Ver todos los productos Autom\u00e1ticos en relogios-online.com<\/a><\/p>","protected":false},"excerpt":{"rendered":"<p>Caracter\u00edsticas: Caja de acero inoxidable Brazalete de acero inoxidable Movimiento de cuarzo Cristal mineral Esfera azul Pantalla anal\u00f3gica Sincronizaci\u00f3n regular<\/p>","protected":false},"featured_media":7181,"comment_status":"open","ping_status":"closed","template":"","meta":[],"product_brand":[],"product_cat":[62,20],"product_tag":[],"class_list":{"0":"post-7078","1":"product","2":"type-product","3":"status-publish","4":"has-post-thumbnail","6":"product_cat-automatico","7":"product_cat-sem-categoria","9":"first","10":"instock","11":"sale","12":"shipping-taxable","13":"purchasable","14":"product-type-variable"},"jetpack_sharing_enabled":true,"_links":{"self":[{"href":"https:\/\/relogios-online.com\/es\/wp-json\/wp\/v2\/product\/7078","targetHints":{"allow":["GET"]}}],"collection":[{"href":"https:\/\/relogios-online.com\/es\/wp-json\/wp\/v2\/product"}],"about":[{"href":"https:\/\/relogios-online.com\/es\/wp-json\/wp\/v2\/types\/product"}],"replies":[{"embeddable":true,"href":"https:\/\/relogios-online.com\/es\/wp-json\/wp\/v2\/comments?post=7078"}],"version-history":[{"count":1,"href":"https:\/\/relogios-online.com\/es\/wp-json\/wp\/v2\/product\/7078\/revisions"}],"predecessor-version":[{"id":9664,"href":"https:\/\/relogios-online.com\/es\/wp-json\/wp\/v2\/product\/7078\/revisions\/9664"}],"wp:featuredmedia":[{"embeddable":true,"href":"https:\/\/relogios-online.com\/es\/wp-json\/wp\/v2\/media\/7181"}],"wp:attachment":[{"href":"https:\/\/relogios-online.com\/es\/wp-json\/wp\/v2\/media?parent=7078"}],"wp:term":[{"taxonomy":"product_brand","embeddable":true,"href":"https:\/\/relogios-online.com\/es\/wp-json\/wp\/v2\/product_brand?post=7078"},{"taxonomy":"product_cat","embeddable":true,"href":"https:\/\/relogios-online.com\/es\/wp-json\/wp\/v2\/product_cat?post=7078"},{"taxonomy":"product_tag","embeddable":true,"href":"https:\/\/relogios-online.com\/es\/wp-json\/wp\/v2\/product_tag?post=7078"}],"curies":[{"name":"wp","href":"https:\/\/api.w.org\/{rel}","templated":true}]}}