{"id":7205,"date":"2024-10-03T04:14:00","date_gmt":"2024-10-03T04:14:00","guid":{"rendered":"https:\/\/relogios-online.com\/?post_type=product&#038;p=7205"},"modified":"2025-10-17T17:19:20","modified_gmt":"2025-10-17T16:19:20","slug":"casio-prata-mostrador-de-aco-inoxidavel-analogico-quartzo-mtp-v002l-2b3-mtpv002l-2-relogio-masculino","status":"publish","type":"product","link":"https:\/\/relogios-online.com\/es\/producto\/reloj-casio-de-cuarzo-analogico-de-acero-inoxidable-con-esfera-plateada-mtp-v002l-2b3-mtpv002l-2-para-hombre\/","title":{"rendered":"Reloj Casio de cuarzo anal\u00f3gico de acero inoxidable con esfera plateada MTP-V002L-2B3 MTPV002L-2 para hombre"},"content":{"rendered":"<p>Caracter\u00edsticas: Caja de acero inoxidable Correa de cuero Movimiento de cuarzo Cristal mineral Esfera plateada Pantalla anal\u00f3gica Indicaci\u00f3n de fecha Cubierta trasera s\u00f3lida Cierre de hebilla Resistencia a salpicaduras Di\u00e1metro aproximado de la caja: 44 mm Grosor aproximado de la caja: 10 mm Ancho aproximado de la asa: 20 mm<\/p>\n<p><a href=\"https:\/\/relogios-online.com\/\" target=\"_blank\" rel=\"noopener\">Ver todos los productos Autom\u00e1ticos en relogios-online.com<\/a><\/p>","protected":false},"excerpt":{"rendered":"<p>Recursos: Caixa de a\u00e7o inoxid\u00e1vel Pulseira de couro Movimento de quartzo Cristal mineral Silver Dial Display Anal\u00f3gico Exibi\u00e7\u00e3o de data<\/p>","protected":false},"featured_media":7200,"comment_status":"open","ping_status":"closed","template":"","meta":[],"product_brand":[],"product_cat":[62,20],"product_tag":[],"class_list":{"0":"post-7205","1":"product","2":"type-product","3":"status-publish","4":"has-post-thumbnail","6":"product_cat-automatico","7":"product_cat-sem-categoria","9":"first","10":"instock","11":"sale","12":"shipping-taxable","13":"purchasable","14":"product-type-variable"},"jetpack_sharing_enabled":true,"_links":{"self":[{"href":"https:\/\/relogios-online.com\/es\/wp-json\/wp\/v2\/product\/7205","targetHints":{"allow":["GET"]}}],"collection":[{"href":"https:\/\/relogios-online.com\/es\/wp-json\/wp\/v2\/product"}],"about":[{"href":"https:\/\/relogios-online.com\/es\/wp-json\/wp\/v2\/types\/product"}],"replies":[{"embeddable":true,"href":"https:\/\/relogios-online.com\/es\/wp-json\/wp\/v2\/comments?post=7205"}],"version-history":[{"count":1,"href":"https:\/\/relogios-online.com\/es\/wp-json\/wp\/v2\/product\/7205\/revisions"}],"predecessor-version":[{"id":9666,"href":"https:\/\/relogios-online.com\/es\/wp-json\/wp\/v2\/product\/7205\/revisions\/9666"}],"wp:featuredmedia":[{"embeddable":true,"href":"https:\/\/relogios-online.com\/es\/wp-json\/wp\/v2\/media\/7200"}],"wp:attachment":[{"href":"https:\/\/relogios-online.com\/es\/wp-json\/wp\/v2\/media?parent=7205"}],"wp:term":[{"taxonomy":"product_brand","embeddable":true,"href":"https:\/\/relogios-online.com\/es\/wp-json\/wp\/v2\/product_brand?post=7205"},{"taxonomy":"product_cat","embeddable":true,"href":"https:\/\/relogios-online.com\/es\/wp-json\/wp\/v2\/product_cat?post=7205"},{"taxonomy":"product_tag","embeddable":true,"href":"https:\/\/relogios-online.com\/es\/wp-json\/wp\/v2\/product_tag?post=7205"}],"curies":[{"name":"wp","href":"https:\/\/api.w.org\/{rel}","templated":true}]}}