{"id":7224,"date":"2024-10-03T04:13:34","date_gmt":"2024-10-03T04:13:34","guid":{"rendered":"https:\/\/relogios-online.com\/?post_type=product&#038;p=7224"},"modified":"2025-10-17T17:19:23","modified_gmt":"2025-10-17T16:19:23","slug":"seiko-5-sports-automatic-snzg13-snzg13k1-snzg13k-mens-watch","status":"publish","type":"product","link":"https:\/\/relogios-online.com\/es\/producto\/reloj-seiko-5-deportivo-automatico-snzg13-snzg13k1-snzg13k-para-hombre\/","title":{"rendered":"Reloj Seiko 5 Sports autom\u00e1tico SNZG13 SNZG13K1 SNZG13K para hombre"},"content":{"rendered":"<p>Caracter\u00edsticas: Caja de acero inoxidable Brazalete de acero inoxidable Calibre 7S36 Movimiento autom\u00e1tico 23 joyas Visualizaci\u00f3n de d\u00eda y fecha en la posici\u00f3n de las 3 Manecillas y marcadores de hora luminosos Esfera negra Cristal Hardlex Resistente al agua hasta 100 m Aprox. Di\u00e1metro de la caja: 41 mm Aprox. Grosor de la caja: 12 mm<\/p>\n<p><a href=\"https:\/\/relogios-online.com\/\" target=\"_blank\" rel=\"noopener\">Ver todos los productos Autom\u00e1ticos en relogios-online.com<\/a><\/p>","protected":false},"excerpt":{"rendered":"<p>Features:Stainless Steel CaseStainless Steel BraceletCaliber 7S36Automatic Movement23 JewelsDay and Date display at 3 o&#8217;clock positionLuminous Hands and Hour markersBlack DialHardlex<\/p>","protected":false},"featured_media":7219,"comment_status":"open","ping_status":"closed","template":"","meta":[],"product_brand":[],"product_cat":[62,20],"product_tag":[],"class_list":{"0":"post-7224","1":"product","2":"type-product","3":"status-publish","4":"has-post-thumbnail","6":"product_cat-automatico","7":"product_cat-sem-categoria","9":"first","10":"instock","11":"sale","12":"shipping-taxable","13":"purchasable","14":"product-type-variable"},"jetpack_sharing_enabled":true,"_links":{"self":[{"href":"https:\/\/relogios-online.com\/es\/wp-json\/wp\/v2\/product\/7224","targetHints":{"allow":["GET"]}}],"collection":[{"href":"https:\/\/relogios-online.com\/es\/wp-json\/wp\/v2\/product"}],"about":[{"href":"https:\/\/relogios-online.com\/es\/wp-json\/wp\/v2\/types\/product"}],"replies":[{"embeddable":true,"href":"https:\/\/relogios-online.com\/es\/wp-json\/wp\/v2\/comments?post=7224"}],"version-history":[{"count":1,"href":"https:\/\/relogios-online.com\/es\/wp-json\/wp\/v2\/product\/7224\/revisions"}],"predecessor-version":[{"id":9668,"href":"https:\/\/relogios-online.com\/es\/wp-json\/wp\/v2\/product\/7224\/revisions\/9668"}],"wp:featuredmedia":[{"embeddable":true,"href":"https:\/\/relogios-online.com\/es\/wp-json\/wp\/v2\/media\/7219"}],"wp:attachment":[{"href":"https:\/\/relogios-online.com\/es\/wp-json\/wp\/v2\/media?parent=7224"}],"wp:term":[{"taxonomy":"product_brand","embeddable":true,"href":"https:\/\/relogios-online.com\/es\/wp-json\/wp\/v2\/product_brand?post=7224"},{"taxonomy":"product_cat","embeddable":true,"href":"https:\/\/relogios-online.com\/es\/wp-json\/wp\/v2\/product_cat?post=7224"},{"taxonomy":"product_tag","embeddable":true,"href":"https:\/\/relogios-online.com\/es\/wp-json\/wp\/v2\/product_tag?post=7224"}],"curies":[{"name":"wp","href":"https:\/\/api.w.org\/{rel}","templated":true}]}}