{"id":7244,"date":"2024-10-03T04:12:51","date_gmt":"2024-10-03T04:12:51","guid":{"rendered":"https:\/\/relogios-online.com\/?post_type=product&#038;p=7244"},"modified":"2025-10-17T17:19:28","modified_gmt":"2025-10-17T16:19:28","slug":"seiko-5-snkl23-snkl23k1-snkl23k-relogio-automatico-dos-homens","status":"publish","type":"product","link":"https:\/\/relogios-online.com\/es\/producto\/reloj-automatico-para-hombre-seiko-5-snkl23-snkl23k1-snkl23k\/","title":{"rendered":"Reloj autom\u00e1tico Seiko 5 SNKL23 SNKL23K1 SNKL23K para hombre"},"content":{"rendered":"<p>Caracter\u00edsticas: Caja de acero inoxidable Brazalete de acero inoxidable Movimiento autom\u00e1tico Calibre: 7s26 21 joyas Cristal Hardlex Esfera negra Pantalla anal\u00f3gica Manecillas y marcadores luminosos Indicaci\u00f3n de d\u00eda y fecha Corona de tirar\/empujar Caja trasera transparente Cierre de despliegue Resistencia al agua de 30 M Di\u00e1metro aproximado Grosor de la caja: 38 mm Aproximado de la caja Espesor: 10,5 mm<\/p>\n<p><a href=\"https:\/\/relogios-online.com\/\" target=\"_blank\" rel=\"noopener\">Ver todos los productos Autom\u00e1ticos en relogios-online.com<\/a><\/p>","protected":false},"excerpt":{"rendered":"<p>Caracter\u00edsticas: Caja de acero inoxidable Brazalete de acero inoxidable Movimiento autom\u00e1tico Calibre: 7s26 21 joyas Cristal Hardlex Esfera negra Pantalla<\/p>","protected":false},"featured_media":7314,"comment_status":"open","ping_status":"closed","template":"","meta":[],"product_brand":[],"product_cat":[62,20],"product_tag":[],"class_list":{"0":"post-7244","1":"product","2":"type-product","3":"status-publish","4":"has-post-thumbnail","6":"product_cat-automatico","7":"product_cat-sem-categoria","9":"first","10":"instock","11":"sale","12":"shipping-taxable","13":"purchasable","14":"product-type-variable"},"jetpack_sharing_enabled":true,"_links":{"self":[{"href":"https:\/\/relogios-online.com\/es\/wp-json\/wp\/v2\/product\/7244","targetHints":{"allow":["GET"]}}],"collection":[{"href":"https:\/\/relogios-online.com\/es\/wp-json\/wp\/v2\/product"}],"about":[{"href":"https:\/\/relogios-online.com\/es\/wp-json\/wp\/v2\/types\/product"}],"replies":[{"embeddable":true,"href":"https:\/\/relogios-online.com\/es\/wp-json\/wp\/v2\/comments?post=7244"}],"version-history":[{"count":1,"href":"https:\/\/relogios-online.com\/es\/wp-json\/wp\/v2\/product\/7244\/revisions"}],"predecessor-version":[{"id":9673,"href":"https:\/\/relogios-online.com\/es\/wp-json\/wp\/v2\/product\/7244\/revisions\/9673"}],"wp:featuredmedia":[{"embeddable":true,"href":"https:\/\/relogios-online.com\/es\/wp-json\/wp\/v2\/media\/7314"}],"wp:attachment":[{"href":"https:\/\/relogios-online.com\/es\/wp-json\/wp\/v2\/media?parent=7244"}],"wp:term":[{"taxonomy":"product_brand","embeddable":true,"href":"https:\/\/relogios-online.com\/es\/wp-json\/wp\/v2\/product_brand?post=7244"},{"taxonomy":"product_cat","embeddable":true,"href":"https:\/\/relogios-online.com\/es\/wp-json\/wp\/v2\/product_cat?post=7244"},{"taxonomy":"product_tag","embeddable":true,"href":"https:\/\/relogios-online.com\/es\/wp-json\/wp\/v2\/product_tag?post=7244"}],"curies":[{"name":"wp","href":"https:\/\/api.w.org\/{rel}","templated":true}]}}