{"id":7276,"date":"2024-10-03T04:13:06","date_gmt":"2024-10-03T04:13:06","guid":{"rendered":"https:\/\/relogios-online.com\/?post_type=product&#038;p=7276"},"modified":"2025-10-17T17:19:26","modified_gmt":"2025-10-17T16:19:26","slug":"relogio-masculino-seiko-descubra-mais-aco-inoxidavel-com-mostrador-azul-automatico-srph87-srph87k1-srph87k-100m","status":"publish","type":"product","link":"https:\/\/relogios-online.com\/es\/producto\/reloj-seiko-para-hombre-descubre-mas-acero-inoxidable-con-esfera-automatica-azul-srph87-srph87k1-srph87k-100m\/","title":{"rendered":"Reloj Seiko para hombre Descubre m\u00e1s Autom\u00e1tico Esfera azul Acero inoxidable SRPH87 SRPH87K1 SRPH87K 100M"},"content":{"rendered":"<p>Caracter\u00edsticas: Caja de acero inoxidable Brazalete de acero inoxidable Movimiento autom\u00e1tico Calibre: 4R35 23 joyas Cristal Hardlex Esfera azul Pantalla anal\u00f3gica Reserva de marcha de hasta 41 horas Indicaci\u00f3n de la fecha Fondo atornillado Cierre desplegable Resistencia al agua 100 m Di\u00e1metro aproximado de la caja: 41,2 mm Grosor aproximado de la caja : 11,8 mm Ancho aproximado de la orejeta: 20 mm<\/p>\n<p><a href=\"https:\/\/relogios-online.com\/\" target=\"_blank\" rel=\"noopener\">Ver todos los productos Autom\u00e1ticos en relogios-online.com<\/a><\/p>","protected":false},"excerpt":{"rendered":"<p>Caracter\u00edsticas: Caja de acero inoxidable Pulsera de acero inoxidable Movimiento autom\u00e1tico Calibre: 4R35 23 joyas Cristal Hardlex Esfera azul Pantalla<\/p>","protected":false},"featured_media":7295,"comment_status":"open","ping_status":"closed","template":"","meta":[],"product_brand":[],"product_cat":[62,20],"product_tag":[],"class_list":{"0":"post-7276","1":"product","2":"type-product","3":"status-publish","4":"has-post-thumbnail","6":"product_cat-automatico","7":"product_cat-sem-categoria","9":"first","10":"instock","11":"sale","12":"shipping-taxable","13":"purchasable","14":"product-type-variable"},"jetpack_sharing_enabled":true,"_links":{"self":[{"href":"https:\/\/relogios-online.com\/es\/wp-json\/wp\/v2\/product\/7276","targetHints":{"allow":["GET"]}}],"collection":[{"href":"https:\/\/relogios-online.com\/es\/wp-json\/wp\/v2\/product"}],"about":[{"href":"https:\/\/relogios-online.com\/es\/wp-json\/wp\/v2\/types\/product"}],"replies":[{"embeddable":true,"href":"https:\/\/relogios-online.com\/es\/wp-json\/wp\/v2\/comments?post=7276"}],"version-history":[{"count":1,"href":"https:\/\/relogios-online.com\/es\/wp-json\/wp\/v2\/product\/7276\/revisions"}],"predecessor-version":[{"id":9671,"href":"https:\/\/relogios-online.com\/es\/wp-json\/wp\/v2\/product\/7276\/revisions\/9671"}],"wp:featuredmedia":[{"embeddable":true,"href":"https:\/\/relogios-online.com\/es\/wp-json\/wp\/v2\/media\/7295"}],"wp:attachment":[{"href":"https:\/\/relogios-online.com\/es\/wp-json\/wp\/v2\/media?parent=7276"}],"wp:term":[{"taxonomy":"product_brand","embeddable":true,"href":"https:\/\/relogios-online.com\/es\/wp-json\/wp\/v2\/product_brand?post=7276"},{"taxonomy":"product_cat","embeddable":true,"href":"https:\/\/relogios-online.com\/es\/wp-json\/wp\/v2\/product_cat?post=7276"},{"taxonomy":"product_tag","embeddable":true,"href":"https:\/\/relogios-online.com\/es\/wp-json\/wp\/v2\/product_tag?post=7276"}],"curies":[{"name":"wp","href":"https:\/\/api.w.org\/{rel}","templated":true}]}}