{"id":7338,"date":"2024-10-01T14:55:31","date_gmt":"2024-10-01T14:55:31","guid":{"rendered":"https:\/\/relogios-online.com\/?post_type=product&#038;p=7338"},"modified":"2025-10-17T17:15:47","modified_gmt":"2025-10-17T16:15:47","slug":"seiko-5-japao-automatico-feito-snke51-snke51j1-snke51j-men-watch","status":"publish","type":"product","link":"https:\/\/relogios-online.com\/es\/producto\/reloj-seiko-5-japon-automatico-hecho-snke51-snke51j1-snke51j-para-hombre\/","title":{"rendered":"Reloj Seiko 5 autom\u00e1tico hecho en Jap\u00f3n SNKE51 SNKE51J1 SNKE51J para hombre"},"content":{"rendered":"<h3>Reloj Seiko SNKE51J1: elegancia japonesa construida para durar<\/h3>\n<p>El Seiko SNKE51J1 es un reloj autom\u00e1tico para hombre, fabricado en Jap\u00f3n, que forma parte de la reconocida l\u00ednea Seiko 5. Con su movimiento autom\u00e1tico y 21 joyas, es un ejemplo de precisi\u00f3n y durabilidad. Su esfera azul y su dise\u00f1o en acero inoxidable a\u00f1aden un toque de elegancia, convirti\u00e9ndolo en una opci\u00f3n perfecta para el uso diario o para ocasiones especiales.<\/p>\n<h3>Caracter\u00edsticas t\u00e9cnicas<\/h3>\n<table>\n<thead>\n<tr>\n<th><strong>Caracter\u00edsticas<\/strong><\/th>\n<th><strong>Detalles<\/strong><\/th>\n<\/tr>\n<\/thead>\n<tbody>\n<tr>\n<td><strong>Marca<\/strong><\/td>\n<td>Seiko<\/td>\n<\/tr>\n<tr>\n<td><strong>Serie<\/strong><\/td>\n<td>Seiko 5<\/td>\n<\/tr>\n<tr>\n<td><strong>Modelo<\/strong><\/td>\n<td>SNKE51J1<\/td>\n<\/tr>\n<tr>\n<td><strong>G\u00e9nero<\/strong><\/td>\n<td>Masculino<\/td>\n<\/tr>\n<tr>\n<td><strong>Movimiento<\/strong><\/td>\n<td>Autom\u00e1tico<\/td>\n<\/tr>\n<tr>\n<td><strong>Calibre<\/strong><\/td>\n<td>7S26<\/td>\n<\/tr>\n<tr>\n<td><strong>Joyas<\/strong><\/td>\n<td>21<\/td>\n<\/tr>\n<tr>\n<td><strong>Material de la caja<\/strong><\/td>\n<td>Acero inoxidable<\/td>\n<\/tr>\n<tr>\n<td><strong>Material de la pulsera<\/strong><\/td>\n<td>Acero inoxidable<\/td>\n<\/tr>\n<tr>\n<td><strong>Tipo de pantalla<\/strong><\/td>\n<td>Cosa an\u00e1loga<\/td>\n<\/tr>\n<tr>\n<td><strong>Color de la esfera<\/strong><\/td>\n<td>Azul<\/td>\n<\/tr>\n<tr>\n<td><strong>Cristal<\/strong><\/td>\n<td>cristal mineral<\/td>\n<\/tr>\n<tr>\n<td><strong>Di\u00e1metro de la caja<\/strong><\/td>\n<td>39mm<\/td>\n<\/tr>\n<tr>\n<td><strong>Grosor de la caja<\/strong><\/td>\n<td>11mm<\/td>\n<\/tr>\n<tr>\n<td><strong>Tipo de corona<\/strong><\/td>\n<td>Tirar\/empujar la corona<\/td>\n<\/tr>\n<tr>\n<td><strong>Resistencia al agua<\/strong><\/td>\n<td>30M<\/td>\n<\/tr>\n<tr>\n<td><strong>Calendario<\/strong><\/td>\n<td>Visualizaci\u00f3n de d\u00eda y fecha<\/td>\n<\/tr>\n<tr>\n<td><strong>Funciones<\/strong><\/td>\n<td>D\u00eda, Fecha, Hora, Minuto, Segundo<\/td>\n<\/tr>\n<tr>\n<td><strong>Cierre<\/strong><\/td>\n<td>Cierre de implementaci\u00f3n<\/td>\n<\/tr>\n<tr>\n<td><strong>Marcadores de esfera<\/strong><\/td>\n<td>\u00cdndice<\/td>\n<\/tr>\n<tr>\n<td><strong>Luminiscencia<\/strong><\/td>\n<td>manos y marcadores<\/td>\n<\/tr>\n<tr>\n<td><strong>Estilo<\/strong><\/td>\n<td>Vestido<\/td>\n<\/tr>\n<tr>\n<td><strong>Garantizar<\/strong><\/td>\n<td>1 a\u00f1o de garant\u00eda internacional<\/td>\n<\/tr>\n<\/tbody>\n<\/table>\n<p><a href=\"https:\/\/relogios-online.com\/\" target=\"_blank\" rel=\"noopener\">Ver todos los productos de Relojes para Hombre en relogios-online.com<\/a><\/p>","protected":false},"excerpt":{"rendered":"<p>\ud83d\ude9a\u00a0<strong>Opciones de env\u00edo est\u00e1ndar y expr\u00e9s<\/strong>: Elija entre\u00a0<strong>Env\u00edo est\u00e1ndar global<\/strong>\u00a0(15 a 21 d\u00edas h\u00e1biles para la Uni\u00f3n Europea, 14 a 18 d\u00edas h\u00e1biles para Estados Unidos y Australia, 4 a 6 semanas para Brasil y 3 a 6 semanas para otros pa\u00edses): el cliente puede ser responsable del IVA y los aranceles aduaneros, si ocurren \u2013 o\u00a0<strong>Env\u00edo expr\u00e9s (DHL\/FedEx)<\/strong>\u00a0en\u00a0<strong>5 d\u00edas laborables<\/strong>\u00a0con todos los gastos ya incluidos en el precio.<br \/>\nEcha un vistazo a nuestro\u00a0<strong>Pol\u00edtica\u00a0<a href=\"https:\/\/relogios-online.com\/politica-de-envio\/\" target=\"_blank\" rel=\"noopener\">Pol\u00edtica de env\u00edo<\/a>.<\/strong><\/p>\n<p>\ud83d\udd12\u00a0<strong>Seguro de calidad<\/strong>: Todos nuestros productos tienen\u00a0<strong>garant\u00eda de 12 meses<\/strong>, asegurando calidad y satisfacci\u00f3n.<\/p>\n<p>\ud83d\udcde\u00a0<strong>Atenci\u00f3n al cliente<\/strong>: Nuestro equipo est\u00e1 siempre listo para ayudarle en cada etapa de su compra.<\/p>\n<p>\ud83d\udcb3\u00a0<strong>Pago Seguro<\/strong>: Ofrecemos opciones de pago seguras 100% para garantizar que sus datos est\u00e9n protegidos.<\/p>\n<p>\u2705\u00a0<strong>Producto Original<\/strong>: S\u00f3lo trabajamos con relojes originales y de alta calidad, directamente de las mejores marcas.<\/p>","protected":false},"featured_media":7333,"comment_status":"open","ping_status":"closed","template":"","meta":[],"product_brand":[],"product_cat":[189,62,56],"product_tag":[],"class_list":{"0":"post-7338","1":"product","2":"type-product","3":"status-publish","4":"has-post-thumbnail","6":"product_cat-seiko","7":"product_cat-automatico","8":"product_cat-relogios-homem","10":"first","11":"instock","12":"sale","13":"shipping-taxable","14":"purchasable","15":"product-type-variable"},"jetpack_sharing_enabled":true,"_links":{"self":[{"href":"https:\/\/relogios-online.com\/es\/wp-json\/wp\/v2\/product\/7338","targetHints":{"allow":["GET"]}}],"collection":[{"href":"https:\/\/relogios-online.com\/es\/wp-json\/wp\/v2\/product"}],"about":[{"href":"https:\/\/relogios-online.com\/es\/wp-json\/wp\/v2\/types\/product"}],"replies":[{"embeddable":true,"href":"https:\/\/relogios-online.com\/es\/wp-json\/wp\/v2\/comments?post=7338"}],"version-history":[{"count":1,"href":"https:\/\/relogios-online.com\/es\/wp-json\/wp\/v2\/product\/7338\/revisions"}],"predecessor-version":[{"id":9636,"href":"https:\/\/relogios-online.com\/es\/wp-json\/wp\/v2\/product\/7338\/revisions\/9636"}],"wp:featuredmedia":[{"embeddable":true,"href":"https:\/\/relogios-online.com\/es\/wp-json\/wp\/v2\/media\/7333"}],"wp:attachment":[{"href":"https:\/\/relogios-online.com\/es\/wp-json\/wp\/v2\/media?parent=7338"}],"wp:term":[{"taxonomy":"product_brand","embeddable":true,"href":"https:\/\/relogios-online.com\/es\/wp-json\/wp\/v2\/product_brand?post=7338"},{"taxonomy":"product_cat","embeddable":true,"href":"https:\/\/relogios-online.com\/es\/wp-json\/wp\/v2\/product_cat?post=7338"},{"taxonomy":"product_tag","embeddable":true,"href":"https:\/\/relogios-online.com\/es\/wp-json\/wp\/v2\/product_tag?post=7338"}],"curies":[{"name":"wp","href":"https:\/\/api.w.org\/{rel}","templated":true}]}}