{"id":7487,"date":"2024-10-03T03:48:19","date_gmt":"2024-10-03T03:48:19","guid":{"rendered":"https:\/\/relogios-online.com\/?post_type=product&#038;p=7487"},"modified":"2025-10-17T17:19:35","modified_gmt":"2025-10-17T16:19:35","slug":"seiko-5-esportes-automatico-japao-fez-relacao-de-couro-marrom-snzg15j1-ls9-relogio-dos-homens","status":"publish","type":"product","link":"https:\/\/relogios-online.com\/es\/producto\/reloj-seiko-5-sports-automatico-fabricado-en-japon-con-proporcion-de-cuero-marron-snzg15j1-ls9-para-hombre\/","title":{"rendered":"Reloj Seiko 5 Sports autom\u00e1tico fabricado en Jap\u00f3n con proporci\u00f3n de cuero marr\u00f3n SNZG15J1-LS9 para hombre"},"content":{"rendered":"<p>Caracter\u00edsticas: Hecho en Jap\u00f3n Caja de acero inoxidable Correa de cuero marr\u00f3n de marca Link de alta calidad Movimiento autom\u00e1tico Calibre: 7S36 23 joyas Cristal Hardlex Esfera negra Manecillas e \u00edndices luminosos Indicaci\u00f3n de d\u00eda y fecha Caja trasera transparente Cierre de hebilla Resistencia de 100 M de agua Di\u00e1metro aproximado de la caja: 42 mm Aproximado Grosor de la caja: 12 mm<\/p>\n<p><a href=\"https:\/\/relogios-online.com\/\" target=\"_blank\" rel=\"noopener\">Ver todos los productos Autom\u00e1ticos en relogios-online.com<\/a><\/p>","protected":false},"excerpt":{"rendered":"<p>Caracter\u00edsticas: Feito no Jap\u00e3o Caixa de a\u00e7o inoxid\u00e1vel Correia de couro marrom da marca da rela\u00e7\u00e3o da alta qualidade Movimento<\/p>","protected":false},"featured_media":7482,"comment_status":"open","ping_status":"closed","template":"","meta":[],"product_brand":[],"product_cat":[62,20],"product_tag":[],"class_list":{"0":"post-7487","1":"product","2":"type-product","3":"status-publish","4":"has-post-thumbnail","6":"product_cat-automatico","7":"product_cat-sem-categoria","9":"first","10":"instock","11":"sale","12":"shipping-taxable","13":"purchasable","14":"product-type-variable"},"jetpack_sharing_enabled":true,"_links":{"self":[{"href":"https:\/\/relogios-online.com\/es\/wp-json\/wp\/v2\/product\/7487","targetHints":{"allow":["GET"]}}],"collection":[{"href":"https:\/\/relogios-online.com\/es\/wp-json\/wp\/v2\/product"}],"about":[{"href":"https:\/\/relogios-online.com\/es\/wp-json\/wp\/v2\/types\/product"}],"replies":[{"embeddable":true,"href":"https:\/\/relogios-online.com\/es\/wp-json\/wp\/v2\/comments?post=7487"}],"version-history":[{"count":1,"href":"https:\/\/relogios-online.com\/es\/wp-json\/wp\/v2\/product\/7487\/revisions"}],"predecessor-version":[{"id":9679,"href":"https:\/\/relogios-online.com\/es\/wp-json\/wp\/v2\/product\/7487\/revisions\/9679"}],"wp:featuredmedia":[{"embeddable":true,"href":"https:\/\/relogios-online.com\/es\/wp-json\/wp\/v2\/media\/7482"}],"wp:attachment":[{"href":"https:\/\/relogios-online.com\/es\/wp-json\/wp\/v2\/media?parent=7487"}],"wp:term":[{"taxonomy":"product_brand","embeddable":true,"href":"https:\/\/relogios-online.com\/es\/wp-json\/wp\/v2\/product_brand?post=7487"},{"taxonomy":"product_cat","embeddable":true,"href":"https:\/\/relogios-online.com\/es\/wp-json\/wp\/v2\/product_cat?post=7487"},{"taxonomy":"product_tag","embeddable":true,"href":"https:\/\/relogios-online.com\/es\/wp-json\/wp\/v2\/product_tag?post=7487"}],"curies":[{"name":"wp","href":"https:\/\/api.w.org\/{rel}","templated":true}]}}