{"id":7497,"date":"2024-10-03T03:48:01","date_gmt":"2024-10-03T03:48:01","guid":{"rendered":"https:\/\/relogios-online.com\/?post_type=product&#038;p=7497"},"modified":"2025-10-17T17:19:37","modified_gmt":"2025-10-17T16:19:37","slug":"seiko-5-military-snk807k2-var-ss2-automatic-brown-leather-strap-mens-watch","status":"publish","type":"product","link":"https:\/\/relogios-online.com\/es\/producto\/reloj-seiko-5-military-snk807k2-var-ss2-automatico-con-correa-de-cuero-marron-para-hombre\/","title":{"rendered":"Reloj Seiko 5 Military SNK807K2-var-SS2 autom\u00e1tico con correa de cuero marr\u00f3n para hombre"},"content":{"rendered":"<p>Caracter\u00edsticas:Caja de acero inoxidableCorrea de cuero marr\u00f3nMovimiento autom\u00e1ticoCalibre: 7S26A21 JoyasCristal HardlexEsfera azulPantalla anal\u00f3gicaManecillas y marcadores luminososIndicaci\u00f3n de d\u00eda y fechaCorona de tirar\/empujarVer a trav\u00e9s del fondo de la cajaCierre de hebillaResistencia al agua 30MDi\u00e1metro aproximado de la caja: 37mmGrosor aproximado de la caja: 10mm<\/p>\n<p><a href=\"https:\/\/relogios-online.com\/\" target=\"_blank\" rel=\"noopener\">Ver todos los productos Autom\u00e1ticos en relogios-online.com<\/a><\/p>","protected":false},"excerpt":{"rendered":"<p>Features:Stainless Steel CaseBrown Leather StrapAutomatic MovementCaliber: 7S26A21 JewelsHardlex CrystalBlue DialAnalog DisplayLuminous Hands And MarkersDay And Date DisplayPull\/Push CrownSee Through Case<\/p>","protected":false},"featured_media":7492,"comment_status":"open","ping_status":"closed","template":"","meta":[],"product_brand":[],"product_cat":[62,20],"product_tag":[],"class_list":{"0":"post-7497","1":"product","2":"type-product","3":"status-publish","4":"has-post-thumbnail","6":"product_cat-automatico","7":"product_cat-sem-categoria","9":"first","10":"instock","11":"sale","12":"shipping-taxable","13":"purchasable","14":"product-type-variable"},"jetpack_sharing_enabled":true,"_links":{"self":[{"href":"https:\/\/relogios-online.com\/es\/wp-json\/wp\/v2\/product\/7497","targetHints":{"allow":["GET"]}}],"collection":[{"href":"https:\/\/relogios-online.com\/es\/wp-json\/wp\/v2\/product"}],"about":[{"href":"https:\/\/relogios-online.com\/es\/wp-json\/wp\/v2\/types\/product"}],"replies":[{"embeddable":true,"href":"https:\/\/relogios-online.com\/es\/wp-json\/wp\/v2\/comments?post=7497"}],"version-history":[{"count":1,"href":"https:\/\/relogios-online.com\/es\/wp-json\/wp\/v2\/product\/7497\/revisions"}],"predecessor-version":[{"id":9680,"href":"https:\/\/relogios-online.com\/es\/wp-json\/wp\/v2\/product\/7497\/revisions\/9680"}],"wp:featuredmedia":[{"embeddable":true,"href":"https:\/\/relogios-online.com\/es\/wp-json\/wp\/v2\/media\/7492"}],"wp:attachment":[{"href":"https:\/\/relogios-online.com\/es\/wp-json\/wp\/v2\/media?parent=7497"}],"wp:term":[{"taxonomy":"product_brand","embeddable":true,"href":"https:\/\/relogios-online.com\/es\/wp-json\/wp\/v2\/product_brand?post=7497"},{"taxonomy":"product_cat","embeddable":true,"href":"https:\/\/relogios-online.com\/es\/wp-json\/wp\/v2\/product_cat?post=7497"},{"taxonomy":"product_tag","embeddable":true,"href":"https:\/\/relogios-online.com\/es\/wp-json\/wp\/v2\/product_tag?post=7497"}],"curies":[{"name":"wp","href":"https:\/\/api.w.org\/{rel}","templated":true}]}}