{"id":7545,"date":"2024-10-03T03:46:52","date_gmt":"2024-10-03T03:46:52","guid":{"rendered":"https:\/\/relogios-online.com\/?post_type=product&#038;p=7545"},"modified":"2025-10-17T17:19:42","modified_gmt":"2025-10-17T16:19:42","slug":"seiko-5-classic-automatic-japan-made-snkp14-snkp14j1-snkp14j-mens-watch","status":"publish","type":"product","link":"https:\/\/relogios-online.com\/es\/producto\/reloj-seiko-5-clasico-automatico-hecho-en-japon-snkp14-snkp14j1-snkp14j-para-hombre\/","title":{"rendered":"Reloj para hombre Seiko 5 Classic autom\u00e1tico fabricado en Jap\u00f3n SNKP14 SNKP14J1 SNKP14J"},"content":{"rendered":"<p>Caracter\u00edsticas:Hecho en Jap\u00f3nCaja de acero inoxidableBrazalete de acero inoxidable de dos tonosMovimiento autom\u00e1ticoCalibre: 7S2621 JoyasCristal mineralEsfera blancaPantalla anal\u00f3gicaManecillas y marcadores luminososIndicaci\u00f3n de d\u00eda y fechaCorona de tirar\/empujarVer a trav\u00e9s del fondo de la cajaCierre desplegableResistencia al agua 50MDi\u00e1metro aproximado de la caja: 43mmGrosor aproximado de la caja: 12mm<\/p>\n<p><a href=\"https:\/\/relogios-online.com\/\" target=\"_blank\" rel=\"noopener\">Ver todos los productos Autom\u00e1ticos en relogios-online.com<\/a><\/p>","protected":false},"excerpt":{"rendered":"<p>Features:Made In JapanStainless Steel CaseTwo Tone Stainless Steel BraceletAutomatic MovementCaliber: 7S2621 JewelsMineral CrystalWhite DialAnalog DisplayLuminous Hands And MarkersDay And Date<\/p>","protected":false},"featured_media":7540,"comment_status":"open","ping_status":"closed","template":"","meta":[],"product_brand":[],"product_cat":[62,20],"product_tag":[],"class_list":{"0":"post-7545","1":"product","2":"type-product","3":"status-publish","4":"has-post-thumbnail","6":"product_cat-automatico","7":"product_cat-sem-categoria","9":"first","10":"instock","11":"sale","12":"shipping-taxable","13":"purchasable","14":"product-type-variable"},"jetpack_sharing_enabled":true,"_links":{"self":[{"href":"https:\/\/relogios-online.com\/es\/wp-json\/wp\/v2\/product\/7545","targetHints":{"allow":["GET"]}}],"collection":[{"href":"https:\/\/relogios-online.com\/es\/wp-json\/wp\/v2\/product"}],"about":[{"href":"https:\/\/relogios-online.com\/es\/wp-json\/wp\/v2\/types\/product"}],"replies":[{"embeddable":true,"href":"https:\/\/relogios-online.com\/es\/wp-json\/wp\/v2\/comments?post=7545"}],"version-history":[{"count":1,"href":"https:\/\/relogios-online.com\/es\/wp-json\/wp\/v2\/product\/7545\/revisions"}],"predecessor-version":[{"id":9685,"href":"https:\/\/relogios-online.com\/es\/wp-json\/wp\/v2\/product\/7545\/revisions\/9685"}],"wp:featuredmedia":[{"embeddable":true,"href":"https:\/\/relogios-online.com\/es\/wp-json\/wp\/v2\/media\/7540"}],"wp:attachment":[{"href":"https:\/\/relogios-online.com\/es\/wp-json\/wp\/v2\/media?parent=7545"}],"wp:term":[{"taxonomy":"product_brand","embeddable":true,"href":"https:\/\/relogios-online.com\/es\/wp-json\/wp\/v2\/product_brand?post=7545"},{"taxonomy":"product_cat","embeddable":true,"href":"https:\/\/relogios-online.com\/es\/wp-json\/wp\/v2\/product_cat?post=7545"},{"taxonomy":"product_tag","embeddable":true,"href":"https:\/\/relogios-online.com\/es\/wp-json\/wp\/v2\/product_tag?post=7545"}],"curies":[{"name":"wp","href":"https:\/\/api.w.org\/{rel}","templated":true}]}}