{"id":7563,"date":"2024-10-03T03:46:26","date_gmt":"2024-10-03T03:46:26","guid":{"rendered":"https:\/\/relogios-online.com\/?post_type=product&#038;p=7563"},"modified":"2025-10-17T17:19:44","modified_gmt":"2025-10-17T16:19:44","slug":"seiko-5-sports-snzg11j1-var-ls13-japan-made-dark-blue-leather-strap-mens-watch","status":"publish","type":"product","link":"https:\/\/relogios-online.com\/es\/producto\/reloj-seiko-5-sports-snzg11j1-var-ls13-hecho-en-japon-con-correa-de-cuero-azul-oscuro-para-hombre\/","title":{"rendered":"Seiko 5 Sports SNZG11J1-var-LS13 Reloj para hombre con correa de cuero azul oscuro fabricado en Jap\u00f3n"},"content":{"rendered":"<p>Caracter\u00edsticas:Hecho en Jap\u00f3nCaja de acero inoxidableCorrea de cuero azul oscuroMovimiento autom\u00e1ticoCalibre: 7S3623 JoyasCristal HardlexEsfera azulPantalla anal\u00f3gicaPantalla de 12\/24 horasManecillas y marcadores luminososIndicaci\u00f3n de d\u00eda y fechaCorona de tirar\/empujarVer a trav\u00e9s del fondo de la cajaCierre de hebillaResistencia al agua 100MDi\u00e1metro aproximado de la caja: 42mmGrosor aproximado de la caja: 12mm<\/p>\n<p><a href=\"https:\/\/relogios-online.com\/\" target=\"_blank\" rel=\"noopener\">Ver todos los productos Autom\u00e1ticos en relogios-online.com<\/a><\/p>","protected":false},"excerpt":{"rendered":"<p>Features:Made In JapanStainless Steel CaseDark Blue Leather StrapAutomatic MovementCaliber: 7S3623 JewelsHardlex CrystalBlue DialAnalog Display12\/24 Hours DisplayLuminous Hands And MarkersDay And<\/p>","protected":false},"featured_media":7559,"comment_status":"open","ping_status":"closed","template":"","meta":[],"product_brand":[],"product_cat":[62,20],"product_tag":[],"class_list":{"0":"post-7563","1":"product","2":"type-product","3":"status-publish","4":"has-post-thumbnail","6":"product_cat-automatico","7":"product_cat-sem-categoria","9":"first","10":"instock","11":"sale","12":"shipping-taxable","13":"purchasable","14":"product-type-variable"},"jetpack_sharing_enabled":true,"_links":{"self":[{"href":"https:\/\/relogios-online.com\/es\/wp-json\/wp\/v2\/product\/7563","targetHints":{"allow":["GET"]}}],"collection":[{"href":"https:\/\/relogios-online.com\/es\/wp-json\/wp\/v2\/product"}],"about":[{"href":"https:\/\/relogios-online.com\/es\/wp-json\/wp\/v2\/types\/product"}],"replies":[{"embeddable":true,"href":"https:\/\/relogios-online.com\/es\/wp-json\/wp\/v2\/comments?post=7563"}],"version-history":[{"count":1,"href":"https:\/\/relogios-online.com\/es\/wp-json\/wp\/v2\/product\/7563\/revisions"}],"predecessor-version":[{"id":9687,"href":"https:\/\/relogios-online.com\/es\/wp-json\/wp\/v2\/product\/7563\/revisions\/9687"}],"wp:featuredmedia":[{"embeddable":true,"href":"https:\/\/relogios-online.com\/es\/wp-json\/wp\/v2\/media\/7559"}],"wp:attachment":[{"href":"https:\/\/relogios-online.com\/es\/wp-json\/wp\/v2\/media?parent=7563"}],"wp:term":[{"taxonomy":"product_brand","embeddable":true,"href":"https:\/\/relogios-online.com\/es\/wp-json\/wp\/v2\/product_brand?post=7563"},{"taxonomy":"product_cat","embeddable":true,"href":"https:\/\/relogios-online.com\/es\/wp-json\/wp\/v2\/product_cat?post=7563"},{"taxonomy":"product_tag","embeddable":true,"href":"https:\/\/relogios-online.com\/es\/wp-json\/wp\/v2\/product_tag?post=7563"}],"curies":[{"name":"wp","href":"https:\/\/api.w.org\/{rel}","templated":true}]}}