{"id":7592,"date":"2024-10-03T03:45:58","date_gmt":"2024-10-03T03:45:58","guid":{"rendered":"https:\/\/relogios-online.com\/?post_type=product&#038;p=7592"},"modified":"2025-10-17T17:19:53","modified_gmt":"2025-10-17T16:19:53","slug":"seiko-5-esportes-relacao-automatica-de-couro-marrom-escuro-snzg11k1-ls11-men-watch","status":"publish","type":"product","link":"https:\/\/relogios-online.com\/es\/producto\/reloj-seiko-5-sports-automatico-con-correa-de-piel-marron-oscuro-snzg11k1-ls11-para-hombre\/","title":{"rendered":"Reloj Seiko 5 Sports autom\u00e1tico Ratio cuero marr\u00f3n oscuro SNZG11K1-LS11 para hombre"},"content":{"rendered":"<p>Caracter\u00edsticas: Caja de acero inoxidable Correa de piel marr\u00f3n oscuro de alta calidad marca Ratio Movimiento autom\u00e1tico Calibre: 7S36 23 joyas Cristal Hardlex Esfera azul Visualizaci\u00f3n de 12\/24 horas Manecillas y marcadores luminosos Visualizaci\u00f3n de d\u00eda y fecha Corona de tirar\/empujar Fondo de caja transparente Cierre de hebilla Resistencia al agua de 100 m Di\u00e1metro aproximado de la caja: 42 mm Grosor aproximado de la caja: 12 mm<\/p>\n<p><a href=\"https:\/\/relogios-online.com\/\" target=\"_blank\" rel=\"noopener\">Ver todos los productos Autom\u00e1ticos en relogios-online.com<\/a><\/p>","protected":false},"excerpt":{"rendered":"<p>Caracter\u00edsticas: Caixa de a\u00e7o inoxid\u00e1vel Correia de couro marrom escuro da marca da rela\u00e7\u00e3o da alta qualidade Movimento Autom\u00e1tico Calibre:<\/p>","protected":false},"featured_media":7587,"comment_status":"open","ping_status":"closed","template":"","meta":[],"product_brand":[],"product_cat":[62,20],"product_tag":[],"class_list":{"0":"post-7592","1":"product","2":"type-product","3":"status-publish","4":"has-post-thumbnail","6":"product_cat-automatico","7":"product_cat-sem-categoria","9":"first","10":"instock","11":"sale","12":"shipping-taxable","13":"purchasable","14":"product-type-variable"},"jetpack_sharing_enabled":true,"_links":{"self":[{"href":"https:\/\/relogios-online.com\/es\/wp-json\/wp\/v2\/product\/7592","targetHints":{"allow":["GET"]}}],"collection":[{"href":"https:\/\/relogios-online.com\/es\/wp-json\/wp\/v2\/product"}],"about":[{"href":"https:\/\/relogios-online.com\/es\/wp-json\/wp\/v2\/types\/product"}],"replies":[{"embeddable":true,"href":"https:\/\/relogios-online.com\/es\/wp-json\/wp\/v2\/comments?post=7592"}],"version-history":[{"count":1,"href":"https:\/\/relogios-online.com\/es\/wp-json\/wp\/v2\/product\/7592\/revisions"}],"predecessor-version":[{"id":9690,"href":"https:\/\/relogios-online.com\/es\/wp-json\/wp\/v2\/product\/7592\/revisions\/9690"}],"wp:featuredmedia":[{"embeddable":true,"href":"https:\/\/relogios-online.com\/es\/wp-json\/wp\/v2\/media\/7587"}],"wp:attachment":[{"href":"https:\/\/relogios-online.com\/es\/wp-json\/wp\/v2\/media?parent=7592"}],"wp:term":[{"taxonomy":"product_brand","embeddable":true,"href":"https:\/\/relogios-online.com\/es\/wp-json\/wp\/v2\/product_brand?post=7592"},{"taxonomy":"product_cat","embeddable":true,"href":"https:\/\/relogios-online.com\/es\/wp-json\/wp\/v2\/product_cat?post=7592"},{"taxonomy":"product_tag","embeddable":true,"href":"https:\/\/relogios-online.com\/es\/wp-json\/wp\/v2\/product_tag?post=7592"}],"curies":[{"name":"wp","href":"https:\/\/api.w.org\/{rel}","templated":true}]}}