{"id":7716,"date":"2024-10-02T16:52:11","date_gmt":"2024-10-02T16:52:11","guid":{"rendered":"https:\/\/relogios-online.com\/?post_type=product&#038;p=7716"},"modified":"2025-10-17T17:20:23","modified_gmt":"2025-10-17T16:20:23","slug":"orient-bambino-versao-4-classico-automatico-fac08003a0-ac08003a-men-watch","status":"publish","type":"product","link":"https:\/\/relogios-online.com\/es\/producto\/reloj-orient-bambino-version-4-clasico-automatico-fac08003a0-ac08003a-para-hombre\/","title":{"rendered":"Reloj Orient Bambino Versi\u00f3n 4 Cl\u00e1sico Autom\u00e1tico FAC08003A0 AC08003A para hombre"},"content":{"rendered":"<p>Caracter\u00edsticas: Serie Orientar Bambino Caja de acero inoxidable Correa de cuero Calibre: F6724 Movimiento autom\u00e1tico Cristal mineral C\u00fapula Esfera gris Reserva de marcha de 40 horas Indicador de fecha Fondo de caja con tornillos Cierre Hebilla Resistente al agua hasta 30 M Di\u00e1metro aproximado de la caja: 41 mm Espesor Caja aproximada: 11,80 mm<\/p>\n<p><a href=\"https:\/\/relogios-online.com\/\" target=\"_blank\" rel=\"noopener\">Ver todos los productos Autom\u00e1ticos en relogios-online.com<\/a><\/p>","protected":false},"excerpt":{"rendered":"<p>Caracter\u00edsticas: Serie Orient Bambino Caja de acero inoxidable Correa de cuero Calibre: F6724 Movimiento autom\u00e1tico Cristal mineral<\/p>","protected":false},"featured_media":7711,"comment_status":"open","ping_status":"closed","template":"","meta":[],"product_brand":[],"product_cat":[62,20],"product_tag":[],"class_list":{"0":"post-7716","1":"product","2":"type-product","3":"status-publish","4":"has-post-thumbnail","6":"product_cat-automatico","7":"product_cat-sem-categoria","9":"first","10":"instock","11":"sale","12":"shipping-taxable","13":"purchasable","14":"product-type-variable"},"jetpack_sharing_enabled":true,"_links":{"self":[{"href":"https:\/\/relogios-online.com\/es\/wp-json\/wp\/v2\/product\/7716","targetHints":{"allow":["GET"]}}],"collection":[{"href":"https:\/\/relogios-online.com\/es\/wp-json\/wp\/v2\/product"}],"about":[{"href":"https:\/\/relogios-online.com\/es\/wp-json\/wp\/v2\/types\/product"}],"replies":[{"embeddable":true,"href":"https:\/\/relogios-online.com\/es\/wp-json\/wp\/v2\/comments?post=7716"}],"version-history":[{"count":1,"href":"https:\/\/relogios-online.com\/es\/wp-json\/wp\/v2\/product\/7716\/revisions"}],"predecessor-version":[{"id":9703,"href":"https:\/\/relogios-online.com\/es\/wp-json\/wp\/v2\/product\/7716\/revisions\/9703"}],"wp:featuredmedia":[{"embeddable":true,"href":"https:\/\/relogios-online.com\/es\/wp-json\/wp\/v2\/media\/7711"}],"wp:attachment":[{"href":"https:\/\/relogios-online.com\/es\/wp-json\/wp\/v2\/media?parent=7716"}],"wp:term":[{"taxonomy":"product_brand","embeddable":true,"href":"https:\/\/relogios-online.com\/es\/wp-json\/wp\/v2\/product_brand?post=7716"},{"taxonomy":"product_cat","embeddable":true,"href":"https:\/\/relogios-online.com\/es\/wp-json\/wp\/v2\/product_cat?post=7716"},{"taxonomy":"product_tag","embeddable":true,"href":"https:\/\/relogios-online.com\/es\/wp-json\/wp\/v2\/product_tag?post=7716"}],"curies":[{"name":"wp","href":"https:\/\/api.w.org\/{rel}","templated":true}]}}