{"id":7756,"date":"2024-10-02T16:52:03","date_gmt":"2024-10-02T16:52:03","guid":{"rendered":"https:\/\/relogios-online.com\/?post_type=product&#038;p=7756"},"modified":"2025-10-17T17:20:47","modified_gmt":"2025-10-17T16:20:47","slug":"oriente-o-relogio-dos-homens-de-coracao-aberto-fag00004d0-ag00004d","status":"publish","type":"product","link":"https:\/\/relogios-online.com\/es\/producto\/reloj-de-hombre-orient-open-heart-fag00004d0-ag00004d\/","title":{"rendered":"Reloj Orient Hombre Coraz\u00f3n Abierto FAG00004D0 AG00004D"},"content":{"rendered":"<p>Caracter\u00edsticas: Caja de acero inoxidable Correa de piel azul Movimiento autom\u00e1tico Calibre: F6T22 Cristal mineral Esfera azul N\u00fameros romanos Fondo de caja transparente Cierre de hebilla Resistencia al agua de 50 m Di\u00e1metro aproximado de la caja: 43 mm Grosor aproximado de la caja: 11,47 mm<\/p>\n<p><a href=\"https:\/\/relogios-online.com\/\" target=\"_blank\" rel=\"noopener\">Ver todos los productos Autom\u00e1ticos en relogios-online.com<\/a><\/p>","protected":false},"excerpt":{"rendered":"<p>Caracter\u00edsticas: Caixa de a\u00e7o inoxid\u00e1vel Pulseira de couro azul Movimento Autom\u00e1tico Calibre: F6T22 Cristal mineral Mostrador azul Numeral romano Veja<\/p>","protected":false},"featured_media":7751,"comment_status":"open","ping_status":"closed","template":"","meta":[],"product_brand":[],"product_cat":[62,20],"product_tag":[],"class_list":{"0":"post-7756","1":"product","2":"type-product","3":"status-publish","4":"has-post-thumbnail","6":"product_cat-automatico","7":"product_cat-sem-categoria","9":"first","10":"instock","11":"sale","12":"shipping-taxable","13":"purchasable","14":"product-type-variable"},"jetpack_sharing_enabled":true,"_links":{"self":[{"href":"https:\/\/relogios-online.com\/es\/wp-json\/wp\/v2\/product\/7756","targetHints":{"allow":["GET"]}}],"collection":[{"href":"https:\/\/relogios-online.com\/es\/wp-json\/wp\/v2\/product"}],"about":[{"href":"https:\/\/relogios-online.com\/es\/wp-json\/wp\/v2\/types\/product"}],"replies":[{"embeddable":true,"href":"https:\/\/relogios-online.com\/es\/wp-json\/wp\/v2\/comments?post=7756"}],"version-history":[{"count":1,"href":"https:\/\/relogios-online.com\/es\/wp-json\/wp\/v2\/product\/7756\/revisions"}],"predecessor-version":[{"id":9707,"href":"https:\/\/relogios-online.com\/es\/wp-json\/wp\/v2\/product\/7756\/revisions\/9707"}],"wp:featuredmedia":[{"embeddable":true,"href":"https:\/\/relogios-online.com\/es\/wp-json\/wp\/v2\/media\/7751"}],"wp:attachment":[{"href":"https:\/\/relogios-online.com\/es\/wp-json\/wp\/v2\/media?parent=7756"}],"wp:term":[{"taxonomy":"product_brand","embeddable":true,"href":"https:\/\/relogios-online.com\/es\/wp-json\/wp\/v2\/product_brand?post=7756"},{"taxonomy":"product_cat","embeddable":true,"href":"https:\/\/relogios-online.com\/es\/wp-json\/wp\/v2\/product_cat?post=7756"},{"taxonomy":"product_tag","embeddable":true,"href":"https:\/\/relogios-online.com\/es\/wp-json\/wp\/v2\/product_tag?post=7756"}],"curies":[{"name":"wp","href":"https:\/\/api.w.org\/{rel}","templated":true}]}}