{"id":7776,"date":"2024-10-02T16:51:58","date_gmt":"2024-10-02T16:51:58","guid":{"rendered":"https:\/\/relogios-online.com\/?post_type=product&#038;p=7776"},"modified":"2025-10-17T17:20:56","modified_gmt":"2025-10-17T16:20:56","slug":"orient-contemporary-automatico-22-jewels-ra-aa0c02l19b-ra-aa0c02l39b-relogio-masculino","status":"publish","type":"product","link":"https:\/\/relogios-online.com\/es\/producto\/reloj-orient-contemporary-automatico-con-22-joyas-ra-aa0c02l19b-ra-aa0c02l39b-para-hombre\/","title":{"rendered":"Reloj para hombre Orient Contemporary Autom\u00e1tico 22 joyas RA-AA0C02L19B RA-AA0C02L39B"},"content":{"rendered":"<p>Caracter\u00edsticas: Caja de acero inoxidable Brazalete de acero inoxidable Movimiento autom\u00e1tico Calibre: F6922 22 joyas Esfera azul Pantalla anal\u00f3gica Visualizaci\u00f3n de d\u00eda y fecha Corona de tirar\/presionar Fondo de caja transparente Cierre desplegable Resistencia al agua de 50 m Di\u00e1metro aproximado de la caja: 42 mm Grosor aproximado de la caja: 12 mm N\u00fameros de modelo alternativos: RA-AA0C02L, RA-AA0C02L19B, RA-AA0C02L39B<\/p>\n<p><a href=\"https:\/\/relogios-online.com\/\" target=\"_blank\" rel=\"noopener\">Ver todos los productos Autom\u00e1ticos en relogios-online.com<\/a><\/p>","protected":false},"excerpt":{"rendered":"<p>Caracter\u00edsticas: Caixa de a\u00e7o inoxid\u00e1vel Pulseira de a\u00e7o inoxid\u00e1vel Movimento Autom\u00e1tico Calibre: F6922 22 J\u00f3ias Mostrador Azul Display anal\u00f3gico Exibi\u00e7\u00e3o<\/p>","protected":false},"featured_media":7771,"comment_status":"open","ping_status":"closed","template":"","meta":[],"product_brand":[],"product_cat":[62,20],"product_tag":[],"class_list":{"0":"post-7776","1":"product","2":"type-product","3":"status-publish","4":"has-post-thumbnail","6":"product_cat-automatico","7":"product_cat-sem-categoria","9":"first","10":"instock","11":"sale","12":"shipping-taxable","13":"purchasable","14":"product-type-variable"},"jetpack_sharing_enabled":true,"_links":{"self":[{"href":"https:\/\/relogios-online.com\/es\/wp-json\/wp\/v2\/product\/7776","targetHints":{"allow":["GET"]}}],"collection":[{"href":"https:\/\/relogios-online.com\/es\/wp-json\/wp\/v2\/product"}],"about":[{"href":"https:\/\/relogios-online.com\/es\/wp-json\/wp\/v2\/types\/product"}],"replies":[{"embeddable":true,"href":"https:\/\/relogios-online.com\/es\/wp-json\/wp\/v2\/comments?post=7776"}],"version-history":[{"count":1,"href":"https:\/\/relogios-online.com\/es\/wp-json\/wp\/v2\/product\/7776\/revisions"}],"predecessor-version":[{"id":9709,"href":"https:\/\/relogios-online.com\/es\/wp-json\/wp\/v2\/product\/7776\/revisions\/9709"}],"wp:featuredmedia":[{"embeddable":true,"href":"https:\/\/relogios-online.com\/es\/wp-json\/wp\/v2\/media\/7771"}],"wp:attachment":[{"href":"https:\/\/relogios-online.com\/es\/wp-json\/wp\/v2\/media?parent=7776"}],"wp:term":[{"taxonomy":"product_brand","embeddable":true,"href":"https:\/\/relogios-online.com\/es\/wp-json\/wp\/v2\/product_brand?post=7776"},{"taxonomy":"product_cat","embeddable":true,"href":"https:\/\/relogios-online.com\/es\/wp-json\/wp\/v2\/product_cat?post=7776"},{"taxonomy":"product_tag","embeddable":true,"href":"https:\/\/relogios-online.com\/es\/wp-json\/wp\/v2\/product_tag?post=7776"}],"curies":[{"name":"wp","href":"https:\/\/api.w.org\/{rel}","templated":true}]}}