{"id":7796,"date":"2024-10-02T16:51:54","date_gmt":"2024-10-02T16:51:54","guid":{"rendered":"https:\/\/relogios-online.com\/?post_type=product&#038;p=7796"},"modified":"2025-10-17T17:21:05","modified_gmt":"2025-10-17T16:21:05","slug":"relogio-masculino-orientador-preto-mostrador-em-aco-inoxidavel-ra-aa0912b19b-200m","status":"publish","type":"product","link":"https:\/\/relogios-online.com\/es\/producto\/reloj-orient-para-hombre-esfera-negra-acero-inoxidable-ra-aa0912b19b-200-m\/","title":{"rendered":"Reloj Orientador Hombre Esfera Negra Acero Inoxidable RA-AA0912B19B 200M"},"content":{"rendered":"<p>Caracter\u00edsticas: Caja de acero inoxidable Brazalete de acero inoxidable Movimiento autom\u00e1tico Calibre: F6922 22 joyas Cristal mineral Esfera negra Pantalla anal\u00f3gica Manecillas y marcadores luminosos Visualizaci\u00f3n de d\u00eda y fecha Corona atornillada Bisel giratorio unidireccional Fondo de caja atornillado Cierre desplegable Resistencia al agua de 200 m Di\u00e1metro aproximado de la caja: 44 mm Grosor aproximado de la caja: 13 mm<\/p>\n<p><a href=\"https:\/\/relogios-online.com\/\" target=\"_blank\" rel=\"noopener\">Ver todos los productos Autom\u00e1ticos en relogios-online.com<\/a><\/p>","protected":false},"excerpt":{"rendered":"<p>Caracter\u00edsticas: Caixa de a\u00e7o inoxid\u00e1vel Pulseira de a\u00e7o inoxid\u00e1vel Movimento Autom\u00e1tico Calibre: F6922 22 joias Cristal mineral Black Dial Display<\/p>","protected":false},"featured_media":7791,"comment_status":"open","ping_status":"closed","template":"","meta":[],"product_brand":[],"product_cat":[62,20],"product_tag":[],"class_list":{"0":"post-7796","1":"product","2":"type-product","3":"status-publish","4":"has-post-thumbnail","6":"product_cat-automatico","7":"product_cat-sem-categoria","9":"first","10":"instock","11":"sale","12":"shipping-taxable","13":"purchasable","14":"product-type-variable"},"jetpack_sharing_enabled":true,"_links":{"self":[{"href":"https:\/\/relogios-online.com\/es\/wp-json\/wp\/v2\/product\/7796","targetHints":{"allow":["GET"]}}],"collection":[{"href":"https:\/\/relogios-online.com\/es\/wp-json\/wp\/v2\/product"}],"about":[{"href":"https:\/\/relogios-online.com\/es\/wp-json\/wp\/v2\/types\/product"}],"replies":[{"embeddable":true,"href":"https:\/\/relogios-online.com\/es\/wp-json\/wp\/v2\/comments?post=7796"}],"version-history":[{"count":1,"href":"https:\/\/relogios-online.com\/es\/wp-json\/wp\/v2\/product\/7796\/revisions"}],"predecessor-version":[{"id":9711,"href":"https:\/\/relogios-online.com\/es\/wp-json\/wp\/v2\/product\/7796\/revisions\/9711"}],"wp:featuredmedia":[{"embeddable":true,"href":"https:\/\/relogios-online.com\/es\/wp-json\/wp\/v2\/media\/7791"}],"wp:attachment":[{"href":"https:\/\/relogios-online.com\/es\/wp-json\/wp\/v2\/media?parent=7796"}],"wp:term":[{"taxonomy":"product_brand","embeddable":true,"href":"https:\/\/relogios-online.com\/es\/wp-json\/wp\/v2\/product_brand?post=7796"},{"taxonomy":"product_cat","embeddable":true,"href":"https:\/\/relogios-online.com\/es\/wp-json\/wp\/v2\/product_cat?post=7796"},{"taxonomy":"product_tag","embeddable":true,"href":"https:\/\/relogios-online.com\/es\/wp-json\/wp\/v2\/product_tag?post=7796"}],"curies":[{"name":"wp","href":"https:\/\/api.w.org\/{rel}","templated":true}]}}